{"id":733563,"date":"2025-08-27T22:12:19","date_gmt":"2025-08-27T19:12:19","guid":{"rendered":"https:\/\/roveyayinevi.com.tr\/index.php\/urun\/gosterge-ekonomi-politigi-hakkinda-bir-elestiri\/"},"modified":"2026-04-16T02:41:31","modified_gmt":"2026-04-15T23:41:31","slug":"gosterge-ekonomi-politigi-hakkinda-bir-elestiri","status":"publish","type":"product","link":"https:\/\/roveyayinevi.com.tr\/index.php\/urun\/gosterge-ekonomi-politigi-hakkinda-bir-elestiri\/","title":{"rendered":"G\u00f6sterge Ekonomi Politi\u011fi Hakk\u0131nda Bir Ele\u015ftiri"},"content":{"rendered":"<p>G\u00f6sterge ekonomi politi\u011finin ele\u015ftirisini yapan kuramc\u0131 say\u0131s\u0131 yok denilecek kadar azd\u0131r. Veblen ve Goblot k\u00fclt\u00fcrel s\u0131n\u0131f \u00e7\u00f6z\u00fcmlemesinin \u00f6n\u00fcn\u00fc a\u00e7an \u00e7ok \u00f6nemli isimlerdir. Bu \u00e7\u00f6z\u00fcmleme \u201cdiyalektik materyalizmin\u201d yapm\u0131\u015f oldu\u011fu \u00fcretim g\u00fc\u00e7leriyle ilgili \u00e7\u00f6z\u00fcmlemenin \u00f6tesine ge\u00e7erek g\u00f6steri\u015fe y\u00f6nelik bir de\u011ferler mant\u0131\u011f\u0131ndan s\u00f6z etmektedir. Bu mant\u0131\u011fa g\u00f6re egemen s\u0131n\u0131f toplum \u00fcst\u00fcnde kurdu\u011fu ve kodlar arac\u0131l\u0131\u011f\u0131yla s\u00fcrd\u00fcrd\u00fc\u011f\u00fc h\u00e2kimiyeti devam ettirebilmek amac\u0131yla, de\u011ferleri \u201ct\u00f6zsel a\u00e7\u0131dan de\u011fi\u015fikli\u011fe\u201d u\u011fratm\u0131\u015f ve b\u00f6ylelikle ekonomik d\u00fczende devrimler yaparak, toplumsal ili\u015fkilerde de\u011fi\u015fikli\u011fe yol a\u00e7\u0131lmas\u0131n\u0131 engellemi\u015ftir.Ekonomik d\u00fczende belirleyici olan, birikim ya da art\u0131-de\u011ferin elde edilme bi\u00e7imidir. K\u00fclt\u00fcrel g\u00f6stergeler d\u00fczeninde belirleyici olansa harcama, yani ya\u015fam\u0131n her alan\u0131na egemen olan koda boyun e\u011fip t\u00f6z de\u011fi\u015fikli\u011fine u\u011frayarak g\u00f6sterge\/de\u011fer bi\u00e7imini alan ekonomik de\u011fi\u015fim de\u011feridir. Egemen s\u0131n\u0131flar (ilkel ve geleneksel toplumlar) egemenliklerini ya her zaman g\u00f6sterge\/de\u011ferler \u00fcst\u00fcne oturtmu\u015f ya da (kapitalist burjuva d\u00fczeninde oldu\u011fu gibi) sahip olduklar\u0131 bu ekonomik ayr\u0131cal\u0131\u011f\u0131 g\u00f6stergeler arac\u0131l\u0131\u011f\u0131yla sergileyerek onlara bir a\u015fk\u0131nl\u0131k, bir kutsall\u0131k kazand\u0131rmaya \u00e7al\u0131\u015fm\u0131\u015flard\u0131r. Egemenli\u011fin en kusursuz a\u015famas\u0131 bu sonuncusudur. \u00c7\u00fcnk\u00fc s\u0131n\u0131f mant\u0131\u011f\u0131n\u0131n yerini alan bu mant\u0131k, \u00fcretim ara\u00e7lar\u0131n\u0131n m\u00fclkiyetiyle de\u011fil, anlam \u00fcretiminin denetimiyle ilgili olup maddi \u00fcretimden \u00e7ok farkl\u0131 bir \u00fcretim bi\u00e7iminin varl\u0131\u011f\u0131n\u0131 zorunlu k\u0131lmaktad\u0131r; zaten Marksist \u00e7\u00f6z\u00fcmlemenin i\u00e7inden \u00e7\u0131kamad\u0131\u011f\u0131 nokta da budur.<\/p>\n","protected":false},"excerpt":{"rendered":"<p>G\u00f6sterge ekonomi politi\u011finin ele\u015ftirisini yapan kuramc\u0131 say\u0131s\u0131 yok denilecek kadar azd\u0131r. Veblen ve Goblot k\u00fclt\u00fcrel s\u0131n\u0131f \u00e7\u00f6z\u00fcmlemesinin \u00f6n\u00fcn\u00fc a\u00e7an \u00e7ok \u00f6nemli isimlerdir. Bu \u00e7\u00f6z\u00fcmleme \u201cdiyalektik materyalizmin\u201d<span class=\"excerpt-hellip\"> [\u2026]<\/span><\/p>\n","protected":false},"featured_media":0,"template":"","meta":{"_monsterinsights_skip_tracking":false,"_monsterinsights_sitenote_active":false,"_monsterinsights_sitenote_note":"","_monsterinsights_sitenote_category":0},"product_brand":[],"product_cat":[12835,12324],"product_tag":[],"class_list":{"0":"post-733563","1":"product","2":"type-product","3":"status-publish","5":"product_cat-genel-sosyoloji","6":"product_cat-sosyoloji","7":"pa_cilt-ciltsiz","8":"pa_tur-kitap","9":"pa_yayinevi-dogu-bati-yayinlari","10":"pa_yazar-jean-baudrillard","12":"first","13":"instock","14":"sale","15":"shipping-taxable","16":"purchasable","17":"product-type-simple"},"_links":{"self":[{"href":"https:\/\/roveyayinevi.com.tr\/index.php\/wp-json\/wp\/v2\/product\/733563","targetHints":{"allow":["GET"]}}],"collection":[{"href":"https:\/\/roveyayinevi.com.tr\/index.php\/wp-json\/wp\/v2\/product"}],"about":[{"href":"https:\/\/roveyayinevi.com.tr\/index.php\/wp-json\/wp\/v2\/types\/product"}],"wp:attachment":[{"href":"https:\/\/roveyayinevi.com.tr\/index.php\/wp-json\/wp\/v2\/media?parent=733563"}],"wp:term":[{"taxonomy":"product_brand","embeddable":true,"href":"https:\/\/roveyayinevi.com.tr\/index.php\/wp-json\/wp\/v2\/product_brand?post=733563"},{"taxonomy":"product_cat","embeddable":true,"href":"https:\/\/roveyayinevi.com.tr\/index.php\/wp-json\/wp\/v2\/product_cat?post=733563"},{"taxonomy":"product_tag","embeddable":true,"href":"https:\/\/roveyayinevi.com.tr\/index.php\/wp-json\/wp\/v2\/product_tag?post=733563"}],"curies":[{"name":"wp","href":"https:\/\/api.w.org\/{rel}","templated":true}]}}