{"id":733561,"date":"2025-08-27T22:12:18","date_gmt":"2025-08-27T19:12:18","guid":{"rendered":"https:\/\/roveyayinevi.com.tr\/index.php\/urun\/simgesel-degis-tokus-ve-olum\/"},"modified":"2026-04-16T02:41:31","modified_gmt":"2026-04-15T23:41:31","slug":"simgesel-degis-tokus-ve-olum","status":"publish","type":"product","link":"https:\/\/roveyayinevi.com.tr\/index.php\/urun\/simgesel-degis-tokus-ve-olum\/","title":{"rendered":"Simgesel De\u011fi\u015f Toku\u015f ve \u00d6l\u00fcm"},"content":{"rendered":"<p>Modern toplumsal \u00f6rg\u00fctlenme bi\u00e7imi, ilkel toplumlar\u0131nki gibi, simgesel de\u011fi\u015f toku\u015f \u00fczerine oturmamaktad\u0131r. Modern toplumlar belki de bu y\u00fczden, de\u011fer yasas\u0131n\u0131n beklentilerine yan\u0131t vermeyen bu simgesel d\u00fczenden, \u00f6l\u00fcmden korkarcas\u0131na ka\u00e7maktad\u0131rlar.Marx\u2019tan bu yana belli bir devrimci d\u00fc\u015f\u00fcncenin, de\u011fer yasas\u0131ndan s\u0131yr\u0131lmaya \u00e7al\u0131\u015fm\u0131\u015f oldu\u011fundan ku\u015fku duyulamaz; ne var ki, bu uzun bir s\u00fcre \u00f6nce kitab\u0131na uydurulmu\u015f bir devrim d\u00fc\u015f\u00fcncesidir. Hi\u00e7 ku\u015fkusuz psikanaliz de bir saplant\u0131 haline getirdi\u011fi bu simgesel d\u00fczenden, onu, bireysel bir bilin\u00e7alt\u0131 i\u00e7ine t\u0131k\u0131p, Baba Yasas\u0131, i\u011fdi\u015f edilme ve g\u00f6sterilene indirgeyerek, ka\u00e7maya \u00e7al\u0131\u015fmaktad\u0131r. Simgesel d\u00fczene hep bir Yasayla kar\u015f\u0131 konulmaktad\u0131r.Bu kitap emek, moda, v\u00fccut, \u00f6l\u00fcm, \u015fiir dili gibi \u00e7e\u015fitli alanlardan yola \u00e7\u0131karak olu\u015fturduklar\u0131 bu tabloyu \u00e7\u00f6z\u00fcmlemeye \u00e7al\u0131\u015fmaktad\u0131r. Bu metin, g\u00fcn\u00fcm\u00fczde halen yerle\u015fik disiplinler olarak kabul edilen bu alanlar\u0131 birer sim\u00fclasyon modeli olarak de\u011ferlendirmekte ve \u00e7\u00f6z\u00fcmlemektedir. Hangisi do\u011frudur: ger\u00e7ekli\u011fe ayna tutmak m\u0131, yoksa kuramsal bir meydan okuma m\u0131?Verileni fazlas\u0131yla iade etme uygulamas\u0131yla s\u00fcreci tersine d\u00f6nd\u00fcrmek, de\u011fi\u015f toku\u015fu kurban etme uygulamas\u0131yla tersine \u00e7evirebilmek; zaman\u0131n d\u00f6ng\u00fcsellik, \u00fcretimin yok etme, ya\u015fam\u0131n \u00f6l\u00fcm taraf\u0131ndan tersine \u00e7evrilmesi; anagram\u0131n her dilsel terim ve de\u011feri tersine \u00e7evirmesi; sonu\u00e7 itibar\u0131yla b\u00fct\u00fcn bu alanlara egemen olan zaman, dil, ekonomik de\u011fi\u015f toku\u015flarla, birikim \u00fcst\u00fcne oturan \u00e7izgisel bir iktidar anlay\u0131\u015f\u0131na son veren bi\u00e7imin ad\u0131, tersine \u00e7evirmedir. Tersine \u00e7evirme bizim a\u00e7\u0131m\u0131zdan \u00f6lmek ve yok edilmek anlam\u0131na gelmektedir. Simgesel olan, yok edici ve \u00f6ld\u00fcr\u00fcc\u00fc bir bi\u00e7imdir.<\/p>\n","protected":false},"excerpt":{"rendered":"<p>Modern toplumsal \u00f6rg\u00fctlenme bi\u00e7imi, ilkel toplumlar\u0131nki gibi, simgesel de\u011fi\u015f toku\u015f \u00fczerine oturmamaktad\u0131r. Modern toplumlar belki de bu y\u00fczden, de\u011fer yasas\u0131n\u0131n beklentilerine yan\u0131t vermeyen bu simgesel d\u00fczenden,<span class=\"excerpt-hellip\"> [\u2026]<\/span><\/p>\n","protected":false},"featured_media":0,"template":"","meta":{"_monsterinsights_skip_tracking":false,"_monsterinsights_sitenote_active":false,"_monsterinsights_sitenote_note":"","_monsterinsights_sitenote_category":0},"product_brand":[],"product_cat":[12325,12324],"product_tag":[],"class_list":{"0":"post-733561","1":"product","2":"type-product","3":"status-publish","5":"product_cat-diger-sosyoloji","6":"product_cat-sosyoloji","7":"pa_cilt-ciltsiz","8":"pa_tur-kitap","9":"pa_yayinevi-dogu-bati-yayinlari","10":"pa_yazar-jean-baudrillard","12":"first","13":"instock","14":"sale","15":"shipping-taxable","16":"purchasable","17":"product-type-simple"},"_links":{"self":[{"href":"https:\/\/roveyayinevi.com.tr\/index.php\/wp-json\/wp\/v2\/product\/733561","targetHints":{"allow":["GET"]}}],"collection":[{"href":"https:\/\/roveyayinevi.com.tr\/index.php\/wp-json\/wp\/v2\/product"}],"about":[{"href":"https:\/\/roveyayinevi.com.tr\/index.php\/wp-json\/wp\/v2\/types\/product"}],"wp:attachment":[{"href":"https:\/\/roveyayinevi.com.tr\/index.php\/wp-json\/wp\/v2\/media?parent=733561"}],"wp:term":[{"taxonomy":"product_brand","embeddable":true,"href":"https:\/\/roveyayinevi.com.tr\/index.php\/wp-json\/wp\/v2\/product_brand?post=733561"},{"taxonomy":"product_cat","embeddable":true,"href":"https:\/\/roveyayinevi.com.tr\/index.php\/wp-json\/wp\/v2\/product_cat?post=733561"},{"taxonomy":"product_tag","embeddable":true,"href":"https:\/\/roveyayinevi.com.tr\/index.php\/wp-json\/wp\/v2\/product_tag?post=733561"}],"curies":[{"name":"wp","href":"https:\/\/api.w.org\/{rel}","templated":true}]}}