{"id":733559,"date":"2025-08-27T22:12:15","date_gmt":"2025-08-27T19:12:15","guid":{"rendered":"https:\/\/roveyayinevi.com.tr\/index.php\/urun\/farazya\/"},"modified":"2026-04-16T02:41:31","modified_gmt":"2026-04-15T23:41:31","slug":"farazya","status":"publish","type":"product","link":"https:\/\/roveyayinevi.com.tr\/index.php\/urun\/farazya\/","title":{"rendered":"Farazya"},"content":{"rendered":"<p>Y\u00fczy\u0131llard\u0131r dillendirilemeyen bir hayal ger\u00e7ek oluyor. Arslan ve Andrea \u00f6nderli\u011finde Cezayir\u2019de kurulan Korsan Cumhuriyeti herkese h\u00fcrriyet vaat ederken Muhte\u015fem S\u00fcleyman\u2019\u0131n k\u0131l\u0131c\u0131 tepelerinde sallan\u0131yor. &#8230; \u201cHac\u0131 Reis; Renegadolar\u0131n lideri\u2026 Portekiz do\u011fumlu bu \u00e7am yarmas\u0131 Kud\u00fcs\u2019e hac\u0131 olmaya giderken esir d\u00fc\u015fm\u00fc\u015f, M\u00fcsl\u00fcmanl\u0131\u011f\u0131 se\u00e7ip korsanlara kat\u0131lm\u0131\u015ft\u0131. Bir de\u011firmen ta\u015f\u0131n\u0131 and\u0131ran k\u0131ll\u0131 \u015fi\u015fkin g\u00f6be\u011fi y\u00fcz\u00fcnden \u00f6n\u00fc kapanamayan kolsuz bir yelek giyiyordu. Yensiz yele\u011finden f\u0131rlayan kollar\u0131 g\u00f6be\u011fiyle tezat, hayli kasl\u0131yd\u0131. Kendi eseri olan d\u00f6vmeleri neredeyse t\u00fcm v\u00fccudunu kapl\u0131yordu. Aln\u0131n\u0131n tam ortas\u0131ndaki hilal d\u00f6vmesi ise ustal\u0131k eseriydi. Ara s\u0131ra sarkm\u0131\u015f kulak memelerinde dans eden iki alt\u0131n halka k\u00fcpe ile oynuyordu. Koyu teninin \u00fcst\u00fcnde parlayan k\u0131r pala b\u0131y\u0131\u011f\u0131n\u0131 iki yanvdan \u00f6rm\u00fc\u015f, u\u00e7lar\u0131na mavi nazar boncuklar\u0131 tutturmu\u015ftu.\u201d<\/p>\n","protected":false},"excerpt":{"rendered":"<p>Y\u00fczy\u0131llard\u0131r dillendirilemeyen bir hayal ger\u00e7ek oluyor. Arslan ve Andrea \u00f6nderli\u011finde Cezayir\u2019de kurulan Korsan Cumhuriyeti herkese h\u00fcrriyet vaat ederken Muhte\u015fem S\u00fcleyman\u2019\u0131n k\u0131l\u0131c\u0131 tepelerinde sallan\u0131yor. &#8230; \u201cHac\u0131 Reis;<span class=\"excerpt-hellip\"> [\u2026]<\/span><\/p>\n","protected":false},"featured_media":0,"template":"","meta":{"_monsterinsights_skip_tracking":false,"_monsterinsights_sitenote_active":false,"_monsterinsights_sitenote_note":"","_monsterinsights_sitenote_category":0},"product_brand":[],"product_cat":[12291,12745],"product_tag":[],"class_list":{"0":"post-733559","1":"product","2":"type-product","3":"status-publish","5":"product_cat-edebiyat","6":"product_cat-tarihi-roman","7":"pa_cilt-ciltsiz","8":"pa_tur-kitap","9":"pa_yayinevi-abis-yayincilik","10":"pa_yazar-ozgur-vural","12":"first","13":"instock","14":"sale","15":"shipping-taxable","16":"purchasable","17":"product-type-simple"},"_links":{"self":[{"href":"https:\/\/roveyayinevi.com.tr\/index.php\/wp-json\/wp\/v2\/product\/733559","targetHints":{"allow":["GET"]}}],"collection":[{"href":"https:\/\/roveyayinevi.com.tr\/index.php\/wp-json\/wp\/v2\/product"}],"about":[{"href":"https:\/\/roveyayinevi.com.tr\/index.php\/wp-json\/wp\/v2\/types\/product"}],"wp:attachment":[{"href":"https:\/\/roveyayinevi.com.tr\/index.php\/wp-json\/wp\/v2\/media?parent=733559"}],"wp:term":[{"taxonomy":"product_brand","embeddable":true,"href":"https:\/\/roveyayinevi.com.tr\/index.php\/wp-json\/wp\/v2\/product_brand?post=733559"},{"taxonomy":"product_cat","embeddable":true,"href":"https:\/\/roveyayinevi.com.tr\/index.php\/wp-json\/wp\/v2\/product_cat?post=733559"},{"taxonomy":"product_tag","embeddable":true,"href":"https:\/\/roveyayinevi.com.tr\/index.php\/wp-json\/wp\/v2\/product_tag?post=733559"}],"curies":[{"name":"wp","href":"https:\/\/api.w.org\/{rel}","templated":true}]}}