{"id":733557,"date":"2025-08-27T22:12:13","date_gmt":"2025-08-27T19:12:13","guid":{"rendered":"https:\/\/roveyayinevi.com.tr\/index.php\/urun\/hilal-ve-zambak\/"},"modified":"2026-04-16T02:41:31","modified_gmt":"2026-04-15T23:41:31","slug":"hilal-ve-zambak","status":"publish","type":"product","link":"https:\/\/roveyayinevi.com.tr\/index.php\/urun\/hilal-ve-zambak\/","title":{"rendered":"Hilal ve Zambak"},"content":{"rendered":"<p>Hilal ve Zambak; Ke\u015fifler, R\u00f6nesans ve Reform ile birlikte d\u00f6n\u00fc\u015fmeye ba\u015flayan Kara Avrupas\u0131\u2019n\u0131n ve kendini g\u00fcc\u00fcn\u00fcn zirvesinde hisseden Osmanl\u0131&#8217;n\u0131n olu\u015fturdu\u011fu siyasal iklimde; aile ve yurtlar\u0131ndan kopart\u0131lan biri Arnavut dev\u015firmesi, di\u011feri T\u00fcrk K\u00f6lemeni iki \u00e7ocu\u011fun yeni yurt ve ya\u015famlar\u0131nda sivrilerek orduda y\u00fckselmelerini, S\u00fcleyman ve Fran\u00e7ois ittifak\u0131n\u0131n samimiyetinin tart\u0131\u015f\u0131ld\u0131\u011f\u0131 bir ortamda hafiye olarak g\u00f6revlendirildiklerinde yollar\u0131n\u0131n \u0130spanyol Engizisyonu zindanlar\u0131nda kesi\u015fmesini anlat\u0131yor. Megamorfoz \u00dc\u00e7lemesi kimlik ve kader kavramlar\u0131n\u0131, a\u015fk\u0131, intikam\u0131, sava\u015f\u0131, \u00e7aresizli\u011fi ve b\u00fcy\u00fck de\u011fi\u015fimleri irdeliyor. &#8230; \u201cLimon sar\u0131s\u0131 kesme ta\u015f kilise, naos ve yan neflerin mermer zeminine demir kap\u0131n\u0131n alt\u0131 ayak \u00fczerindeki saydam g\u00fcl pencereden s\u00fcz\u00fclen g\u00fcn \u0131\u015f\u0131\u011f\u0131 sayesinde gayet ayd\u0131nl\u0131kt\u0131. \u00dc\u00e7 adam uzunlu\u011fundaki \u00e7ift kanatl\u0131 a\u011f\u0131r kap\u0131n\u0131n hemen \u00fcst\u00fcndeki Aziz Dominik heykeli, takva sahibi H\u0131ristiyanlar\u0131 tevazu i\u00e7erisinde g\u00fcl\u00fcmseyerek i\u00e7eri buyur ediyordu.\u201d<\/p>\n","protected":false},"excerpt":{"rendered":"<p>Hilal ve Zambak; Ke\u015fifler, R\u00f6nesans ve Reform ile birlikte d\u00f6n\u00fc\u015fmeye ba\u015flayan Kara Avrupas\u0131\u2019n\u0131n ve kendini g\u00fcc\u00fcn\u00fcn zirvesinde hisseden Osmanl\u0131&#8217;n\u0131n olu\u015fturdu\u011fu siyasal iklimde; aile ve yurtlar\u0131ndan kopart\u0131lan<span class=\"excerpt-hellip\"> [\u2026]<\/span><\/p>\n","protected":false},"featured_media":0,"template":"","meta":{"_monsterinsights_skip_tracking":false,"_monsterinsights_sitenote_active":false,"_monsterinsights_sitenote_note":"","_monsterinsights_sitenote_category":0},"product_brand":[],"product_cat":[12291,12745],"product_tag":[],"class_list":{"0":"post-733557","1":"product","2":"type-product","3":"status-publish","5":"product_cat-edebiyat","6":"product_cat-tarihi-roman","7":"pa_cilt-ciltsiz","8":"pa_tur-kitap","9":"pa_yayinevi-abis-yayincilik","10":"pa_yazar-ozgur-vural","12":"first","13":"instock","14":"sale","15":"shipping-taxable","16":"purchasable","17":"product-type-simple"},"_links":{"self":[{"href":"https:\/\/roveyayinevi.com.tr\/index.php\/wp-json\/wp\/v2\/product\/733557","targetHints":{"allow":["GET"]}}],"collection":[{"href":"https:\/\/roveyayinevi.com.tr\/index.php\/wp-json\/wp\/v2\/product"}],"about":[{"href":"https:\/\/roveyayinevi.com.tr\/index.php\/wp-json\/wp\/v2\/types\/product"}],"wp:attachment":[{"href":"https:\/\/roveyayinevi.com.tr\/index.php\/wp-json\/wp\/v2\/media?parent=733557"}],"wp:term":[{"taxonomy":"product_brand","embeddable":true,"href":"https:\/\/roveyayinevi.com.tr\/index.php\/wp-json\/wp\/v2\/product_brand?post=733557"},{"taxonomy":"product_cat","embeddable":true,"href":"https:\/\/roveyayinevi.com.tr\/index.php\/wp-json\/wp\/v2\/product_cat?post=733557"},{"taxonomy":"product_tag","embeddable":true,"href":"https:\/\/roveyayinevi.com.tr\/index.php\/wp-json\/wp\/v2\/product_tag?post=733557"}],"curies":[{"name":"wp","href":"https:\/\/api.w.org\/{rel}","templated":true}]}}