{"id":733556,"date":"2025-08-27T22:12:12","date_gmt":"2025-08-27T19:12:12","guid":{"rendered":"https:\/\/roveyayinevi.com.tr\/index.php\/urun\/yol-gosteren-sozler\/"},"modified":"2026-04-16T02:41:31","modified_gmt":"2026-04-15T23:41:31","slug":"yol-gosteren-sozler","status":"publish","type":"product","link":"https:\/\/roveyayinevi.com.tr\/index.php\/urun\/yol-gosteren-sozler\/","title":{"rendered":"Yol G\u00f6steren S\u00f6zler"},"content":{"rendered":"<p>D\u00fcnyada fiyat bi\u00e7ilemeyen tek \u015fey deneyimdir\u2026   Bu kitapta, zorlu ya\u015famlar\u0131nda tecr\u00fcbe ettikleri olaylar\u0131 \u00e7arp\u0131c\u0131 s\u00f6zc\u00fcklerle ifade eden Do\u011fu, Bat\u0131 ve \u0130slam b\u00fcy\u00fcklerinin alt\u0131n de\u011ferindeki aforizmalar\u0131n\u0131 bulacaks\u0131n\u0131z\u2026   B\u00fcy\u00fck bir emekle derlenen insanl\u0131\u011f\u0131n ortak de\u011feri bilgelerinin yol g\u00f6sterici s\u00f6zleri, en karanl\u0131k anlarda bile yolunuzu ayd\u0131nlatacakt\u0131r\u2026 <\/p>\n","protected":false},"excerpt":{"rendered":"<p>D\u00fcnyada fiyat bi\u00e7ilemeyen tek \u015fey deneyimdir\u2026 Bu kitapta, zorlu ya\u015famlar\u0131nda tecr\u00fcbe ettikleri olaylar\u0131 \u00e7arp\u0131c\u0131 s\u00f6zc\u00fcklerle ifade eden Do\u011fu, Bat\u0131 ve \u0130slam b\u00fcy\u00fcklerinin alt\u0131n de\u011ferindeki aforizmalar\u0131n\u0131 bulacaks\u0131n\u0131z\u2026<span class=\"excerpt-hellip\"> [\u2026]<\/span><\/p>\n","protected":false},"featured_media":0,"template":"","meta":{"_monsterinsights_skip_tracking":false,"_monsterinsights_sitenote_active":false,"_monsterinsights_sitenote_note":"","_monsterinsights_sitenote_category":0},"product_brand":[],"product_cat":[75065,12291],"product_tag":[],"class_list":{"0":"post-733556","1":"product","2":"type-product","3":"status-publish","5":"product_cat-aforizmalar","6":"product_cat-edebiyat","7":"pa_cilt-ciltsiz","8":"pa_tur-kitap","9":"pa_yayinevi-favori-yayinlari","10":"pa_yazar-muhammed-hamasi","12":"first","13":"instock","14":"sale","15":"shipping-taxable","16":"purchasable","17":"product-type-simple"},"_links":{"self":[{"href":"https:\/\/roveyayinevi.com.tr\/index.php\/wp-json\/wp\/v2\/product\/733556","targetHints":{"allow":["GET"]}}],"collection":[{"href":"https:\/\/roveyayinevi.com.tr\/index.php\/wp-json\/wp\/v2\/product"}],"about":[{"href":"https:\/\/roveyayinevi.com.tr\/index.php\/wp-json\/wp\/v2\/types\/product"}],"wp:attachment":[{"href":"https:\/\/roveyayinevi.com.tr\/index.php\/wp-json\/wp\/v2\/media?parent=733556"}],"wp:term":[{"taxonomy":"product_brand","embeddable":true,"href":"https:\/\/roveyayinevi.com.tr\/index.php\/wp-json\/wp\/v2\/product_brand?post=733556"},{"taxonomy":"product_cat","embeddable":true,"href":"https:\/\/roveyayinevi.com.tr\/index.php\/wp-json\/wp\/v2\/product_cat?post=733556"},{"taxonomy":"product_tag","embeddable":true,"href":"https:\/\/roveyayinevi.com.tr\/index.php\/wp-json\/wp\/v2\/product_tag?post=733556"}],"curies":[{"name":"wp","href":"https:\/\/api.w.org\/{rel}","templated":true}]}}