{"id":733555,"date":"2025-08-27T22:12:11","date_gmt":"2025-08-27T19:12:11","guid":{"rendered":"https:\/\/roveyayinevi.com.tr\/index.php\/urun\/tampon-ulke-emperyalizmin-goc-stratejisi\/"},"modified":"2026-04-16T02:41:31","modified_gmt":"2026-04-15T23:41:31","slug":"tampon-ulke-emperyalizmin-goc-stratejisi","status":"publish","type":"product","link":"https:\/\/roveyayinevi.com.tr\/index.php\/urun\/tampon-ulke-emperyalizmin-goc-stratejisi\/","title":{"rendered":"Tampon \u00dclke &#8211; Emperyalizmin G\u00f6\u00e7 Stratejisi"},"content":{"rendered":"<p>T\u00fcrkiye\u2019yi Avrupa\u2019n\u0131n istilas\u0131n\u0131 \u00f6nleyen tampon \u00fclke haline getirdiler\u2026 \u00dcstelik bununla da \u00f6v\u00fcn\u00fcyorlar! Ba\u015fbakan Y\u0131ld\u0131r\u0131m 2016\u2019da \u201cT\u00fcrkiye olmasa m\u00fclteciler     Avrupa\u2019y\u0131 istila edecek\u201d diyor, Cumhurba\u015fkan\u0131 Erdo\u011fan 2019\u2019da \u201cAvrupa\u2019n\u0131n huzurunu, 4 milyon s\u0131\u011f\u0131nmac\u0131y\u0131 T\u00fcrkiye\u2019de tutmalar\u0131na\u201d ba\u011fl\u0131yor. T\u00fcrkiye\u2019yi, AB\u2019yle imzalad\u0131klar\u0131 \u201cGeri Kabul Anla\u015fmas\u0131\u201d ile \u201cg\u00f6\u00e7men deposu\u201d yapt\u0131lar. K\u00e2bil Havaliman\u0131 bek\u00e7ili\u011fi pazarl\u0131\u011f\u0131n\u0131n bir par\u00e7as\u0131 olarak da, ABD\u2019nin i\u015fbirli\u011fi yapt\u0131\u011f\u0131 Afganlara g\u00f6\u00e7 i\u00e7in i\u015faret etti\u011fi T\u00fcrkiye\u2019yi \u201cbekleme odas\u0131\u201d haline getiriyorlar. Sadece bu iki \u00f6rnek bile, T\u00fcrkiye a\u00e7\u0131s\u0131ndan g\u00f6\u00e7 meselesinin s\u0131radan bir \u201cmazlumlara kap\u0131 a\u00e7ma\u201d olay\u0131 olmad\u0131\u011f\u0131n\u0131, \u201cemperyalist bir g\u00f6\u00e7 stratejisi\u201d ile kar\u015f\u0131 kar\u015f\u0131ya oldu\u011fumuzu g\u00f6stermeye yetmektedir. Ancak\u2026 T\u00fcrkiye\u2019nin g\u00f6\u00e7 sorununun kayna\u011f\u0131, birincisi ABD ve AB\u2019nin emperyalist politikalar\u0131d\u0131r, ikincisi de o politikalarla i\u015fbirli\u011fi yapan iktidard\u0131r. Sorunun kayna\u011f\u0131 olan ABD, AB ve AKP yerine g\u00f6\u00e7menleri su\u00e7lamak ve mazlum g\u00f6\u00e7menle emperyalizm i\u015fbirlik\u00e7isi g\u00f6\u00e7meni ayn\u0131 kefeye koyarak kategorik bir g\u00f6\u00e7men kar\u015f\u0131tl\u0131\u011f\u0131 yapmak b\u00fcy\u00fck yanl\u0131\u015ft\u0131r.G\u00f6\u00e7 sorununun \u00e7\u00f6z\u00fcm\u00fc, i\u015fte bu perspektifle ba\u015flar\u2026 <\/p>\n","protected":false},"excerpt":{"rendered":"<p>T\u00fcrkiye\u2019yi Avrupa\u2019n\u0131n istilas\u0131n\u0131 \u00f6nleyen tampon \u00fclke haline getirdiler\u2026 \u00dcstelik bununla da \u00f6v\u00fcn\u00fcyorlar! Ba\u015fbakan Y\u0131ld\u0131r\u0131m 2016\u2019da \u201cT\u00fcrkiye olmasa m\u00fclteciler Avrupa\u2019y\u0131 istila edecek\u201d diyor, Cumhurba\u015fkan\u0131 Erdo\u011fan 2019\u2019da \u201cAvrupa\u2019n\u0131n<span class=\"excerpt-hellip\"> [\u2026]<\/span><\/p>\n","protected":false},"featured_media":0,"template":"","meta":{"_monsterinsights_skip_tracking":false,"_monsterinsights_sitenote_active":false,"_monsterinsights_sitenote_note":"","_monsterinsights_sitenote_category":0},"product_brand":[],"product_cat":[13590,12337],"product_tag":[],"class_list":{"0":"post-733555","1":"product","2":"type-product","3":"status-publish","5":"product_cat-arastirma-inceleme-politika-siyaset","6":"product_cat-politika-siyaset","7":"pa_cilt-ciltsiz","8":"pa_tur-kitap","9":"pa_yayinevi-kirmizi-kedi-yayinevi","10":"pa_yazar-mehmet-ali-guller","12":"first","13":"instock","14":"sale","15":"shipping-taxable","16":"purchasable","17":"product-type-simple"},"_links":{"self":[{"href":"https:\/\/roveyayinevi.com.tr\/index.php\/wp-json\/wp\/v2\/product\/733555","targetHints":{"allow":["GET"]}}],"collection":[{"href":"https:\/\/roveyayinevi.com.tr\/index.php\/wp-json\/wp\/v2\/product"}],"about":[{"href":"https:\/\/roveyayinevi.com.tr\/index.php\/wp-json\/wp\/v2\/types\/product"}],"wp:attachment":[{"href":"https:\/\/roveyayinevi.com.tr\/index.php\/wp-json\/wp\/v2\/media?parent=733555"}],"wp:term":[{"taxonomy":"product_brand","embeddable":true,"href":"https:\/\/roveyayinevi.com.tr\/index.php\/wp-json\/wp\/v2\/product_brand?post=733555"},{"taxonomy":"product_cat","embeddable":true,"href":"https:\/\/roveyayinevi.com.tr\/index.php\/wp-json\/wp\/v2\/product_cat?post=733555"},{"taxonomy":"product_tag","embeddable":true,"href":"https:\/\/roveyayinevi.com.tr\/index.php\/wp-json\/wp\/v2\/product_tag?post=733555"}],"curies":[{"name":"wp","href":"https:\/\/api.w.org\/{rel}","templated":true}]}}