{"id":733554,"date":"2025-08-27T22:12:10","date_gmt":"2025-08-27T19:12:10","guid":{"rendered":"https:\/\/roveyayinevi.com.tr\/index.php\/urun\/turkuler-bizi-soyler-sarkilar-bizi-ozler\/"},"modified":"2026-04-16T02:41:31","modified_gmt":"2026-04-15T23:41:31","slug":"turkuler-bizi-soyler-sarkilar-bizi-ozler","status":"publish","type":"product","link":"https:\/\/roveyayinevi.com.tr\/index.php\/urun\/turkuler-bizi-soyler-sarkilar-bizi-ozler\/","title":{"rendered":"T\u00fcrk\u00fcler Bizi S\u00f6yler \u015eark\u0131lar Bizi \u00d6zler"},"content":{"rendered":"<p>Yazarl\u0131k \u00e7al\u0131\u015fmalar\u0131mda; bilimci, mant\u0131k\u00e7\u0131, toplumcu, toplumsal faydac\u0131 davranmaya ve evrensel ge\u00e7erlili\u011fi olmas\u0131n\u0131 arzu etti\u011fimiz \u00f6ng\u00f6r\u00fclerle yola \u00e7\u0131kt\u0131m. Bu u\u011furda okumalar, izlemeler, tespitler ve g\u00f6zlemler yapt\u0131m. Edindi\u011fimiz bilgi ve birikimleri farkl\u0131 ifade sanatlar\u0131 ile kitapla\u015ft\u0131rarak t\u00fcm insanl\u0131\u011f\u0131n istifadesine sundum. Bu anlat\u0131mlar\u0131m k\u00e2\u011f\u0131da; deneme, \u00f6zdeyi\u015f, \u015fiir, \u00f6yk\u00fc, roman, inceleme yaz\u0131lar\u0131 olarak yans\u0131d\u0131. Bu sosyal \u00fcretim ser\u00fcvenimize \u201csanat\u201d d\u00fcnyam\u0131zdan da bir \u015feyler katmaz isek, bir tu\u011flam\u0131z eksik kalacakt\u0131. Multidisipliner bilimsel bir anlay\u0131\u015fla; insan\u0131n beden, ruh ve beynine hitap edeceksek, bu \u00e7e\u015fitlilikte, m\u00fczik ve sanat da yer almal\u0131yd\u0131. 2004 y\u0131l\u0131nda, 2 cilt olarak yay\u0131nlam\u0131\u015f oldu\u011fum, \u201cT\u00fcrk\u00fcler Bizi S\u00f6yler\u201d adl\u0131 kitab\u0131ma, \u015eark\u0131lar b\u00f6l\u00fcm\u00fc de ekleyerek, bir \u201cm\u00fczik harman\u0131\u201d olu\u015fturmay\u0131 ama\u00e7lad\u0131m. Zamanla ikinci cildini de haz\u0131rlayabilirim. Her eserin \u00fczerine ekledi\u011fimiz karekodu ile; internete ba\u011fl\u0131 olan telefonunuzdaki kamera veya QR Kod program\u0131na okutarak ilgili eseri video olarak da izleyebileceksiniz. Kitab\u0131n tamam\u0131n\u0131 okudu\u011funuzda; ne\u015fe, h\u00fcz\u00fcn, tefekk\u00fcr ikliminde dola\u015facak, g\u00f6nl\u00fcn\u00fcz\u00fcn ve zihin d\u00fcnyan\u0131z\u0131n akordunu yeniden ayarlam\u0131\u015f olacaks\u0131n\u0131z. \u00d6ncelikle t\u00fcrk\u00fcleri\/\u015fark\u0131lar\u0131 bizlere sevdiren, g\u00f6nl\u00fcm\u00fcz\u00fcn bam teline dokunan; s\u00f6z yazarlar\u0131na (kaynak ki\u015filere), bestek\u00e2rlara, eserleri yorumlayan sanat\u00e7\u0131lara, ozanlara, \u015fairlere, bu sanatta eme\u011fi ge\u00e7en herkese sonsuz te\u015fekk\u00fcr ve sayg\u0131lar sunar\u0131m. T\u00fcm eserlerin telif haklar\u0131 alt\u0131nda yazan kaynak ki\u015filere aittir.  Bu kitab\u0131 haz\u0131rlamaktaki amac\u0131m\u0131z, cep kitap\u00e7\u0131klar\u0131yla, m\u00fczik k\u00fclt\u00fcr\u00fcn\u00fc ya\u015fatmak, t\u00fcrk\u00fc\/\u015fark\u0131 dostlar\u0131na faydal\u0131 olmak ve yeni sanat dostlar\u0131 kazanmakt\u0131r.  T\u00fcrk\u00fc\/\u015fark\u0131 s\u00f6zleri haz\u0131rlan\u0131rken, yaz\u0131l\u0131 kaynaklar, repertuar, antoloji, Kaset, CD, Radyo-TV\u2019lerde yay\u0131nlanan m\u00fczik programlar\u0131ndan da istifade edilmi\u015ftir. Buna ra\u011fmen kaynak ki\u015fi, y\u00f6re ve s\u00f6zlerde noksanl\u0131k ve yanl\u0131\u015fl\u0131klar olabilir. Bu durum da bizden kaynaklanmamaktad\u0131r. Melodilerde her insan; derdine, d\u00fc\u015f\u00fcncesine, inanc\u0131na, hayattan beklentisine g\u00f6re bir mesaj bulabilir. M\u00fcmk\u00fcn oldu\u011funca her y\u00f6reden her t\u00fcrden t\u00fcrk\u00fc\/\u015fark\u0131 s\u00f6zlerini se\u00e7erek g\u00fczel bir harmanlama yapmaya \u00e7al\u0131\u015ft\u0131k. Bir de kitaplarda s\u0131k\u0131\u015f\u0131p kalm\u0131\u015f, unutulmak \u00fczere olan m\u00e2n\u00e2 y\u00fckl\u00fc t\u00fcrk\u00fclerden de kitab\u0131m\u0131za ekledik. G\u00fcn\u00fcm\u00fczde insanlar ayr\u0131 ayr\u0131 f\u00e2nuslarda adeta yaln\u0131z ya\u015famaktad\u0131rlar. Arslanlar da g\u00fcc\u00fcne g\u00fcvenir yaln\u0131z ya\u015far ama yaln\u0131z \u00f6lerek d\u00fcnyadan g\u00f6\u00e7erler. T\u00fcrk\u00fcler\/\u015fark\u0131lar bize; birlik, beraberlik, inan\u00e7, sevgi, \u00e2\u015fk, h\u00fcz\u00fcn, umut, cesaret dolu, duygulu mesajlar sunmaktad\u0131r. Herkes ihtiyac\u0131na ve k\u00fclt\u00fcr\u00fcne g\u00f6re almas\u0131 gerekeni alacakt\u0131r. Yeni cilt ve bask\u0131larda de\u011ferlendirilmek \u00fczere \u00f6nerilerinizi bekliyoruz. Bu eserle ayr\u0131ca bilim, k\u00fclt\u00fcr, d\u00fc\u015f\u00fcnce ve teknoloji d\u00fcnyam\u0131z\u0131, bir sanat molas\u0131 ile ta\u00e7land\u0131rmak istiyoruz. \u00d6ncelikli misyonumuz; y\u0131k\u0131lan sevgi kalesinin onar\u0131lmas\u0131na, kirlenen muhabbet p\u0131nar\u0131n\u0131n ar\u0131nd\u0131r\u0131lmas\u0131na, bir nebze olsun katk\u0131 sa\u011flamak. Sanata sayg\u0131 ve vefam\u0131z, umar\u0131m toplumsal bir mayaya d\u00f6n\u00fc\u015f\u00fcr. Bilim, kitap, sanat, m\u00fczik ve sevgiyle kal\u0131n. Ho\u015f\u00e7a kal\u0131n. <\/p>\n","protected":false},"excerpt":{"rendered":"<p>Yazarl\u0131k \u00e7al\u0131\u015fmalar\u0131mda; bilimci, mant\u0131k\u00e7\u0131, toplumcu, toplumsal faydac\u0131 davranmaya ve evrensel ge\u00e7erlili\u011fi olmas\u0131n\u0131 arzu etti\u011fimiz \u00f6ng\u00f6r\u00fclerle yola \u00e7\u0131kt\u0131m. Bu u\u011furda okumalar, izlemeler, tespitler ve g\u00f6zlemler yapt\u0131m. Edindi\u011fimiz<span class=\"excerpt-hellip\"> [\u2026]<\/span><\/p>\n","protected":false},"featured_media":0,"template":"","meta":{"_monsterinsights_skip_tracking":false,"_monsterinsights_sitenote_active":false,"_monsterinsights_sitenote_note":"","_monsterinsights_sitenote_category":0},"product_brand":[],"product_cat":[14591,14556],"product_tag":[],"class_list":{"0":"post-733554","1":"product","2":"type-product","3":"status-publish","5":"product_cat-genel-kavramlar-kuram-ve-tarihce","6":"product_cat-muzik","7":"pa_cilt-ciltsiz","8":"pa_tur-kitap","9":"pa_yayinevi-gulnar-yayinlari","10":"pa_yazar-ali-riza-malkoc","12":"first","13":"instock","14":"sale","15":"shipping-taxable","16":"purchasable","17":"product-type-simple"},"_links":{"self":[{"href":"https:\/\/roveyayinevi.com.tr\/index.php\/wp-json\/wp\/v2\/product\/733554","targetHints":{"allow":["GET"]}}],"collection":[{"href":"https:\/\/roveyayinevi.com.tr\/index.php\/wp-json\/wp\/v2\/product"}],"about":[{"href":"https:\/\/roveyayinevi.com.tr\/index.php\/wp-json\/wp\/v2\/types\/product"}],"wp:attachment":[{"href":"https:\/\/roveyayinevi.com.tr\/index.php\/wp-json\/wp\/v2\/media?parent=733554"}],"wp:term":[{"taxonomy":"product_brand","embeddable":true,"href":"https:\/\/roveyayinevi.com.tr\/index.php\/wp-json\/wp\/v2\/product_brand?post=733554"},{"taxonomy":"product_cat","embeddable":true,"href":"https:\/\/roveyayinevi.com.tr\/index.php\/wp-json\/wp\/v2\/product_cat?post=733554"},{"taxonomy":"product_tag","embeddable":true,"href":"https:\/\/roveyayinevi.com.tr\/index.php\/wp-json\/wp\/v2\/product_tag?post=733554"}],"curies":[{"name":"wp","href":"https:\/\/api.w.org\/{rel}","templated":true}]}}