{"id":733552,"date":"2025-08-27T22:12:07","date_gmt":"2025-08-27T19:12:07","guid":{"rendered":"https:\/\/roveyayinevi.com.tr\/index.php\/urun\/zeka-denen-sey\/"},"modified":"2026-04-16T02:41:31","modified_gmt":"2026-04-15T23:41:31","slug":"zeka-denen-sey","status":"publish","type":"product","link":"https:\/\/roveyayinevi.com.tr\/index.php\/urun\/zeka-denen-sey\/","title":{"rendered":"Zeka Denen \u015eey"},"content":{"rendered":"<p>Bunlar\u0131n hepsi, zek\u00e2n\u0131n i\u015fi!   Beynimiz h\u00e2l\u00e2 olduk\u00e7a gizemli\u2026 Ancak kesin olan bir \u015fey var: Zek\u00e2 denen \u015fey binbir \u00e7e\u015fit!   Zek\u00e2, tamamen haf\u0131za ya da mant\u0131kla ilgili de\u011fildir\u2026   Peki, zek\u00e2 kal\u0131tsal m\u0131d\u0131r? Zenginler daha m\u0131 zeki olurlar? Yapay zek\u00e2 denen \u015fey de ne? Bir zek\u00e2 k\u00fcp\u00fc olan Albert Einstein, okul y\u0131llar\u0131nda pek de parlak bir \u00f6\u011frenci de\u011fil miydi ger\u00e7ekten de?   Bu kitap sizi, zek\u00e2 denen sonsuz evreni ke\u015ffetmeye davet ediyor! <\/p>\n","protected":false},"excerpt":{"rendered":"<p>Bunlar\u0131n hepsi, zek\u00e2n\u0131n i\u015fi! Beynimiz h\u00e2l\u00e2 olduk\u00e7a gizemli\u2026 Ancak kesin olan bir \u015fey var: Zek\u00e2 denen \u015fey binbir \u00e7e\u015fit! Zek\u00e2, tamamen haf\u0131za ya da mant\u0131kla ilgili<span class=\"excerpt-hellip\"> [\u2026]<\/span><\/p>\n","protected":false},"featured_media":0,"template":"","meta":{"_monsterinsights_skip_tracking":false,"_monsterinsights_sitenote_active":false,"_monsterinsights_sitenote_note":"","_monsterinsights_sitenote_category":0},"product_brand":[],"product_cat":[12913,12274],"product_tag":[],"class_list":{"0":"post-733552","1":"product","2":"type-product","3":"status-publish","5":"product_cat-3-6-yas-kitaplari","6":"product_cat-cocuk-ve-genclik-kitaplari","7":"pa_cilt-ciltsiz","8":"pa_tur-kitap","9":"pa_yayinevi-turkuvaz-kitap","10":"pa_yazar-florence-pinaud","12":"first","13":"instock","14":"sale","15":"shipping-taxable","16":"purchasable","17":"product-type-simple"},"_links":{"self":[{"href":"https:\/\/roveyayinevi.com.tr\/index.php\/wp-json\/wp\/v2\/product\/733552","targetHints":{"allow":["GET"]}}],"collection":[{"href":"https:\/\/roveyayinevi.com.tr\/index.php\/wp-json\/wp\/v2\/product"}],"about":[{"href":"https:\/\/roveyayinevi.com.tr\/index.php\/wp-json\/wp\/v2\/types\/product"}],"wp:attachment":[{"href":"https:\/\/roveyayinevi.com.tr\/index.php\/wp-json\/wp\/v2\/media?parent=733552"}],"wp:term":[{"taxonomy":"product_brand","embeddable":true,"href":"https:\/\/roveyayinevi.com.tr\/index.php\/wp-json\/wp\/v2\/product_brand?post=733552"},{"taxonomy":"product_cat","embeddable":true,"href":"https:\/\/roveyayinevi.com.tr\/index.php\/wp-json\/wp\/v2\/product_cat?post=733552"},{"taxonomy":"product_tag","embeddable":true,"href":"https:\/\/roveyayinevi.com.tr\/index.php\/wp-json\/wp\/v2\/product_tag?post=733552"}],"curies":[{"name":"wp","href":"https:\/\/api.w.org\/{rel}","templated":true}]}}