{"id":733550,"date":"2025-08-27T22:12:05","date_gmt":"2025-08-27T19:12:05","guid":{"rendered":"https:\/\/roveyayinevi.com.tr\/index.php\/urun\/turna-ve-gayda\/"},"modified":"2026-04-16T02:41:31","modified_gmt":"2026-04-15T23:41:31","slug":"turna-ve-gayda","status":"publish","type":"product","link":"https:\/\/roveyayinevi.com.tr\/index.php\/urun\/turna-ve-gayda\/","title":{"rendered":"Turna ve Gayda"},"content":{"rendered":"<p>Edebiyat\u0131m\u0131z\u0131n \u00f6nemli isimlerinden Berat Demirci\u2019nin kitab\u0131, Turna ve Gayda ismiyle Muhit Kitap\u2019tan \u00e7\u0131kt\u0131. Unutulmaya y\u00fcz tutmu\u015f de\u011ferlerimizi kendine has \u00fcslubu ve terimleriyle anlatan yazar okura yeni \u015feyler \u00f6\u011frenmenin s\u00f6z\u00fcn\u00fc veriyor. Bir mahalle oyunundan bahsederek ba\u015flayan kitap; at ve k\u00f6peklerin \u00f6zelliklerinden, \u00e7eyiz gelene\u011finin \u00f6nemli unsurlar\u0131na; i\u011fde mevsiminden, tren istasyonlar\u0131na kadar zengin bir i\u00e7eri\u011fe uzanmaktad\u0131r. <\/p>\n","protected":false},"excerpt":{"rendered":"<p>Edebiyat\u0131m\u0131z\u0131n \u00f6nemli isimlerinden Berat Demirci\u2019nin kitab\u0131, Turna ve Gayda ismiyle Muhit Kitap\u2019tan \u00e7\u0131kt\u0131. Unutulmaya y\u00fcz tutmu\u015f de\u011ferlerimizi kendine has \u00fcslubu ve terimleriyle anlatan yazar okura yeni<span class=\"excerpt-hellip\"> [\u2026]<\/span><\/p>\n","protected":false},"featured_media":0,"template":"","meta":{"_monsterinsights_skip_tracking":false,"_monsterinsights_sitenote_active":false,"_monsterinsights_sitenote_note":"","_monsterinsights_sitenote_category":0},"product_brand":[],"product_cat":[12777,12291],"product_tag":[],"class_list":{"0":"post-733550","1":"product","2":"type-product","3":"status-publish","5":"product_cat-deneme","6":"product_cat-edebiyat","7":"pa_cilt-ciltsiz","8":"pa_tur-kitap","9":"pa_yayinevi-muhit-kitap","10":"pa_yazar-berat-demirci","12":"first","13":"instock","14":"sale","15":"shipping-taxable","16":"purchasable","17":"product-type-simple"},"_links":{"self":[{"href":"https:\/\/roveyayinevi.com.tr\/index.php\/wp-json\/wp\/v2\/product\/733550","targetHints":{"allow":["GET"]}}],"collection":[{"href":"https:\/\/roveyayinevi.com.tr\/index.php\/wp-json\/wp\/v2\/product"}],"about":[{"href":"https:\/\/roveyayinevi.com.tr\/index.php\/wp-json\/wp\/v2\/types\/product"}],"wp:attachment":[{"href":"https:\/\/roveyayinevi.com.tr\/index.php\/wp-json\/wp\/v2\/media?parent=733550"}],"wp:term":[{"taxonomy":"product_brand","embeddable":true,"href":"https:\/\/roveyayinevi.com.tr\/index.php\/wp-json\/wp\/v2\/product_brand?post=733550"},{"taxonomy":"product_cat","embeddable":true,"href":"https:\/\/roveyayinevi.com.tr\/index.php\/wp-json\/wp\/v2\/product_cat?post=733550"},{"taxonomy":"product_tag","embeddable":true,"href":"https:\/\/roveyayinevi.com.tr\/index.php\/wp-json\/wp\/v2\/product_tag?post=733550"}],"curies":[{"name":"wp","href":"https:\/\/api.w.org\/{rel}","templated":true}]}}