{"id":733549,"date":"2025-08-27T22:12:04","date_gmt":"2025-08-27T19:12:04","guid":{"rendered":"https:\/\/roveyayinevi.com.tr\/index.php\/urun\/rusya-federasyonu-ve-avrupa-birligi-ile-iliskileri-1990-1999\/"},"modified":"2026-04-16T02:41:31","modified_gmt":"2026-04-15T23:41:31","slug":"rusya-federasyonu-ve-avrupa-birligi-ile-iliskileri-1990-1999","status":"publish","type":"product","link":"https:\/\/roveyayinevi.com.tr\/index.php\/urun\/rusya-federasyonu-ve-avrupa-birligi-ile-iliskileri-1990-1999\/","title":{"rendered":"Rusya Federasyonu Ve Avrupa Birli\u011fi \u0130le \u0130li\u015fkileri \/1990-1999)"},"content":{"rendered":"<p>&#8230;Rusya\u2019n\u0131n ya\u015fad\u0131\u011f\u0131 b\u00fcy\u00fck de\u011fi\u015fim sonras\u0131 ekonomisinde ve uluslararas\u0131 ili\u015fkilerinde izlenen politikalar, etkileri ve sonu\u00e7lar\u0131 temel konu olarak al\u0131nm\u0131\u015ft\u0131r. Ayr\u0131ca, Rusya\u2019n\u0131n Avrupa i\u00e7in \u00f6nemi, ili\u015fkilerin zaman i\u00e7inde g\u00f6sterdi\u011fi de\u011fi\u015fim ve geli\u015fmeler incelenerek s\u00f6z konusu d\u00f6nemde Rusya Federasyonu\u2019nun durumunun belirlenmesi ama\u00e7lanm\u0131\u015ft\u0131r. II. D\u00fcnya Sava\u015f\u0131\u2019n\u0131n y\u0131k\u0131m\u0131 \u00fczerinde ba\u015flayan So\u011fuk Sava\u015f s\u00fcreci ve n\u00fckleer sava\u015f tehlikesi, yar\u0131m y\u00fczy\u0131l boyunca d\u00fcnya i\u00e7in \u00f6zellikle de Avrupa i\u00e7in bir k\u00e2bus olmu\u015ftur. D\u0131\u015f d\u00fcnya ile ili\u015fkisi son derece s\u0131n\u0131rl\u0131 olan SSCB\u2019nin da\u011f\u0131lmas\u0131 sonras\u0131 bu tehdidin azald\u0131\u011f\u0131, sava\u015f\u0131n ac\u0131lar\u0131ndan uzak, bar\u0131\u015f i\u00e7inde ya\u015famak idealine yakla\u015f\u0131ld\u0131\u011f\u0131 d\u00fc\u015f\u00fcn\u00fclm\u00fc\u015ft\u00fcr. 1998 y\u0131l\u0131na gelindi\u011finde Rusya\u2019n\u0131n i\u00e7ine d\u00fc\u015ft\u00fc\u011f\u00fc ekonomik kriz, Rusya\u2019n\u0131n d\u00fcnya i\u00e7in ne kadar \u00f6nemli oldu\u011funu bir kez daha hat\u0131rlatm\u0131\u015ft\u0131r. Rusya i\u00e7in \u201cbatmak i\u00e7in \u00e7ok tehlikeli\u201d kavram\u0131 kullan\u0131lm\u0131\u015ft\u0131r. N\u00fckleer silah deposu olan Rusya\u2019n\u0131n finansal problemler y\u00fcz\u00fcnden i\u00e7 kar\u0131\u015f\u0131kl\u0131klara itilmesi ve yeni bir tehdit olu\u015fturmas\u0131 Bat\u0131\u2019n\u0131n en b\u00fcy\u00fck korkular\u0131ndan&#8230; <\/p>\n","protected":false},"excerpt":{"rendered":"<p>&#8230;Rusya\u2019n\u0131n ya\u015fad\u0131\u011f\u0131 b\u00fcy\u00fck de\u011fi\u015fim sonras\u0131 ekonomisinde ve uluslararas\u0131 ili\u015fkilerinde izlenen politikalar, etkileri ve sonu\u00e7lar\u0131 temel konu olarak al\u0131nm\u0131\u015ft\u0131r. Ayr\u0131ca, Rusya\u2019n\u0131n Avrupa i\u00e7in \u00f6nemi, ili\u015fkilerin zaman i\u00e7inde<span class=\"excerpt-hellip\"> [\u2026]<\/span><\/p>\n","protected":false},"featured_media":0,"template":"","meta":{"_monsterinsights_skip_tracking":false,"_monsterinsights_sitenote_active":false,"_monsterinsights_sitenote_note":"","_monsterinsights_sitenote_category":0},"product_brand":[],"product_cat":[12337,17225],"product_tag":[],"class_list":{"0":"post-733549","1":"product","2":"type-product","3":"status-publish","5":"product_cat-politika-siyaset","6":"product_cat-uluslararasi-iliskiler","7":"pa_cilt-ciltsiz","8":"pa_tur-kitap","9":"pa_yayinevi-berikan-yayinlari","10":"pa_yazar-dilek-yigit-yuksel","12":"first","13":"instock","14":"sale","15":"shipping-taxable","16":"purchasable","17":"product-type-simple"},"_links":{"self":[{"href":"https:\/\/roveyayinevi.com.tr\/index.php\/wp-json\/wp\/v2\/product\/733549","targetHints":{"allow":["GET"]}}],"collection":[{"href":"https:\/\/roveyayinevi.com.tr\/index.php\/wp-json\/wp\/v2\/product"}],"about":[{"href":"https:\/\/roveyayinevi.com.tr\/index.php\/wp-json\/wp\/v2\/types\/product"}],"wp:attachment":[{"href":"https:\/\/roveyayinevi.com.tr\/index.php\/wp-json\/wp\/v2\/media?parent=733549"}],"wp:term":[{"taxonomy":"product_brand","embeddable":true,"href":"https:\/\/roveyayinevi.com.tr\/index.php\/wp-json\/wp\/v2\/product_brand?post=733549"},{"taxonomy":"product_cat","embeddable":true,"href":"https:\/\/roveyayinevi.com.tr\/index.php\/wp-json\/wp\/v2\/product_cat?post=733549"},{"taxonomy":"product_tag","embeddable":true,"href":"https:\/\/roveyayinevi.com.tr\/index.php\/wp-json\/wp\/v2\/product_tag?post=733549"}],"curies":[{"name":"wp","href":"https:\/\/api.w.org\/{rel}","templated":true}]}}