{"id":733548,"date":"2025-08-27T22:12:03","date_gmt":"2025-08-27T19:12:03","guid":{"rendered":"https:\/\/roveyayinevi.com.tr\/index.php\/urun\/kafkas-mitolojisi\/"},"modified":"2026-04-16T02:41:31","modified_gmt":"2026-04-15T23:41:31","slug":"kafkas-mitolojisi","status":"publish","type":"product","link":"https:\/\/roveyayinevi.com.tr\/index.php\/urun\/kafkas-mitolojisi\/","title":{"rendered":"Kafkas Mitolojisi"},"content":{"rendered":"<p>Kuzey Kafkasya halklar\u0131n\u0131n do\u011faya duyduklar\u0131 a\u015fktan ilham alan kahramanl\u0131klar\u0131, sanattan sosyal hayata, politikadan spora kadar pek \u00e7ok alana damga vurmay\u0131 ba\u015farm\u0131\u015ft\u0131r. Bug\u00fcn bak\u0131ld\u0131\u011f\u0131nda Kafkas mitolojisine dair yap\u0131lan ara\u015ft\u0131rmalar\u0131n ve incelemelerin, di\u011fer mitolojilere, destanlara ve \u00f6yk\u00fclere oranla biraz daha ihmal edildi\u011fini ve nispeten at\u0131l b\u0131rak\u0131ld\u0131\u011f\u0131n\u0131 s\u00f6yleyebiliriz. De\u011ferli Nartologlar ve tarih\u00e7iler bu konuda ciddi ara\u015ft\u0131rmalar yapm\u0131\u015f olsalar da bu mitolojinin s\u0131n\u0131rlar\u0131 dahilinde gidilmesi gereken \u00e7ok yol var. Elinizde tuttu\u011funuz kitap, Nartlar\u0131n g\u00f6rkemli d\u00fcnyas\u0131na ad\u0131m atman\u0131z i\u00e7in kolayca a\u00e7\u0131labilecek bir kap\u0131 olarak de\u011ferlendirilebilir. Uzun y\u0131llar hem Kafkas halklar\u0131na hem de \u00e7evre k\u00fclt\u00fcrlere ilham olmu\u015f bu hareketli mitolojiyi ke\u015ffetmek i\u00e7in bundan daha parlak bir f\u0131rsat olabilir mi? <\/p>\n","protected":false},"excerpt":{"rendered":"<p>Kuzey Kafkasya halklar\u0131n\u0131n do\u011faya duyduklar\u0131 a\u015fktan ilham alan kahramanl\u0131klar\u0131, sanattan sosyal hayata, politikadan spora kadar pek \u00e7ok alana damga vurmay\u0131 ba\u015farm\u0131\u015ft\u0131r. Bug\u00fcn bak\u0131ld\u0131\u011f\u0131nda Kafkas mitolojisine dair<span class=\"excerpt-hellip\"> [\u2026]<\/span><\/p>\n","protected":false},"featured_media":0,"template":"","meta":{"_monsterinsights_skip_tracking":false,"_monsterinsights_sitenote_active":false,"_monsterinsights_sitenote_note":"","_monsterinsights_sitenote_category":0},"product_brand":[],"product_cat":[12718,12858],"product_tag":[],"class_list":{"0":"post-733548","1":"product","2":"type-product","3":"status-publish","5":"product_cat-din","6":"product_cat-mitolojiler","7":"pa_cilt-ciltsiz","8":"pa_tur-kitap","9":"pa_yayinevi-kara-karga-yayinlari","10":"pa_yazar-fatih-yurur","12":"first","13":"instock","14":"sale","15":"shipping-taxable","16":"purchasable","17":"product-type-simple"},"_links":{"self":[{"href":"https:\/\/roveyayinevi.com.tr\/index.php\/wp-json\/wp\/v2\/product\/733548","targetHints":{"allow":["GET"]}}],"collection":[{"href":"https:\/\/roveyayinevi.com.tr\/index.php\/wp-json\/wp\/v2\/product"}],"about":[{"href":"https:\/\/roveyayinevi.com.tr\/index.php\/wp-json\/wp\/v2\/types\/product"}],"wp:attachment":[{"href":"https:\/\/roveyayinevi.com.tr\/index.php\/wp-json\/wp\/v2\/media?parent=733548"}],"wp:term":[{"taxonomy":"product_brand","embeddable":true,"href":"https:\/\/roveyayinevi.com.tr\/index.php\/wp-json\/wp\/v2\/product_brand?post=733548"},{"taxonomy":"product_cat","embeddable":true,"href":"https:\/\/roveyayinevi.com.tr\/index.php\/wp-json\/wp\/v2\/product_cat?post=733548"},{"taxonomy":"product_tag","embeddable":true,"href":"https:\/\/roveyayinevi.com.tr\/index.php\/wp-json\/wp\/v2\/product_tag?post=733548"}],"curies":[{"name":"wp","href":"https:\/\/api.w.org\/{rel}","templated":true}]}}