{"id":733547,"date":"2025-08-27T22:12:02","date_gmt":"2025-08-27T19:12:02","guid":{"rendered":"https:\/\/roveyayinevi.com.tr\/index.php\/urun\/ustalar-sinifi\/"},"modified":"2026-04-16T02:41:31","modified_gmt":"2026-04-15T23:41:31","slug":"ustalar-sinifi","status":"publish","type":"product","link":"https:\/\/roveyayinevi.com.tr\/index.php\/urun\/ustalar-sinifi\/","title":{"rendered":"Ustalar S\u0131n\u0131f\u0131"},"content":{"rendered":"<p>\u00c7ABAYLA DE\u011e\u0130L EYLEMLE&#8230; \u00c7abayla ve m\u00fccadeleyle ge\u00e7mi\u015f bir hayat, ziyan edilmi\u015f bir hayatt\u0131r. Ustal\u0131kla ya\u015fanamam\u0131\u015ft\u0131r. Hakk\u0131 teslim edilememi\u015ftir. Ya\u015fam deneyiminde k\u0131ymetli olan \u00e7aba ve m\u00fccadele de\u011fildir, eylemdir. Ger\u00e7ek bir usta, hayat\u0131n\u0131 \u00e7abalayarak ve m\u00fccadele ederek ge\u00e7irmez, her \u015feyi zihniyle y\u00f6netir. Ustal\u0131k, bir bilin\u00e7 seviyesidir. Hayat\u0131 \u00fcst seviyede ya\u015famak istiyorsan\u0131z, bunun ancak usta bilinciyle m\u00fcmk\u00fcn olabilece\u011fini kabul etmelisiniz. Varl\u0131kl\u0131, sa\u011fl\u0131kl\u0131 ve kaliteli bir ya\u015fam i\u00e7in e\u011fitmeniz gereken ilk ve tek alan bilin\u00e7 seviyenizdir. Ger\u00e7ek bir usta, duygular\u0131n\u0131n efendisidir. Duygusal ini\u015fleri \u00e7\u0131k\u0131\u015flar\u0131 yoktur. Ba\u015f\u0131na gelenlerle ya da maruz kald\u0131\u011f\u0131 deneyimlerle duygudan duyguya savrulmaz. Ger\u00e7ek bir usta para kazanman\u0131n pe\u015finde ko\u015fmaz, servet y\u00f6netir. Ger\u00e7ek bir usta iyile\u015fmek i\u00e7in m\u00fccadele etmez, sa\u011fl\u0131kl\u0131 ya\u015famas\u0131n\u0131 bilir. Ger\u00e7ek bir usta a\u015fkta kaybetmez. Bu kitap, zihninde ustala\u015fmak isteyenler i\u00e7in etkili ve nitelikli bir ba\u015flang\u0131\u00e7t\u0131r. Ustal\u0131k yolunda yapmak ve olmak gerekenlerin temel prensiplerini i\u00e7eren USTALAR SINIFI kitleler i\u00e7in de\u011fil, haz\u0131r olanlar i\u00e7indir. <\/p>\n","protected":false},"excerpt":{"rendered":"<p>\u00c7ABAYLA DE\u011e\u0130L EYLEMLE&#8230; \u00c7abayla ve m\u00fccadeleyle ge\u00e7mi\u015f bir hayat, ziyan edilmi\u015f bir hayatt\u0131r. Ustal\u0131kla ya\u015fanamam\u0131\u015ft\u0131r. Hakk\u0131 teslim edilememi\u015ftir. Ya\u015fam deneyiminde k\u0131ymetli olan \u00e7aba ve m\u00fccadele de\u011fildir,<span class=\"excerpt-hellip\"> [\u2026]<\/span><\/p>\n","protected":false},"featured_media":0,"template":"","meta":{"_monsterinsights_skip_tracking":false,"_monsterinsights_sitenote_active":false,"_monsterinsights_sitenote_note":"","_monsterinsights_sitenote_category":0},"product_brand":[],"product_cat":[12364,12376],"product_tag":[],"class_list":{"0":"post-733547","1":"product","2":"type-product","3":"status-publish","5":"product_cat-genel-konular","6":"product_cat-kisisel-gelisim","7":"pa_cilt-ciltsiz","8":"pa_tur-kitap","9":"pa_yayinevi-destek-yayinlari","10":"pa_yazar-nevsah-fidan-karamehmet","12":"first","13":"instock","14":"sale","15":"shipping-taxable","16":"purchasable","17":"product-type-simple"},"_links":{"self":[{"href":"https:\/\/roveyayinevi.com.tr\/index.php\/wp-json\/wp\/v2\/product\/733547","targetHints":{"allow":["GET"]}}],"collection":[{"href":"https:\/\/roveyayinevi.com.tr\/index.php\/wp-json\/wp\/v2\/product"}],"about":[{"href":"https:\/\/roveyayinevi.com.tr\/index.php\/wp-json\/wp\/v2\/types\/product"}],"wp:attachment":[{"href":"https:\/\/roveyayinevi.com.tr\/index.php\/wp-json\/wp\/v2\/media?parent=733547"}],"wp:term":[{"taxonomy":"product_brand","embeddable":true,"href":"https:\/\/roveyayinevi.com.tr\/index.php\/wp-json\/wp\/v2\/product_brand?post=733547"},{"taxonomy":"product_cat","embeddable":true,"href":"https:\/\/roveyayinevi.com.tr\/index.php\/wp-json\/wp\/v2\/product_cat?post=733547"},{"taxonomy":"product_tag","embeddable":true,"href":"https:\/\/roveyayinevi.com.tr\/index.php\/wp-json\/wp\/v2\/product_tag?post=733547"}],"curies":[{"name":"wp","href":"https:\/\/api.w.org\/{rel}","templated":true}]}}