{"id":733546,"date":"2025-08-27T22:12:02","date_gmt":"2025-08-27T19:12:02","guid":{"rendered":"https:\/\/roveyayinevi.com.tr\/index.php\/urun\/psikoloji-diyor-ki-ozgurluk-kendini-dogru-ifade-etmeyi-basaranlarindir\/"},"modified":"2026-04-16T02:41:30","modified_gmt":"2026-04-15T23:41:30","slug":"psikoloji-diyor-ki-ozgurluk-kendini-dogru-ifade-etmeyi-basaranlarindir","status":"publish","type":"product","link":"https:\/\/roveyayinevi.com.tr\/index.php\/urun\/psikoloji-diyor-ki-ozgurluk-kendini-dogru-ifade-etmeyi-basaranlarindir\/","title":{"rendered":"Psikoloji Diyor ki: \u00d6zg\u00fcrl\u00fck, Kendini Do\u011fru \u0130fade Etmeyi Ba\u015faranlar\u0131nd\u0131r"},"content":{"rendered":"<p>\u201c\u0130nsanlar\u0131 ge\u00e7imsiz yapan sevgisizliktir. Birbirine d\u00fc\u015fman eden ileti\u015fimsizliktir. G\u00fczellikten yana ne varsa yok eden ilgisizliktir.\u201d \u2014Konf\u00fc\u00e7y\u00fcs \u201cHay\u0131r\u201d Demenin En Sa\u011fl\u0131kl\u0131 Yolu Nedir? \u00d6fkeliyken ya da \u00d6fkeli Birisiyle Nas\u0131l \u0130leti\u015fim Kurulur? Narsis ve Zehirli \u0130nsanlarla Nas\u0131l Ba\u015fa \u00c7\u0131kar\u0131z? \u0130li\u015fkilerimizi Nas\u0131l En Sa\u011fl\u0131kl\u0131 Noktaya Getirebiliriz? Duygular\u0131m\u0131z\u0131 ve D\u00fc\u015f\u00fcncelerimizi En \u0130yi \u015eekilde Nas\u0131l \u0130fade Ederiz?   Bu kitapta \u00f6\u011frendiklerinizden sonra \u201cAilem, e\u015fim, sevgilim, i\u015f arkada\u015f\u0131m, patronum beni anlam\u0131yor, kendimi anlatam\u0131yorum\u201d demek yok. E\u011fer iyi bir dans\u00e7\u0131ysan\u0131z kontrol\u00fc kendi elinizde tutars\u0131n\u0131z. \u0130leti\u015fim de t\u0131pk\u0131 iki ki\u015finin dans etmesi gibidir. E\u011fer iyi dans edemezseniz sa\u011fa sola savrulursunuz ve k\u00f6t\u00fc bir g\u00f6r\u00fcnt\u00fc ortaya \u00e7\u0131kar. \u0130yi bir ileti\u015fimci her zaman kontrol\u00fc elinde tutar ve s\u00fcreci istedi\u011fi gibi y\u00f6nlendirir. Duygular\u0131m\u0131z\u0131 i\u00e7imize atmak yerine \u00f6zg\u00fcr b\u0131rakmal\u0131y\u0131z. \u0130\u00e7sel rahatl\u0131\u011f\u0131n en temel bile\u015fenlerinden birisi de duygular\u0131 payla\u015fmakt\u0131r. Uzman Klinik Psikolog Burak \u00d6ge \u00e7ok satan DUYGULARININ K\u00d6LES\u0130 OLMAYAN HAYATININ EFEND\u0130S\u0130 OLUR kitab\u0131ndan sonra bu sefer de bizlere etkili ileti\u015fimin s\u0131rlar\u0131n\u0131 aktar\u0131yor. D\u00fc\u015f\u00fcncelerinizi payla\u015ft\u0131k\u00e7a omuzlar\u0131n\u0131zdaki y\u00fckler azalacak ve \u00f6zg\u00fcrl\u00fc\u011f\u00fcn tad\u0131n\u0131 \u00e7\u0131karacaks\u0131n\u0131z. <\/p>\n","protected":false},"excerpt":{"rendered":"<p>\u201c\u0130nsanlar\u0131 ge\u00e7imsiz yapan sevgisizliktir. Birbirine d\u00fc\u015fman eden ileti\u015fimsizliktir. G\u00fczellikten yana ne varsa yok eden ilgisizliktir.\u201d \u2014Konf\u00fc\u00e7y\u00fcs \u201cHay\u0131r\u201d Demenin En Sa\u011fl\u0131kl\u0131 Yolu Nedir? \u00d6fkeliyken ya da \u00d6fkeli<span class=\"excerpt-hellip\"> [\u2026]<\/span><\/p>\n","protected":false},"featured_media":0,"template":"","meta":{"_monsterinsights_skip_tracking":false,"_monsterinsights_sitenote_active":false,"_monsterinsights_sitenote_note":"","_monsterinsights_sitenote_category":0},"product_brand":[],"product_cat":[12364,12376],"product_tag":[],"class_list":{"0":"post-733546","1":"product","2":"type-product","3":"status-publish","5":"product_cat-genel-konular","6":"product_cat-kisisel-gelisim","7":"pa_cilt-ciltsiz","8":"pa_tur-kitap","9":"pa_yayinevi-destek-yayinlari","10":"pa_yazar-burak-oge","12":"first","13":"instock","14":"sale","15":"shipping-taxable","16":"purchasable","17":"product-type-simple"},"_links":{"self":[{"href":"https:\/\/roveyayinevi.com.tr\/index.php\/wp-json\/wp\/v2\/product\/733546","targetHints":{"allow":["GET"]}}],"collection":[{"href":"https:\/\/roveyayinevi.com.tr\/index.php\/wp-json\/wp\/v2\/product"}],"about":[{"href":"https:\/\/roveyayinevi.com.tr\/index.php\/wp-json\/wp\/v2\/types\/product"}],"wp:attachment":[{"href":"https:\/\/roveyayinevi.com.tr\/index.php\/wp-json\/wp\/v2\/media?parent=733546"}],"wp:term":[{"taxonomy":"product_brand","embeddable":true,"href":"https:\/\/roveyayinevi.com.tr\/index.php\/wp-json\/wp\/v2\/product_brand?post=733546"},{"taxonomy":"product_cat","embeddable":true,"href":"https:\/\/roveyayinevi.com.tr\/index.php\/wp-json\/wp\/v2\/product_cat?post=733546"},{"taxonomy":"product_tag","embeddable":true,"href":"https:\/\/roveyayinevi.com.tr\/index.php\/wp-json\/wp\/v2\/product_tag?post=733546"}],"curies":[{"name":"wp","href":"https:\/\/api.w.org\/{rel}","templated":true}]}}