{"id":733541,"date":"2025-08-27T22:11:57","date_gmt":"2025-08-27T19:11:57","guid":{"rendered":"https:\/\/roveyayinevi.com.tr\/index.php\/urun\/dinozorlarin-sarkisi-ciltli\/"},"modified":"2026-04-16T02:41:30","modified_gmt":"2026-04-15T23:41:30","slug":"dinozorlarin-sarkisi-ciltli","status":"publish","type":"product","link":"https:\/\/roveyayinevi.com.tr\/index.php\/urun\/dinozorlarin-sarkisi-ciltli\/","title":{"rendered":"Dinozorlar\u0131n \u015eark\u0131s\u0131 (Ciltli)"},"content":{"rendered":"<p>T-Rex&#8217;in m\u0131r\u0131ldand\u0131\u011f\u0131 \u015fark\u0131y\u0131 duyuyor musunuz? Tarih \u00f6ncesi ya\u015fama melodik bir pencereden bakan Dinozorlar\u0131n \u015eark\u0131s\u0131; ilk \u00f6rnekleri g\u00fcn \u0131\u015f\u0131\u011f\u0131ndan uzak derin denizlerde g\u00f6r\u00fclen, zamanla karaya ve hatta havaya uzan\u0131p neredeyse b\u00fct\u00fcn yerk\u00fcreye h\u00fckmeden dinozorlar\u0131n evrimi hakk\u0131nda hem e\u011flenceli hem de bilgilendirici bir anlat\u0131 sunuyor.Yirmiden fazla dinozor t\u00fcr\u00fcn\u00fc sayfalar\u0131na ta\u015f\u0131yarak her birini kendi habitat\u0131 i\u00e7inde ele alan kitap, yaln\u0131zca g\u00fc\u00e7l\u00fclerin hayatta kalabilece\u011fi bir d\u00fcnya d\u00fczeni \u00fczerine d\u00fc\u015f\u00fcnd\u00fcr\u00fcyor.T\u00fcrlerin devaml\u0131l\u0131\u011f\u0131n\u0131 miniklerin kolayca anlayabilece\u011fi bir dille aktaran Dinozorlar\u0131n \u015eark\u0131s\u0131, fosil bilime ilgi uyand\u0131r\u0131yor, evrimle\u015ferek gittik\u00e7e k\u00fc\u00e7\u00fclen ve g\u00fcn\u00fcm\u00fcze kadar ula\u015fmay\u0131 ba\u015faran dinozor t\u00fcrevi di\u011fer hayvanlar\u0131 ara\u015ft\u0131rmaya heveslendiriyor. Plateosaurus, stegosaurus, ankylosaurus, tyrannosaurus ve daha niceleri&#8230; Dinozorlar \u00e2leminden y\u00fckselen ne\u015feli bir \u015fark\u0131 yeri g\u00f6\u011f\u00fc inletiyor! \u00c7arp\u0131\u015f\u0131p, d\u00f6v\u00fc\u015f\u00fcp, ko\u015fturup; milyonlarca y\u0131l s\u00fcrecek bir egemenli\u011fi m\u00fcjdeliyor.   Geriye sonsuza dek s\u00fcrecek, \u201csars\u0131c\u0131\u201d bir destan b\u0131rak\u0131yor&#8230; Gelmi\u015f ge\u00e7mi\u015f en \u00fcrk\u00fct\u00fcc\u00fc hayvan t\u00fcr\u00fc olarak an\u0131lan dinozorlara ve h\u00fck\u00fcm s\u00fcrd\u00fckleri koca bir \u00e7a\u011fa dair ak\u0131lda kal\u0131c\u0131 detaylar payla\u015fan Dinozorlar\u0131n \u015eark\u0131s\u0131, en k\u00fc\u00e7\u00fc\u011f\u00fc on metreden b\u00fcy\u00fck olan bu y\u0131rt\u0131c\u0131 yarat\u0131klar\u0131n ya\u015fam \u015fekilleriyle ilgili ilgin\u00e7 bilgiler aktar\u0131yor.   As\u0131rlara s\u0131\u011fmayan bir d\u00f6nemi, kulaklar\u0131n pas\u0131n\u0131 silecek bir \u015fark\u0131 e\u015fli\u011finde anlatan eser; ritmik dili, etkileyici resimleri ve ciltli bask\u0131s\u0131yla her \u00e7ocu\u011fun k\u00fct\u00fcphanesinde bulunmas\u0131 gereken, olmazsa olmaz kitaplardan.<\/p>\n","protected":false},"excerpt":{"rendered":"<p>T-Rex&#8217;in m\u0131r\u0131ldand\u0131\u011f\u0131 \u015fark\u0131y\u0131 duyuyor musunuz? Tarih \u00f6ncesi ya\u015fama melodik bir pencereden bakan Dinozorlar\u0131n \u015eark\u0131s\u0131; ilk \u00f6rnekleri g\u00fcn \u0131\u015f\u0131\u011f\u0131ndan uzak derin denizlerde g\u00f6r\u00fclen, zamanla karaya ve hatta<span class=\"excerpt-hellip\"> [\u2026]<\/span><\/p>\n","protected":false},"featured_media":0,"template":"","meta":{"_monsterinsights_skip_tracking":false,"_monsterinsights_sitenote_active":false,"_monsterinsights_sitenote_note":"","_monsterinsights_sitenote_category":0},"product_brand":[],"product_cat":[12913,12274],"product_tag":[],"class_list":{"0":"post-733541","1":"product","2":"type-product","3":"status-publish","5":"product_cat-3-6-yas-kitaplari","6":"product_cat-cocuk-ve-genclik-kitaplari","7":"pa_cilt-ciltli","8":"pa_tur-kitap","9":"pa_yayinevi-ucanbalik-yayincilik","10":"pa_yazar-patricia-hegarty","12":"first","13":"instock","14":"sale","15":"shipping-taxable","16":"purchasable","17":"product-type-simple"},"_links":{"self":[{"href":"https:\/\/roveyayinevi.com.tr\/index.php\/wp-json\/wp\/v2\/product\/733541","targetHints":{"allow":["GET"]}}],"collection":[{"href":"https:\/\/roveyayinevi.com.tr\/index.php\/wp-json\/wp\/v2\/product"}],"about":[{"href":"https:\/\/roveyayinevi.com.tr\/index.php\/wp-json\/wp\/v2\/types\/product"}],"wp:attachment":[{"href":"https:\/\/roveyayinevi.com.tr\/index.php\/wp-json\/wp\/v2\/media?parent=733541"}],"wp:term":[{"taxonomy":"product_brand","embeddable":true,"href":"https:\/\/roveyayinevi.com.tr\/index.php\/wp-json\/wp\/v2\/product_brand?post=733541"},{"taxonomy":"product_cat","embeddable":true,"href":"https:\/\/roveyayinevi.com.tr\/index.php\/wp-json\/wp\/v2\/product_cat?post=733541"},{"taxonomy":"product_tag","embeddable":true,"href":"https:\/\/roveyayinevi.com.tr\/index.php\/wp-json\/wp\/v2\/product_tag?post=733541"}],"curies":[{"name":"wp","href":"https:\/\/api.w.org\/{rel}","templated":true}]}}