{"id":733540,"date":"2025-08-27T22:11:55","date_gmt":"2025-08-27T19:11:55","guid":{"rendered":"https:\/\/roveyayinevi.com.tr\/index.php\/urun\/duzenli-olmanin-yollari\/"},"modified":"2026-04-03T02:48:49","modified_gmt":"2026-04-02T23:48:49","slug":"duzenli-olmanin-yollari","status":"publish","type":"product","link":"https:\/\/roveyayinevi.com.tr\/index.php\/urun\/duzenli-olmanin-yollari\/","title":{"rendered":"D\u00fczenli Olman\u0131n Yollar\u0131"},"content":{"rendered":"<p>Du\u0308zen, tertip konusunda do\u011fu\u015ftan farkl\u0131 e\u011filimlere sahip oldu\u011fumuz bir ger\u00e7ek, fakat bu e\u011filimleri de\u011fi\u015ftiremeyece\u011fimizi du\u0308\u015fu\u0308nmek de bir o kadar yanl\u0131\u015f.   Yap\u0131lacak i\u015fler listeniz g\u00fcn\u00fcn sonunda ilk halinden daha uzun mu oluyor? Dikkatiniz \u00e7ok kolay da\u011f\u0131l\u0131yor ve hi\u00e7bir \u015feye uzun s\u00fcre odaklanam\u0131yor musunuz? Hayat\u0131n\u0131z\u0131n baz\u0131 alanlar\u0131na zaman\u0131n\u0131z\u0131 ve dikkatinizi gere\u011finden fazla harcad\u0131\u011f\u0131n\u0131z\u0131 m\u0131 hissediyorsunuz? Severek yapmad\u0131\u011f\u0131n\u0131z i\u015fleri erteleme e\u011filiminde misiniz?   D\u00fczenli Olman\u0131n Yollar\u0131, etkili organizasyon becerileri geli\u015ftirmenize ve \u00e7al\u0131\u015fma \u015feklinizi \u00f6nemli \u00f6l\u00e7\u00fcde iyile\u015ftirmenize yard\u0131mc\u0131 olacak pratik bir rehber. Karma\u015f\u0131k sorunlar\u0131 g\u00f6rme, olumlu al\u0131\u015fkanl\u0131klar edinme, a\u015f\u0131r\u0131 bilgi y\u00fcklemesinden ka\u00e7\u0131nma, dikkat da\u011f\u0131t\u0131c\u0131lar\u0131n ve ertelemecili\u011fin \u00fcstesinden gelme, \u00e7al\u0131\u015fma alan\u0131n\u0131 ve dosyalama sistemlerini d\u00fczenleme, teknolojiyi etkili bir \u015fekilde kullanma ve evden \u00e7al\u0131\u015fman\u0131n zorluklar\u0131yla ba\u015fa \u00e7\u0131kma konusunda \u00f6nemli ipu\u00e7lar\u0131 i\u00e7eriyor.   John Caunt, bu kitapta sundu\u011fu pratik al\u0131\u015ft\u0131rmalar, kullan\u0131\u015fl\u0131 \u015fablonlar ve d\u00fczenli olman\u0131za yard\u0131mc\u0131 olacak y\u00f6ntemlerle i\u015f y\u00fck\u00fcn\u00fcz\u00fc kontrol alt\u0131na alman\u0131z, stres ve yorgunlu\u011fu azaltman\u0131z ve ger\u00e7ekten \u00f6nemli olan \u015feylere zaman ay\u0131rman\u0131z i\u00e7in kapsaml\u0131 bir \u00e7al\u0131\u015fma alan\u0131 sa\u011fl\u0131yor<\/p>\n","protected":false},"excerpt":{"rendered":"<p>Du\u0308zen, tertip konusunda do\u011fu\u015ftan farkl\u0131 e\u011filimlere sahip oldu\u011fumuz bir ger\u00e7ek, fakat bu e\u011filimleri de\u011fi\u015ftiremeyece\u011fimizi du\u0308\u015fu\u0308nmek de bir o kadar yanl\u0131\u015f. Yap\u0131lacak i\u015fler listeniz g\u00fcn\u00fcn sonunda ilk<span class=\"excerpt-hellip\"> [\u2026]<\/span><\/p>\n","protected":false},"featured_media":0,"template":"","meta":{"_monsterinsights_skip_tracking":false,"_monsterinsights_sitenote_active":false,"_monsterinsights_sitenote_note":"","_monsterinsights_sitenote_category":0},"product_brand":[],"product_cat":[12364,12376],"product_tag":[],"class_list":{"0":"post-733540","1":"product","2":"type-product","3":"status-publish","5":"product_cat-genel-konular","6":"product_cat-kisisel-gelisim","7":"pa_cilt-ciltsiz","8":"pa_tur-kitap","9":"pa_yayinevi-nova-kitap","10":"pa_yazar-john-caunt","12":"first","13":"instock","14":"sale","15":"shipping-taxable","16":"purchasable","17":"product-type-simple"},"_links":{"self":[{"href":"https:\/\/roveyayinevi.com.tr\/index.php\/wp-json\/wp\/v2\/product\/733540","targetHints":{"allow":["GET"]}}],"collection":[{"href":"https:\/\/roveyayinevi.com.tr\/index.php\/wp-json\/wp\/v2\/product"}],"about":[{"href":"https:\/\/roveyayinevi.com.tr\/index.php\/wp-json\/wp\/v2\/types\/product"}],"wp:attachment":[{"href":"https:\/\/roveyayinevi.com.tr\/index.php\/wp-json\/wp\/v2\/media?parent=733540"}],"wp:term":[{"taxonomy":"product_brand","embeddable":true,"href":"https:\/\/roveyayinevi.com.tr\/index.php\/wp-json\/wp\/v2\/product_brand?post=733540"},{"taxonomy":"product_cat","embeddable":true,"href":"https:\/\/roveyayinevi.com.tr\/index.php\/wp-json\/wp\/v2\/product_cat?post=733540"},{"taxonomy":"product_tag","embeddable":true,"href":"https:\/\/roveyayinevi.com.tr\/index.php\/wp-json\/wp\/v2\/product_tag?post=733540"}],"curies":[{"name":"wp","href":"https:\/\/api.w.org\/{rel}","templated":true}]}}