{"id":733539,"date":"2025-08-27T22:11:54","date_gmt":"2025-08-27T19:11:54","guid":{"rendered":"https:\/\/roveyayinevi.com.tr\/index.php\/urun\/benim-mukemmel-hatalarim\/"},"modified":"2026-04-16T02:41:30","modified_gmt":"2026-04-15T23:41:30","slug":"benim-mukemmel-hatalarim","status":"publish","type":"product","link":"https:\/\/roveyayinevi.com.tr\/index.php\/urun\/benim-mukemmel-hatalarim\/","title":{"rendered":"Benim M\u00fckemmel Hatalar\u0131m"},"content":{"rendered":"<p>Dicle Keskino\u011flu\u2019ndan \u00f6zg\u00fcn, \u00f6zg\u00fcr ve kendin olmaya dair, d\u00fc\u015f\u00fcnd\u00fcren ve g\u00fcld\u00fcren bir hik\u00e2ye&#8230;   S\u00fcrpriz, d\u00fczenli ve disiplinli annesiyle ablas\u0131ndan farkl\u0131 olarak onlar\u0131n \u201chata\u201d diye adland\u0131rd\u0131\u011f\u0131 \u015feyleri s\u0131k\u00e7a yapan bir \u00e7ocuktu. \u0130stedi\u011fi zaman istedi\u011fi gibi giyinmek, g\u00f6nl\u00fcnce oynay\u0131p \u00fczerini kirletmek, duygular\u0131n\u0131 \u00f6zg\u00fcrce, a\u00e7\u0131k\u00e7a ya\u015famak gibi \u00f6zellikleri vard\u0131. Bir g\u00fcn okulda, daha \u00f6nce kitaplarda g\u00f6rd\u00fcklerine hi\u00e7 benzemeyen bir maymunla kar\u015f\u0131la\u015ft\u0131. Onun d\u00fczensiz benekli g\u00f6r\u00fcnt\u00fcs\u00fc ve k\u0131v\u0131rc\u0131k t\u00fcyleri S\u00fcrpriz\u2019e birini hat\u0131rlat\u0131yordu: kendisini. Maymun \u00dct\u00fcs\u00fcz\u2019le ge\u00e7irdi\u011fi zamanlar bu k\u00fc\u00e7\u00fck k\u0131zda unutulmaz hat\u0131ralar yaratacak ve ya\u015fanan olaylar benzersiz ikiliyi birbirine daha da s\u0131k\u0131 ba\u011flayacakt\u0131. <\/p>\n","protected":false},"excerpt":{"rendered":"<p>Dicle Keskino\u011flu\u2019ndan \u00f6zg\u00fcn, \u00f6zg\u00fcr ve kendin olmaya dair, d\u00fc\u015f\u00fcnd\u00fcren ve g\u00fcld\u00fcren bir hik\u00e2ye&#8230; S\u00fcrpriz, d\u00fczenli ve disiplinli annesiyle ablas\u0131ndan farkl\u0131 olarak onlar\u0131n \u201chata\u201d diye adland\u0131rd\u0131\u011f\u0131 \u015feyleri<span class=\"excerpt-hellip\"> [\u2026]<\/span><\/p>\n","protected":false},"featured_media":0,"template":"","meta":{"_monsterinsights_skip_tracking":false,"_monsterinsights_sitenote_active":false,"_monsterinsights_sitenote_note":"","_monsterinsights_sitenote_category":0},"product_brand":[],"product_cat":[12275,12274],"product_tag":[],"class_list":{"0":"post-733539","1":"product","2":"type-product","3":"status-publish","5":"product_cat-6-12-yas-kitaplari","6":"product_cat-cocuk-ve-genclik-kitaplari","7":"pa_cilt-ciltsiz","8":"pa_tur-kitap","9":"pa_yayinevi-ithaki-yayinlari","10":"pa_yazar-dicle-keskinoglu","12":"first","13":"instock","14":"sale","15":"shipping-taxable","16":"purchasable","17":"product-type-simple"},"_links":{"self":[{"href":"https:\/\/roveyayinevi.com.tr\/index.php\/wp-json\/wp\/v2\/product\/733539","targetHints":{"allow":["GET"]}}],"collection":[{"href":"https:\/\/roveyayinevi.com.tr\/index.php\/wp-json\/wp\/v2\/product"}],"about":[{"href":"https:\/\/roveyayinevi.com.tr\/index.php\/wp-json\/wp\/v2\/types\/product"}],"wp:attachment":[{"href":"https:\/\/roveyayinevi.com.tr\/index.php\/wp-json\/wp\/v2\/media?parent=733539"}],"wp:term":[{"taxonomy":"product_brand","embeddable":true,"href":"https:\/\/roveyayinevi.com.tr\/index.php\/wp-json\/wp\/v2\/product_brand?post=733539"},{"taxonomy":"product_cat","embeddable":true,"href":"https:\/\/roveyayinevi.com.tr\/index.php\/wp-json\/wp\/v2\/product_cat?post=733539"},{"taxonomy":"product_tag","embeddable":true,"href":"https:\/\/roveyayinevi.com.tr\/index.php\/wp-json\/wp\/v2\/product_tag?post=733539"}],"curies":[{"name":"wp","href":"https:\/\/api.w.org\/{rel}","templated":true}]}}