{"id":733538,"date":"2025-08-27T22:11:54","date_gmt":"2025-08-27T19:11:54","guid":{"rendered":"https:\/\/roveyayinevi.com.tr\/index.php\/urun\/sofra-hazir-cancagizim\/"},"modified":"2026-04-16T02:41:30","modified_gmt":"2026-04-15T23:41:30","slug":"sofra-hazir-cancagizim","status":"publish","type":"product","link":"https:\/\/roveyayinevi.com.tr\/index.php\/urun\/sofra-hazir-cancagizim\/","title":{"rendered":"Sofra Haz\u0131r Canca\u011f\u0131z\u0131m"},"content":{"rendered":"<p>\u201c\u00c7ocukken sevdi\u011fim \u015feylerden biri, pastel boya ile yumurtalara g\u00f6z ve g\u00f6zl\u00fck \u00e7izmekti. Yumurtalara \u00e7izdi\u011fim g\u00f6zlerin kendi g\u00f6zlerim oldu\u011funu d\u00fc\u015f\u00fcn\u00fcrd\u00fcm o zamanlar hep. K\u0131r\u0131l\u0131rlarsa k\u00f6r olaca\u011f\u0131mdan korkard\u0131m. \u015eimdilerde bazen buzdolab\u0131nda bana bakan yumurtalarla g\u00f6z g\u00f6ze geliyor, g\u00fcl\u00fcms\u00fcyorum. Onlara ka\u015f, g\u00f6z ve a\u011f\u0131z \u00e7iziyor, sonra yine g\u00fcl\u00fcms\u00fcyorum. G\u00f6zlerim, geride b\u0131rakt\u0131\u011f\u0131m uzun y\u0131llar nedeniyle bozulmaya ba\u015flam\u0131\u015f olsa da buzdolab\u0131n\u0131 her a\u00e7\u0131\u015f\u0131mda g\u00f6rd\u00fc\u011f\u00fcm yumurtalar bana h\u00e2l\u00e2 \u00e7ocuklu\u011fumu ve sevdiklerimi hat\u0131rlat\u0131yor \u00e7\u00fcnk\u00fc,\u201d diye yaz\u0131yor B. Funda S\u00fczer ve mutfaklarda ge\u00e7en an\u0131lar\u0131n\u0131 ola\u011fan\u00fcst\u00fc hik\u00e2yelere d\u00f6n\u00fc\u015ft\u00fcr\u00fcyor.    Nar yemek i\u00e7in senede bir g\u00fcn \u00e7ocuklar\u0131n\u0131n ruhlar\u0131n\u0131 bah\u00e7eye toplayan bir kad\u0131n\u2026 Sahanda pi\u015fmi\u015f yumurtan\u0131n sar\u0131s\u0131 gibi do\u011fan g\u00fcne\u015f\u2026 Bir yemek kitab\u0131n\u0131n sayfalar\u0131 aras\u0131na da\u011f\u0131lmak i\u00e7in, terzili\u011fi b\u0131rakm\u0131\u015f olan bir annenin diki\u015f kutusunda bekleyen d\u00fc\u011fmeler\u2026 Freni patlam\u0131\u015f, bo\u015f \u00e7uvallarla dolu bir kahve kamyonu gibi gelen \u201c\u00c7aydanl\u0131k F\u0131rt\u0131nas\u0131&#8230;\u201d Evde ne zaman bu Rumeli yeme\u011fi yap\u0131lsa, Bekta\u015fi b\u0131y\u0131klar\u0131n\u0131n kenar\u0131ndaki \u00e7orba damlalar\u0131 hat\u0131rlanan day\u0131\u2026 G\u00f6ky\u00fcz\u00fc, i\u00e7inde domates kaynayan kazan\u0131n karas\u0131 rengini ald\u0131\u011f\u0131nda, prova mankenine giydirilmi\u015f gelinli\u011fin \u00fcst\u00fcne s\u0131\u00e7rayan domates suyu\u2026 \u201cBen annemin bir mutfak cazc\u0131s\u0131 oldu\u011funu, yaprak sarma kokusunun iyiden iyiye, hatta s\u00fcrekli \u00f6zlenir h\u00e2le geldi\u011fi ya\u015flarda anlad\u0131m,\u201d diyen B. Funda S\u00fczer, kurdu\u011fu sofralardaki lezzet \u015f\u00f6lenini s\u00f6zc\u00fckleri de pi\u015firerek bu kitaba ta\u015f\u0131m\u0131\u015f. Akl\u0131n\u0131za ve g\u00f6z\u00fcn\u00fcze afiyet\u2026   <\/p>\n","protected":false},"excerpt":{"rendered":"<p>\u201c\u00c7ocukken sevdi\u011fim \u015feylerden biri, pastel boya ile yumurtalara g\u00f6z ve g\u00f6zl\u00fck \u00e7izmekti. Yumurtalara \u00e7izdi\u011fim g\u00f6zlerin kendi g\u00f6zlerim oldu\u011funu d\u00fc\u015f\u00fcn\u00fcrd\u00fcm o zamanlar hep. K\u0131r\u0131l\u0131rlarsa k\u00f6r olaca\u011f\u0131mdan korkard\u0131m.<span class=\"excerpt-hellip\"> [\u2026]<\/span><\/p>\n","protected":false},"featured_media":0,"template":"","meta":{"_monsterinsights_skip_tracking":false,"_monsterinsights_sitenote_active":false,"_monsterinsights_sitenote_note":"","_monsterinsights_sitenote_category":0},"product_brand":[],"product_cat":[12458,12457],"product_tag":[],"class_list":{"0":"post-733538","1":"product","2":"type-product","3":"status-publish","5":"product_cat-turk-mutfagi","6":"product_cat-yemek-kitaplari","7":"pa_cilt-ciltsiz","8":"pa_tur-kitap","9":"pa_yayinevi-muptela-yayinevi","10":"pa_yazar-b-funda-suzer","12":"first","13":"instock","14":"sale","15":"shipping-taxable","16":"purchasable","17":"product-type-simple"},"_links":{"self":[{"href":"https:\/\/roveyayinevi.com.tr\/index.php\/wp-json\/wp\/v2\/product\/733538","targetHints":{"allow":["GET"]}}],"collection":[{"href":"https:\/\/roveyayinevi.com.tr\/index.php\/wp-json\/wp\/v2\/product"}],"about":[{"href":"https:\/\/roveyayinevi.com.tr\/index.php\/wp-json\/wp\/v2\/types\/product"}],"wp:attachment":[{"href":"https:\/\/roveyayinevi.com.tr\/index.php\/wp-json\/wp\/v2\/media?parent=733538"}],"wp:term":[{"taxonomy":"product_brand","embeddable":true,"href":"https:\/\/roveyayinevi.com.tr\/index.php\/wp-json\/wp\/v2\/product_brand?post=733538"},{"taxonomy":"product_cat","embeddable":true,"href":"https:\/\/roveyayinevi.com.tr\/index.php\/wp-json\/wp\/v2\/product_cat?post=733538"},{"taxonomy":"product_tag","embeddable":true,"href":"https:\/\/roveyayinevi.com.tr\/index.php\/wp-json\/wp\/v2\/product_tag?post=733538"}],"curies":[{"name":"wp","href":"https:\/\/api.w.org\/{rel}","templated":true}]}}