{"id":733536,"date":"2025-08-27T22:11:51","date_gmt":"2025-08-27T19:11:51","guid":{"rendered":"https:\/\/roveyayinevi.com.tr\/index.php\/urun\/1984-20\/"},"modified":"2026-04-16T02:41:30","modified_gmt":"2026-04-15T23:41:30","slug":"1984-20","status":"publish","type":"product","link":"https:\/\/roveyayinevi.com.tr\/index.php\/urun\/1984-20\/","title":{"rendered":"1984"},"content":{"rendered":"<p>Londra, 1984. Winston Smith bir Parti \u00e7al\u0131\u015fan\u0131yd\u0131 ve g\u00f6revi B\u00fcy\u00fck Birader\u2019in bekas\u0131na g\u00f6re ge\u00e7mi\u015fi yeniden d\u00fczenlemekti. Paranoya ve bask\u0131n\u0131n h\u00fck\u00fcm s\u00fcrd\u00fc\u011f\u00fc, herkesin s\u00fcrekli g\u00f6zlendi\u011fi d\u00fcnyada Winston, Julia adl\u0131 gen\u00e7 bir kad\u0131na \u00e2\u015f\u0131k olunca \u00f6zg\u00fcrl\u00fck ve sisteme ba\u015fkald\u0131r\u0131 hayalleri yeniden canlanacakt\u0131. Birlikte olmalar\u0131 imk\u00e2ns\u0131zd\u0131 ve ama\u00e7lar\u0131, B\u00fcy\u00fck Birader ile Parti\u2019den kurtulmakt\u0131. Ama eylemlerin ve d\u00fc\u015f\u00fcncelerin kontrol alt\u0131nda oldu\u011fu bir yerde bu m\u00fcmk\u00fcn m\u00fcyd\u00fc? <\/p>\n","protected":false},"excerpt":{"rendered":"<p>Londra, 1984. Winston Smith bir Parti \u00e7al\u0131\u015fan\u0131yd\u0131 ve g\u00f6revi B\u00fcy\u00fck Birader\u2019in bekas\u0131na g\u00f6re ge\u00e7mi\u015fi yeniden d\u00fczenlemekti. Paranoya ve bask\u0131n\u0131n h\u00fck\u00fcm s\u00fcrd\u00fc\u011f\u00fc, herkesin s\u00fcrekli g\u00f6zlendi\u011fi d\u00fcnyada Winston,<span class=\"excerpt-hellip\"> [\u2026]<\/span><\/p>\n","protected":false},"featured_media":0,"template":"","meta":{"_monsterinsights_skip_tracking":false,"_monsterinsights_sitenote_active":false,"_monsterinsights_sitenote_note":"","_monsterinsights_sitenote_category":0},"product_brand":[],"product_cat":[12416,12291],"product_tag":[],"class_list":{"0":"post-733536","1":"product","2":"type-product","3":"status-publish","5":"product_cat-cizgi-roman","6":"product_cat-edebiyat","7":"pa_cilt-ciltsiz","8":"pa_tur-kitap","9":"pa_yayinevi-ithaki-yayinlari","10":"pa_yazar-george-orwell-jean-christophe-derrien","12":"first","13":"instock","14":"sale","15":"shipping-taxable","16":"purchasable","17":"product-type-simple"},"_links":{"self":[{"href":"https:\/\/roveyayinevi.com.tr\/index.php\/wp-json\/wp\/v2\/product\/733536","targetHints":{"allow":["GET"]}}],"collection":[{"href":"https:\/\/roveyayinevi.com.tr\/index.php\/wp-json\/wp\/v2\/product"}],"about":[{"href":"https:\/\/roveyayinevi.com.tr\/index.php\/wp-json\/wp\/v2\/types\/product"}],"wp:attachment":[{"href":"https:\/\/roveyayinevi.com.tr\/index.php\/wp-json\/wp\/v2\/media?parent=733536"}],"wp:term":[{"taxonomy":"product_brand","embeddable":true,"href":"https:\/\/roveyayinevi.com.tr\/index.php\/wp-json\/wp\/v2\/product_brand?post=733536"},{"taxonomy":"product_cat","embeddable":true,"href":"https:\/\/roveyayinevi.com.tr\/index.php\/wp-json\/wp\/v2\/product_cat?post=733536"},{"taxonomy":"product_tag","embeddable":true,"href":"https:\/\/roveyayinevi.com.tr\/index.php\/wp-json\/wp\/v2\/product_tag?post=733536"}],"curies":[{"name":"wp","href":"https:\/\/api.w.org\/{rel}","templated":true}]}}