{"id":733535,"date":"2025-08-27T22:11:50","date_gmt":"2025-08-27T19:11:50","guid":{"rendered":"https:\/\/roveyayinevi.com.tr\/index.php\/urun\/kurtulus-projesi\/"},"modified":"2026-04-16T02:41:30","modified_gmt":"2026-04-15T23:41:30","slug":"kurtulus-projesi","status":"publish","type":"product","link":"https:\/\/roveyayinevi.com.tr\/index.php\/urun\/kurtulus-projesi\/","title":{"rendered":"Kurtulu\u015f Projesi"},"content":{"rendered":"<p>Marsl\u0131\u2019n\u0131n yazar\u0131 Andy Weir\u2019dan heyecan, mizah ve bilim dolu, soluk solu\u011fa bir macera.   Ryland Grace insanl\u0131\u011f\u0131n son \u00e7aresi olarak yola \u00e7\u0131kan bir m\u00fcrettebattan hayatta kalan tek ki\u015fi&#8230; ve hedefine ula\u015famazsa D\u00fcnya yok olacak.   \u201cTehlike alt\u0131ndaki iki d\u00fcnyas\u0131, i\u015finin ehli bir adam\u0131, i\u015finin ehli bir uzayl\u0131s\u0131, \u00e7\u00f6z\u00fcmlenmesi gereken bir s\u00fcr\u00fc bilimsel sorunu ve me\u00e7hule giden insanl\u0131\u011f\u0131yla bu kitapta benim gibi eski usul bilimkurgu sevenler i\u00e7in her \u015fey mevcut. Bilimkurgumda bol bol bilim olsun diyenlerdenseniz Andy Weir sizin i\u00e7in bi\u00e7ilmi\u015f kaftan.\u201d \u2013GEORGE R. R. MARTIN, Buz ve Ate\u015fin \u015eark\u0131s\u0131 serisinin yazar\u0131   \u201cMarsl\u0131\u2019ya bay\u0131lm\u0131\u015ft\u0131m ama bence Kurtulu\u015f Projesi, Weir\u2019\u0131n en iyi eseri.\u201d \u2013BRANDON SANDERSON, F\u0131rt\u0131na\u0131\u015f\u0131\u011f\u0131 Ar\u015fivi serisinin yazar\u0131   \u201cBu kitab\u0131 okumak hayat\u0131n\u0131zda g\u00f6rd\u00fc\u011f\u00fcn\u00fcz en iyi fen bilgisi \u00f6\u011fretmeniyle uzay yolculu\u011funa \u00e7\u0131kmak gibi\u2026 \u00d6deviniz de d\u00fcnyay\u0131 kurtarmak.\u201d \u2013ERNEST CLINE, Ba\u015flat: Ready Player One\u2019\u0131n yazar\u0131   \u201c\u00c7ok ama \u00e7ok uzun zamandan beri okudu\u011fum tart\u0131\u015fmas\u0131z en iyi kitap olan Kurtulu\u015f Projesi\u2019ni tarif etmek i\u00e7in nefes kesici dersem yan\u0131na bile yakla\u015famam\u0131\u015f olurum. Buraya yaz\u0131yorum: Bu kitap bir klasik olacak.\u201d \u2013BLAKE CROUCH, Sahte Bellek\u2019in yazar\u0131   \u201cAndy Weir benzersiz bir yetene\u011fe sahip oldu\u011funu yine kan\u0131tl\u0131yor. Kurtulu\u015f Projesi o kadar b\u00fcy\u00fcleyici <\/p>\n","protected":false},"excerpt":{"rendered":"<p>Marsl\u0131\u2019n\u0131n yazar\u0131 Andy Weir\u2019dan heyecan, mizah ve bilim dolu, soluk solu\u011fa bir macera. Ryland Grace insanl\u0131\u011f\u0131n son \u00e7aresi olarak yola \u00e7\u0131kan bir m\u00fcrettebattan hayatta kalan tek<span class=\"excerpt-hellip\"> [\u2026]<\/span><\/p>\n","protected":false},"featured_media":0,"template":"","meta":{"_monsterinsights_skip_tracking":false,"_monsterinsights_sitenote_active":false,"_monsterinsights_sitenote_note":"","_monsterinsights_sitenote_category":0},"product_brand":[],"product_cat":[12540,12291],"product_tag":[],"class_list":{"0":"post-733535","1":"product","2":"type-product","3":"status-publish","5":"product_cat-bilim-kurgu","6":"product_cat-edebiyat","7":"pa_cilt-ciltsiz","8":"pa_tur-kitap","9":"pa_yayinevi-ithaki-yayinlari","10":"pa_yazar-andy-weir","12":"first","13":"instock","14":"sale","15":"shipping-taxable","16":"purchasable","17":"product-type-simple"},"_links":{"self":[{"href":"https:\/\/roveyayinevi.com.tr\/index.php\/wp-json\/wp\/v2\/product\/733535","targetHints":{"allow":["GET"]}}],"collection":[{"href":"https:\/\/roveyayinevi.com.tr\/index.php\/wp-json\/wp\/v2\/product"}],"about":[{"href":"https:\/\/roveyayinevi.com.tr\/index.php\/wp-json\/wp\/v2\/types\/product"}],"wp:attachment":[{"href":"https:\/\/roveyayinevi.com.tr\/index.php\/wp-json\/wp\/v2\/media?parent=733535"}],"wp:term":[{"taxonomy":"product_brand","embeddable":true,"href":"https:\/\/roveyayinevi.com.tr\/index.php\/wp-json\/wp\/v2\/product_brand?post=733535"},{"taxonomy":"product_cat","embeddable":true,"href":"https:\/\/roveyayinevi.com.tr\/index.php\/wp-json\/wp\/v2\/product_cat?post=733535"},{"taxonomy":"product_tag","embeddable":true,"href":"https:\/\/roveyayinevi.com.tr\/index.php\/wp-json\/wp\/v2\/product_tag?post=733535"}],"curies":[{"name":"wp","href":"https:\/\/api.w.org\/{rel}","templated":true}]}}