{"id":733532,"date":"2025-08-27T22:11:47","date_gmt":"2025-08-27T19:11:47","guid":{"rendered":"https:\/\/roveyayinevi.com.tr\/index.php\/urun\/sinemasal-04-melodram\/"},"modified":"2026-04-16T02:41:30","modified_gmt":"2026-04-15T23:41:30","slug":"sinemasal-04-melodram","status":"publish","type":"product","link":"https:\/\/roveyayinevi.com.tr\/index.php\/urun\/sinemasal-04-melodram\/","title":{"rendered":"Sinemasal 04 &#8220;Melodram&#8221;"},"content":{"rendered":"<p>O\u011fuz Adan\u0131rMelodram\u0131n S\u0131rr\u0131 \u00dczerine NotlarDilek Tunal\u0131Moral Ok\u00fclt ve Melodram Sinemas\u0131nda A\u015fk\u2019\u0131n Haller \u201cHollywood ile Ye\u015fil\u00e7am Aras\u0131nda S\u0131n\u0131rl\u0131 Bir Kar\u015f\u0131la\u015ft\u0131rma\u201dThomas SchatzAile Melodram\u0131Fredrik GustafssonBu Toprak Benimdir (This Earth is Mine, 1959) ve MelodramSerpil K\u0131relK\u00fclt\u00fcrel Bir \u00dcretim Olarak Ye\u015fil\u00e7am Melodram Filmlerindeki G\u00f6zya\u015flar\u0131n\u0131n \u0130zlerini S\u00fcrmekTun\u00e7 Y\u0131ld\u0131r\u0131m &amp; Fehime Elem Y\u0131ld\u0131r\u0131mMetin Erksan\u2019\u0131n Ac\u0131 Hayat\u2019\u0131 \u00dczerine: Ye\u015fil\u00e7am Melodram\u0131ndan \u2018G\u00f6steri\u015fli Melodrama\u2019 \u015eiirsel, Toplumsal ve Ger\u00e7ek\u00e7i Bir Ge\u00e7i\u015f mi?Sava\u015f ArslanMelodram, Dizi ve Kaliteli Diziler: T\u00fcrk Televizyon Tarihine K\u0131sa Bir Bak\u0131\u015fM. Talha Alt\u0131nkayaBizi Hat\u0131rla (2018) Filmi Ba\u011flam\u0131nda Melodram Bilincinin Yeniden \u00dcretimiSinem Evren Y\u00fcksel7. Ko\u011fu\u015ftaki Mucize\u2019de Babal\u0131k Krizi ve Adalet Aray\u0131\u015f\u0131Murat Akser\u015eehirde Kad\u0131n ve Ahl\u00e2k\u00e7\u0131l\u0131k: Ye\u015fil\u00e7am Melodram\u0131 ve ParodisiVedat OyanRainer Werner Fassbinder Sinemas\u0131nda Melodram\u0131n D\u00f6n\u00fc\u015f\u00fcm\u00fc: Ali: Korku Ruhu Kemirir Film \u00d6rne\u011fiAli Ufuk\u201cMadam Bovary\u2019ye Chabrol ve Barthes\u2019tan Bakmak\u201d, Melodramatik Bir Kar\u015f\u0131la\u015ft\u0131rmaBurak Bak\u0131rKim Ki-Duk\u2019un Pieta Filmi \u00dczerineKorhan TopcuAnders Thomas Jensen Sinemas\u0131nda Melankolik KomediNick Browne\u00c7in Melodram\u0131n\u0131n Politik Ekonomisi: Toplum ve \u00d6znellik<\/p>\n","protected":false},"excerpt":{"rendered":"<p>O\u011fuz Adan\u0131rMelodram\u0131n S\u0131rr\u0131 \u00dczerine NotlarDilek Tunal\u0131Moral Ok\u00fclt ve Melodram Sinemas\u0131nda A\u015fk\u2019\u0131n Haller \u201cHollywood ile Ye\u015fil\u00e7am Aras\u0131nda S\u0131n\u0131rl\u0131 Bir Kar\u015f\u0131la\u015ft\u0131rma\u201dThomas SchatzAile Melodram\u0131Fredrik GustafssonBu Toprak Benimdir (This Earth<span class=\"excerpt-hellip\"> [\u2026]<\/span><\/p>\n","protected":false},"featured_media":0,"template":"","meta":{"_monsterinsights_skip_tracking":false,"_monsterinsights_sitenote_active":false,"_monsterinsights_sitenote_note":"","_monsterinsights_sitenote_category":0},"product_brand":[],"product_cat":[12409,12408],"product_tag":[],"class_list":{"0":"post-733532","1":"product","2":"type-product","3":"status-publish","5":"product_cat-fotograf-sinema-tiyatro","6":"product_cat-sanat","7":"pa_cilt-ciltsiz","8":"pa_tur-kitap","9":"pa_yayinevi-dogu-bati-yayinlari","10":"pa_yazar-zehra-cerrahoglu-dilek-tunali","12":"first","13":"instock","14":"sale","15":"shipping-taxable","16":"purchasable","17":"product-type-simple"},"_links":{"self":[{"href":"https:\/\/roveyayinevi.com.tr\/index.php\/wp-json\/wp\/v2\/product\/733532","targetHints":{"allow":["GET"]}}],"collection":[{"href":"https:\/\/roveyayinevi.com.tr\/index.php\/wp-json\/wp\/v2\/product"}],"about":[{"href":"https:\/\/roveyayinevi.com.tr\/index.php\/wp-json\/wp\/v2\/types\/product"}],"wp:attachment":[{"href":"https:\/\/roveyayinevi.com.tr\/index.php\/wp-json\/wp\/v2\/media?parent=733532"}],"wp:term":[{"taxonomy":"product_brand","embeddable":true,"href":"https:\/\/roveyayinevi.com.tr\/index.php\/wp-json\/wp\/v2\/product_brand?post=733532"},{"taxonomy":"product_cat","embeddable":true,"href":"https:\/\/roveyayinevi.com.tr\/index.php\/wp-json\/wp\/v2\/product_cat?post=733532"},{"taxonomy":"product_tag","embeddable":true,"href":"https:\/\/roveyayinevi.com.tr\/index.php\/wp-json\/wp\/v2\/product_tag?post=733532"}],"curies":[{"name":"wp","href":"https:\/\/api.w.org\/{rel}","templated":true}]}}