{"id":733526,"date":"2025-08-27T22:11:40","date_gmt":"2025-08-27T19:11:40","guid":{"rendered":"https:\/\/roveyayinevi.com.tr\/index.php\/urun\/imalat-sektorunde-finansal-performans-ve-etkinlik-degerlemesi-bist-50-endeksi-uygulamasi\/"},"modified":"2026-04-16T02:41:30","modified_gmt":"2026-04-15T23:41:30","slug":"imalat-sektorunde-finansal-performans-ve-etkinlik-degerlemesi-bist-50-endeksi-uygulamasi","status":"publish","type":"product","link":"https:\/\/roveyayinevi.com.tr\/index.php\/urun\/imalat-sektorunde-finansal-performans-ve-etkinlik-degerlemesi-bist-50-endeksi-uygulamasi\/","title":{"rendered":"\u0130malat Sekt\u00f6r\u00fcnde Finansal Performans ve Etkinlik De\u011ferlemesi &#8211; BIST 50 Endeksi Uygulamas\u0131"},"content":{"rendered":"<p>1.Performans Ve Finansal Analizin Kavramsal \u00c7er\u00e7evesi 1.1.Performans Kavrami 1.2.Performans \u00d6l\u00e7me Ve Gereklili\u011fi 1.3.Performans \u00d6l\u00e7\u00fcm\u00fcn\u00fcn Rol\u00fc 1.4.Performans De\u011ferlendirmesi Ve \u00d6nemi 1.5.Performans De\u011ferlendirme Sistemi 1.6.Performans De\u011ferlendirme S\u00fcreci 1.7.Performans De\u011ferlendirmenin Faydalari 1.8.Performans Y\u00f6netimi 1.9.Performans Denetimi 1.10.Performans \u00d6l\u00e7\u00fctleri\/G\u00f6stergeleri 1.11.Finansal Performans Analizleri I\u00e7in Gereksinim Duyulan Veriler 1.1.Finansal Analiz Kavram\u01311.13.Finansal Analizin Amac\u01311.14.Finansal Analiz T\u00fcrleri 1.15.Finansal Analiz Teknikleri 2.Verimlilik Ve Etkinli\u011fin Kavramsal \u00c7er\u00e7evesi 2.1. \u00dcretim Siniri (\u00dcretim Fonksiyonu) 2.2. Verimlilik Kavrami 2.3. Verimlili\u011fi Etkileyen Fakt\u00f6rler 2.4. Verimlili\u011fin Ba\u011fli Oldu\u011fu De\u011fi\u015fkenler 2.5. Verimlilik T\u00fcrleri Ve Verimlili\u011fin Farkli A\u00e7ilardan De\u011ferlendirilmesi 2.6. Verimlilik \u00d6l\u00e7\u00fcm\u00fc 2.7. Verimlilik G\u00f6stergeleri 2.8.Etkililik Kavrami 2.9.Etkinlik Kavrami 2.10.Etkinlik T\u00fcrleri 2.11.Etkinlik Ve Verimlilik Ili\u015fkisi 2.12.Etkinlik \u00d6l\u00e7me Y\u00f6ntemleri 3.Bulanik Topsis Ve Bulanik Veri Zarflama Analizi Y\u00f6ntemleri Ile Bist\u2019te Faaliyet G\u00f6steren I\u015fletmeler \u00dczerine Performans Ve Etkinlik De\u011ferlemesi <\/p>\n","protected":false},"excerpt":{"rendered":"<p>1.Performans Ve Finansal Analizin Kavramsal \u00c7er\u00e7evesi 1.1.Performans Kavrami 1.2.Performans \u00d6l\u00e7me Ve Gereklili\u011fi 1.3.Performans \u00d6l\u00e7\u00fcm\u00fcn\u00fcn Rol\u00fc 1.4.Performans De\u011ferlendirmesi Ve \u00d6nemi 1.5.Performans De\u011ferlendirme Sistemi 1.6.Performans De\u011ferlendirme S\u00fcreci 1.7.Performans<span class=\"excerpt-hellip\"> [\u2026]<\/span><\/p>\n","protected":false},"featured_media":0,"template":"","meta":{"_monsterinsights_skip_tracking":false,"_monsterinsights_sitenote_active":false,"_monsterinsights_sitenote_note":"","_monsterinsights_sitenote_category":0},"product_brand":[],"product_cat":[17249,13043],"product_tag":[],"class_list":{"0":"post-733526","1":"product","2":"type-product","3":"status-publish","5":"product_cat-borsa-finans","6":"product_cat-ekonomi","7":"pa_cilt-ciltsiz","8":"pa_tur-kitap","9":"pa_yayinevi-gazi-kitabevi","10":"pa_yazar-hakan-yilmaz-bekir-elmas","12":"first","13":"instock","14":"sale","15":"shipping-taxable","16":"purchasable","17":"product-type-simple"},"_links":{"self":[{"href":"https:\/\/roveyayinevi.com.tr\/index.php\/wp-json\/wp\/v2\/product\/733526","targetHints":{"allow":["GET"]}}],"collection":[{"href":"https:\/\/roveyayinevi.com.tr\/index.php\/wp-json\/wp\/v2\/product"}],"about":[{"href":"https:\/\/roveyayinevi.com.tr\/index.php\/wp-json\/wp\/v2\/types\/product"}],"wp:attachment":[{"href":"https:\/\/roveyayinevi.com.tr\/index.php\/wp-json\/wp\/v2\/media?parent=733526"}],"wp:term":[{"taxonomy":"product_brand","embeddable":true,"href":"https:\/\/roveyayinevi.com.tr\/index.php\/wp-json\/wp\/v2\/product_brand?post=733526"},{"taxonomy":"product_cat","embeddable":true,"href":"https:\/\/roveyayinevi.com.tr\/index.php\/wp-json\/wp\/v2\/product_cat?post=733526"},{"taxonomy":"product_tag","embeddable":true,"href":"https:\/\/roveyayinevi.com.tr\/index.php\/wp-json\/wp\/v2\/product_tag?post=733526"}],"curies":[{"name":"wp","href":"https:\/\/api.w.org\/{rel}","templated":true}]}}