{"id":733525,"date":"2025-08-27T22:11:39","date_gmt":"2025-08-27T19:11:39","guid":{"rendered":"https:\/\/roveyayinevi.com.tr\/index.php\/urun\/tekstil-firmalarinin-mali-basari-durumlari-acisindan-tuketicilerin-pazarlama-faaliyetlerine-iliskin-algilari\/"},"modified":"2026-04-16T02:41:30","modified_gmt":"2026-04-15T23:41:30","slug":"tekstil-firmalarinin-mali-basari-durumlari-acisindan-tuketicilerin-pazarlama-faaliyetlerine-iliskin-algilari","status":"publish","type":"product","link":"https:\/\/roveyayinevi.com.tr\/index.php\/urun\/tekstil-firmalarinin-mali-basari-durumlari-acisindan-tuketicilerin-pazarlama-faaliyetlerine-iliskin-algilari\/","title":{"rendered":"Tekstil Firmalar\u0131n\u0131n Mali Ba\u015far\u0131 Durumlar\u0131 A\u00e7\u0131s\u0131ndan T\u00fcketicilerin Pazarlama Faaliyetlerine \u0130li\u015fkin Alg\u0131lar\u0131"},"content":{"rendered":"<p>\u0130\u00e7indekiler 1.Mali Ba\u015farisizlik Tahmininin \u00d6nemi, Mali Ba\u015farisizli\u011fin \u00d6l\u00e7\u00fclmesi Ve T\u00fcrk Tekstil Sekt\u00f6r\u00fcne Genel Baki\u015f 1.1.Mali Ba\u015far\u0131s\u0131zl\u0131k Tan\u0131mlar\u0131 1.2.Mali Ba\u015far\u0131s\u0131zl\u0131\u011f\u0131n \u00d6l\u00e7\u00fclmesi I\u00e7in Yap\u0131lan \u00c7al\u0131\u015fmalar 1.3.T\u00fcrk Tekstil Sekt\u00f6r\u00fcne Genel Bak\u0131\u015f 1.4.Mali Ba\u015far\u0131s\u0131zl\u0131k Tahminlerinin T\u00fcrk Tekstil Sekt\u00f6r\u00fc I\u00e7in \u00d6nemi 2.Mali Ba\u015farisizlik Ile Pazarlama Faaliyetleri Ili\u015fkisi 2.1.Pazarlama Karmas\u0131 Tan\u0131m\u0131 Ve Elemanlar\u0131 2.2.\u00dcr\u00fcn Kararlar\u0131 Ve Mali Ba\u015far\u0131s\u0131zl\u0131k Ili\u015fkisi 2.3.Fiyat Kararlar\u0131 Ve Mali Ba\u015far\u0131s\u0131zl\u0131k Ili\u015fkisi 2.4.Da\u011f\u0131t\u0131m Kararlar\u0131 Ve Mali Ba\u015far\u0131s\u0131zl\u0131k Ili\u015fkisi 2.5.Tutundurma Kararlar\u0131 Ve Mali Ba\u015far\u0131s\u0131zl\u0131k Ili\u015fkisi 3.Tekstil Firmalarinin Mali Ba\u015fari Durumlari A\u00e7isindan T\u00fcketicilerin Pazarlama Faaliyetlerine Ili\u015fkin Algilari <\/p>\n","protected":false},"excerpt":{"rendered":"<p>\u0130\u00e7indekiler 1.Mali Ba\u015farisizlik Tahmininin \u00d6nemi, Mali Ba\u015farisizli\u011fin \u00d6l\u00e7\u00fclmesi Ve T\u00fcrk Tekstil Sekt\u00f6r\u00fcne Genel Baki\u015f 1.1.Mali Ba\u015far\u0131s\u0131zl\u0131k Tan\u0131mlar\u0131 1.2.Mali Ba\u015far\u0131s\u0131zl\u0131\u011f\u0131n \u00d6l\u00e7\u00fclmesi I\u00e7in Yap\u0131lan \u00c7al\u0131\u015fmalar 1.3.T\u00fcrk Tekstil Sekt\u00f6r\u00fcne<span class=\"excerpt-hellip\"> [\u2026]<\/span><\/p>\n","protected":false},"featured_media":0,"template":"","meta":{"_monsterinsights_skip_tracking":false,"_monsterinsights_sitenote_active":false,"_monsterinsights_sitenote_note":"","_monsterinsights_sitenote_category":0},"product_brand":[],"product_cat":[13043,17492],"product_tag":[],"class_list":{"0":"post-733525","1":"product","2":"type-product","3":"status-publish","5":"product_cat-ekonomi","6":"product_cat-pazarlama-satis-reklam","7":"pa_cilt-ciltsiz","8":"pa_tur-kitap","9":"pa_yayinevi-gazi-kitabevi","10":"pa_yazar-asude-yasemin-zengin-eyyup-aktepe","12":"first","13":"instock","14":"sale","15":"shipping-taxable","16":"purchasable","17":"product-type-simple"},"_links":{"self":[{"href":"https:\/\/roveyayinevi.com.tr\/index.php\/wp-json\/wp\/v2\/product\/733525","targetHints":{"allow":["GET"]}}],"collection":[{"href":"https:\/\/roveyayinevi.com.tr\/index.php\/wp-json\/wp\/v2\/product"}],"about":[{"href":"https:\/\/roveyayinevi.com.tr\/index.php\/wp-json\/wp\/v2\/types\/product"}],"wp:attachment":[{"href":"https:\/\/roveyayinevi.com.tr\/index.php\/wp-json\/wp\/v2\/media?parent=733525"}],"wp:term":[{"taxonomy":"product_brand","embeddable":true,"href":"https:\/\/roveyayinevi.com.tr\/index.php\/wp-json\/wp\/v2\/product_brand?post=733525"},{"taxonomy":"product_cat","embeddable":true,"href":"https:\/\/roveyayinevi.com.tr\/index.php\/wp-json\/wp\/v2\/product_cat?post=733525"},{"taxonomy":"product_tag","embeddable":true,"href":"https:\/\/roveyayinevi.com.tr\/index.php\/wp-json\/wp\/v2\/product_tag?post=733525"}],"curies":[{"name":"wp","href":"https:\/\/api.w.org\/{rel}","templated":true}]}}