{"id":733524,"date":"2025-08-27T22:11:39","date_gmt":"2025-08-27T19:11:39","guid":{"rendered":"https:\/\/roveyayinevi.com.tr\/index.php\/urun\/dunyada-turk-dizileri-ulusal-kimlik-tartismalari\/"},"modified":"2026-04-16T02:41:30","modified_gmt":"2026-04-15T23:41:30","slug":"dunyada-turk-dizileri-ulusal-kimlik-tartismalari","status":"publish","type":"product","link":"https:\/\/roveyayinevi.com.tr\/index.php\/urun\/dunyada-turk-dizileri-ulusal-kimlik-tartismalari\/","title":{"rendered":"D\u00fcnyada T\u00fcrk Dizileri &#8211; Ulusal Kimlik Tart\u0131\u015fmalar\u0131"},"content":{"rendered":"<p>\u0130\u00e7indekiler   1.Bulgar Ulusal Kimli\u011fi Versus T\u00fcrk Televizyon Diziler 2.G\u00fcrcistan\u201fda T\u00fcrk Dizileri 3.Pop\u00fcler K\u00fclt\u00fcr ve Ulusal Kimlik: Bosna Hersek\u201fli \u00dcniversite \u00d6\u011frencileri \u00dczerinde Muhte\u015fem Y\u00fczy\u0131l Dizisine Y\u00f6nelik Bir Ara\u0122t\u0131rma 4.Gelenek ve Modernite Ba\u011flam\u0131nda T\u00fcrk Dizilerinin Fas\u201ftaki Etkileri: Kad\u0131n \u0120zleyiciler \u00dczerine Bir Ara\u0122t\u0131rma 5.Afgansitan\u201fda Kurtlar Vadisi Dizisi ve Modern Halk Masal\u0131 Kahraman\u0131 Olarak Polat Alemdar 6.K\u00fclt\u00fcrel Diplomasi ve Diziler: T\u00fcrk Dizilerinin Yabanc\u0131lar\u0131n T\u00fcrk\u00e7e \u00d6\u011frenimine Katk\u0131s\u0131 7.Milliyet\u00e7i-Muhafazak\u00e2r Muhayyilede Kanuni: \u201eMuhte\u015fem Y\u00fczy\u0131l\u201fa Y\u00f6nelik Tepkilere Dair Bir Okuma <\/p>\n","protected":false},"excerpt":{"rendered":"<p>\u0130\u00e7indekiler 1.Bulgar Ulusal Kimli\u011fi Versus T\u00fcrk Televizyon Diziler 2.G\u00fcrcistan\u201fda T\u00fcrk Dizileri 3.Pop\u00fcler K\u00fclt\u00fcr ve Ulusal Kimlik: Bosna Hersek\u201fli \u00dcniversite \u00d6\u011frencileri \u00dczerinde Muhte\u015fem Y\u00fczy\u0131l Dizisine Y\u00f6nelik Bir<span class=\"excerpt-hellip\"> [\u2026]<\/span><\/p>\n","protected":false},"featured_media":0,"template":"","meta":{"_monsterinsights_skip_tracking":false,"_monsterinsights_sitenote_active":false,"_monsterinsights_sitenote_note":"","_monsterinsights_sitenote_category":0},"product_brand":[],"product_cat":[15983,13488],"product_tag":[],"class_list":{"0":"post-733524","1":"product","2":"type-product","3":"status-publish","5":"product_cat-iletisim-ve-medya","6":"product_cat-toplum-ve-insan","7":"pa_cilt-ciltsiz","8":"pa_tur-kitap","9":"pa_yayinevi-gazi-kitabevi","10":"pa_yazar-sibel-serpil-aydos","12":"first","13":"instock","14":"sale","15":"shipping-taxable","16":"purchasable","17":"product-type-simple"},"_links":{"self":[{"href":"https:\/\/roveyayinevi.com.tr\/index.php\/wp-json\/wp\/v2\/product\/733524","targetHints":{"allow":["GET"]}}],"collection":[{"href":"https:\/\/roveyayinevi.com.tr\/index.php\/wp-json\/wp\/v2\/product"}],"about":[{"href":"https:\/\/roveyayinevi.com.tr\/index.php\/wp-json\/wp\/v2\/types\/product"}],"wp:attachment":[{"href":"https:\/\/roveyayinevi.com.tr\/index.php\/wp-json\/wp\/v2\/media?parent=733524"}],"wp:term":[{"taxonomy":"product_brand","embeddable":true,"href":"https:\/\/roveyayinevi.com.tr\/index.php\/wp-json\/wp\/v2\/product_brand?post=733524"},{"taxonomy":"product_cat","embeddable":true,"href":"https:\/\/roveyayinevi.com.tr\/index.php\/wp-json\/wp\/v2\/product_cat?post=733524"},{"taxonomy":"product_tag","embeddable":true,"href":"https:\/\/roveyayinevi.com.tr\/index.php\/wp-json\/wp\/v2\/product_tag?post=733524"}],"curies":[{"name":"wp","href":"https:\/\/api.w.org\/{rel}","templated":true}]}}