{"id":733523,"date":"2025-08-27T22:11:38","date_gmt":"2025-08-27T19:11:38","guid":{"rendered":"https:\/\/roveyayinevi.com.tr\/index.php\/urun\/petrol-arama-ve-uretim-sektorunde-finansal-konular\/"},"modified":"2026-04-16T02:41:30","modified_gmt":"2026-04-15T23:41:30","slug":"petrol-arama-ve-uretim-sektorunde-finansal-konular","status":"publish","type":"product","link":"https:\/\/roveyayinevi.com.tr\/index.php\/urun\/petrol-arama-ve-uretim-sektorunde-finansal-konular\/","title":{"rendered":"Petrol Arama ve \u00dcretim Sekt\u00f6r\u00fcnde Finansal Konular"},"content":{"rendered":"<p>1.Petrol Arama Ve \u00dcretim Faaliyetleri Ve Anla\u015fma Yapilari 1.1.Petrol Sekt\u00f6r\u00fcnde Faaliyetler 1.2.D\u00fcnyada Ve T\u00fcrkiye\u2019de Petrol Faaliyetleri 1.3.Petrol Sekt\u00f6r\u00fcnde \u015eirket Yap\u0131lanmalar\u0131 1.4.Uluslararas\u0131 Petrol Arama Ve \u00dcretim Faaliyetlerinde Anla\u015fma Yap\u0131lar\u0131 2.Petrol Arama Ve \u00dcretim Faaliyetlerinde Giderler, Muhasebe Ve Vergi 2.1.Petrol Arama Ve \u00dcretim Sekt\u00f6r\u00fcnde Giderlerin S\u0131n\u0131fland\u0131r\u0131lmas\u0131 2.2.Petrol Arama Ve \u00dcretim Faaliyetlerinin Muhasebe Yap\u0131s\u0131 2.3.Petrol Hakk\u0131 Sahipli\u011finin Devri Ve Muhasebesi 2.4.Petrol Arama Ve \u00dcretim Firmalar\u0131n\u0131n Finansal Tablo Dipnotlar\u0131 2.5.Petrol Arama Ve \u00dcretim Sekt\u00f6r\u00fc \u0130\u00e7in T\u00fcrkiye\u2019de Vergi 3.Petrol Arama Ve \u00dcretim Faaliyetlerinde Sermaye Yapisi, Petrol Fiyat Riskinden Korunma Ve Bor\u00e7lanma Alternatifleri 3.1.Petrol Arama Ve \u00dcretim Faaliyetlerinde Sermaye Yap\u0131s\u0131 Ve Sermaye Yap\u0131s\u0131n\u0131 Etkileyen Fakt\u00f6rler 3.2.Petrol Fiyat Riskinden Korunma 3.3.Bor\u00e7lanma Alternatifleri 4.Petrol Arama Ve \u00dcretim Faaliyetlerinde Sermaye B\u00fct\u00e7elemesi 4.1Yat\u0131r\u0131m Kararlar\u0131nda Sermaye B\u00fct\u00e7elemesi 4.2.Petrol Arama Ve \u00dcretim \u0130\u015fletmelerinde \u00d6rnek Sermaye B\u00fct\u00e7elemesi (Geleneksel Y\u00f6ntem Ve Monte Carlo Sim\u00fclasyonu Ile Ms Excel Crystal Ball Program\u0131 Kullan\u0131larak Kapsaml\u0131 Duyarl\u0131l\u0131k Analizi) 4.3.\u00d6rnek Sermaye B\u00fct\u00e7elemesi (Ms Excelde K\u0131s\u0131tl\u0131 Duyarl\u0131l\u0131k Analizi) <\/p>\n","protected":false},"excerpt":{"rendered":"<p>1.Petrol Arama Ve \u00dcretim Faaliyetleri Ve Anla\u015fma Yapilari 1.1.Petrol Sekt\u00f6r\u00fcnde Faaliyetler 1.2.D\u00fcnyada Ve T\u00fcrkiye\u2019de Petrol Faaliyetleri 1.3.Petrol Sekt\u00f6r\u00fcnde \u015eirket Yap\u0131lanmalar\u0131 1.4.Uluslararas\u0131 Petrol Arama Ve \u00dcretim Faaliyetlerinde<span class=\"excerpt-hellip\"> [\u2026]<\/span><\/p>\n","protected":false},"featured_media":0,"template":"","meta":{"_monsterinsights_skip_tracking":false,"_monsterinsights_sitenote_active":false,"_monsterinsights_sitenote_note":"","_monsterinsights_sitenote_category":0},"product_brand":[],"product_cat":[17249,13043],"product_tag":[],"class_list":{"0":"post-733523","1":"product","2":"type-product","3":"status-publish","5":"product_cat-borsa-finans","6":"product_cat-ekonomi","7":"pa_cilt-ciltsiz","8":"pa_tur-kitap","9":"pa_yayinevi-gazi-kitabevi","10":"pa_yazar-m-fatih-boz","12":"first","13":"instock","14":"sale","15":"shipping-taxable","16":"purchasable","17":"product-type-simple"},"_links":{"self":[{"href":"https:\/\/roveyayinevi.com.tr\/index.php\/wp-json\/wp\/v2\/product\/733523","targetHints":{"allow":["GET"]}}],"collection":[{"href":"https:\/\/roveyayinevi.com.tr\/index.php\/wp-json\/wp\/v2\/product"}],"about":[{"href":"https:\/\/roveyayinevi.com.tr\/index.php\/wp-json\/wp\/v2\/types\/product"}],"wp:attachment":[{"href":"https:\/\/roveyayinevi.com.tr\/index.php\/wp-json\/wp\/v2\/media?parent=733523"}],"wp:term":[{"taxonomy":"product_brand","embeddable":true,"href":"https:\/\/roveyayinevi.com.tr\/index.php\/wp-json\/wp\/v2\/product_brand?post=733523"},{"taxonomy":"product_cat","embeddable":true,"href":"https:\/\/roveyayinevi.com.tr\/index.php\/wp-json\/wp\/v2\/product_cat?post=733523"},{"taxonomy":"product_tag","embeddable":true,"href":"https:\/\/roveyayinevi.com.tr\/index.php\/wp-json\/wp\/v2\/product_tag?post=733523"}],"curies":[{"name":"wp","href":"https:\/\/api.w.org\/{rel}","templated":true}]}}