{"id":733520,"date":"2025-08-27T22:11:34","date_gmt":"2025-08-27T19:11:34","guid":{"rendered":"https:\/\/roveyayinevi.com.tr\/index.php\/urun\/zihin-cizgileri\/"},"modified":"2026-04-16T02:41:30","modified_gmt":"2026-04-15T23:41:30","slug":"zihin-cizgileri","status":"publish","type":"product","link":"https:\/\/roveyayinevi.com.tr\/index.php\/urun\/zihin-cizgileri\/","title":{"rendered":"Zihin \u00c7izgileri"},"content":{"rendered":"<p>D\u00fc\u015f\u00fcnmeye cesaret etmek ve d\u00fc\u015f\u00fcnmeye zahmet etmek&#8230; Cesarette sorun yok, sorun zahmette! Bu kitap bir \u00e7a\u011fr\u0131; ger\u00e7ek \u00e2lemden sanal \u00e2leme kadar her yerde ve her anda d\u00fc\u015f\u00fcnceye \u00e7a\u011fr\u0131, d\u00fc\u015f\u00fcnmeye \u00e7a\u011fr\u0131\u2026 D\u00fc\u015f\u00fcnmeye cesaret etmenin \u00f6tesinde, ezberleri tekrar eden zihinsel konfor ekosistemini terk edip d\u00fc\u015f\u00fcnsel zahmete, gayrete \u00e7a\u011fr\u0131. Bu ba\u011flamda, Zihin \u00c7izgileri felsef\u00ee, hikem\u00ee, irf\u00e2n\u00ee hatlar \u00e7izerek ilerledi. Zihnin rahat d\u00f6\u015fe\u011finden kalkarak varl\u0131k felsefesinden \u015fehir felsefesine kadar geli\u015fen bir yelpazede zihin ufuklar\u0131n\u0131 taramaya \u00e7al\u0131\u015ft\u0131. Ahl\u00e2ktan adalete, \u00f6zg\u00fcrl\u00fckten demokrasiye, jeopolitikten teopoliti\u011fe kadar pek \u00e7ok kavram\u0131n anlam evrenini dola\u015ft\u0131 ve elinizdeki bu eser ortaya \u00e7\u0131kt\u0131.<\/p>\n","protected":false},"excerpt":{"rendered":"<p>D\u00fc\u015f\u00fcnmeye cesaret etmek ve d\u00fc\u015f\u00fcnmeye zahmet etmek&#8230; Cesarette sorun yok, sorun zahmette! Bu kitap bir \u00e7a\u011fr\u0131; ger\u00e7ek \u00e2lemden sanal \u00e2leme kadar her yerde ve her anda<span class=\"excerpt-hellip\"> [\u2026]<\/span><\/p>\n","protected":false},"featured_media":0,"template":"","meta":{"_monsterinsights_skip_tracking":false,"_monsterinsights_sitenote_active":false,"_monsterinsights_sitenote_note":"","_monsterinsights_sitenote_category":0},"product_brand":[],"product_cat":[12777,12291],"product_tag":[],"class_list":{"0":"post-733520","1":"product","2":"type-product","3":"status-publish","5":"product_cat-deneme","6":"product_cat-edebiyat","7":"pa_cilt-ciltsiz","8":"pa_tur-kitap","9":"pa_yayinevi-muhit-kitap","10":"pa_yazar-mustafa-sen","12":"first","13":"instock","14":"sale","15":"shipping-taxable","16":"purchasable","17":"product-type-simple"},"_links":{"self":[{"href":"https:\/\/roveyayinevi.com.tr\/index.php\/wp-json\/wp\/v2\/product\/733520","targetHints":{"allow":["GET"]}}],"collection":[{"href":"https:\/\/roveyayinevi.com.tr\/index.php\/wp-json\/wp\/v2\/product"}],"about":[{"href":"https:\/\/roveyayinevi.com.tr\/index.php\/wp-json\/wp\/v2\/types\/product"}],"wp:attachment":[{"href":"https:\/\/roveyayinevi.com.tr\/index.php\/wp-json\/wp\/v2\/media?parent=733520"}],"wp:term":[{"taxonomy":"product_brand","embeddable":true,"href":"https:\/\/roveyayinevi.com.tr\/index.php\/wp-json\/wp\/v2\/product_brand?post=733520"},{"taxonomy":"product_cat","embeddable":true,"href":"https:\/\/roveyayinevi.com.tr\/index.php\/wp-json\/wp\/v2\/product_cat?post=733520"},{"taxonomy":"product_tag","embeddable":true,"href":"https:\/\/roveyayinevi.com.tr\/index.php\/wp-json\/wp\/v2\/product_tag?post=733520"}],"curies":[{"name":"wp","href":"https:\/\/api.w.org\/{rel}","templated":true}]}}