{"id":733519,"date":"2025-08-27T22:11:33","date_gmt":"2025-08-27T19:11:33","guid":{"rendered":"https:\/\/roveyayinevi.com.tr\/index.php\/urun\/isilti-3-perde\/"},"modified":"2026-04-16T02:41:30","modified_gmt":"2026-04-15T23:41:30","slug":"isilti-3-perde","status":"publish","type":"product","link":"https:\/\/roveyayinevi.com.tr\/index.php\/urun\/isilti-3-perde\/","title":{"rendered":"I\u015f\u0131lt\u0131 3 &#8211; Perde"},"content":{"rendered":"<p>I\u015f\u0131lt\u0131 serisinde sava\u015f k\u0131z\u0131\u015f\u0131yor&#8230; Aksiyonun dozu art\u0131yor. Luce Reynolds\u2019un zihnini g\u00f6rebiliyordu ve \u00e7ok \u015fa\u015f\u0131rd\u0131. Kusmak istedi. \u0130\u011fren\u00e7ti! En az annesi kadar i\u011fren\u00e7ti.   \u201cO benim k\u0131z karde\u015fim. \u0130kimiz de Edward Grayson\u2019\u0131n \u00e7ocuklar\u0131y\u0131z!\u201d dedi Reynolds.   Hepsi \u00e7ok \u015fa\u015f\u0131rm\u0131\u015ft\u0131. \u00d6zellikle de Lucinda \u015fok olmu\u015ftu. Bir karde\u015fi olabilece\u011fini hi\u00e7 d\u00fc\u015f\u00fcnmemi\u015fti. Tekrar kurdu\u011fu kalkan\u0131n\u0131 parampar\u00e7a ederek zihnine dald\u0131 ve darmada\u011f\u0131n ederek her \u015feyi g\u00f6rd\u00fc. \u0130\u011fren\u00e7ti! Zihnindeki her \u015fey i\u011fren\u00e7ti! Herkese aktar\u0131yordu g\u00f6rd\u00fcklerini. Tak\u0131nt\u0131l\u0131 bir sap\u0131kt\u0131 ve annesi olacak psikopat, onu kendi karde\u015fiyle evlenmesi gerekti\u011fine ikna etmi\u015fti. Herkes onu iki milyon par\u00e7aya ay\u0131rmak isteyecek kadar tiksinmi\u015fti g\u00f6rd\u00fckleri y\u00fcz\u00fcnden.<\/p>\n","protected":false},"excerpt":{"rendered":"<p>I\u015f\u0131lt\u0131 serisinde sava\u015f k\u0131z\u0131\u015f\u0131yor&#8230; Aksiyonun dozu art\u0131yor. Luce Reynolds\u2019un zihnini g\u00f6rebiliyordu ve \u00e7ok \u015fa\u015f\u0131rd\u0131. Kusmak istedi. \u0130\u011fren\u00e7ti! En az annesi kadar i\u011fren\u00e7ti. \u201cO benim k\u0131z karde\u015fim.<span class=\"excerpt-hellip\"> [\u2026]<\/span><\/p>\n","protected":false},"featured_media":0,"template":"","meta":{"_monsterinsights_skip_tracking":false,"_monsterinsights_sitenote_active":false,"_monsterinsights_sitenote_note":"","_monsterinsights_sitenote_category":0},"product_brand":[],"product_cat":[12291,12711],"product_tag":[],"class_list":{"0":"post-733519","1":"product","2":"type-product","3":"status-publish","5":"product_cat-edebiyat","6":"product_cat-roman-oyku","7":"pa_cilt-ciltsiz","8":"pa_tur-kitap","9":"pa_yayinevi-luna-yayinlari","10":"pa_yazar-ozler-suder","12":"first","13":"instock","14":"sale","15":"shipping-taxable","16":"purchasable","17":"product-type-simple"},"_links":{"self":[{"href":"https:\/\/roveyayinevi.com.tr\/index.php\/wp-json\/wp\/v2\/product\/733519","targetHints":{"allow":["GET"]}}],"collection":[{"href":"https:\/\/roveyayinevi.com.tr\/index.php\/wp-json\/wp\/v2\/product"}],"about":[{"href":"https:\/\/roveyayinevi.com.tr\/index.php\/wp-json\/wp\/v2\/types\/product"}],"wp:attachment":[{"href":"https:\/\/roveyayinevi.com.tr\/index.php\/wp-json\/wp\/v2\/media?parent=733519"}],"wp:term":[{"taxonomy":"product_brand","embeddable":true,"href":"https:\/\/roveyayinevi.com.tr\/index.php\/wp-json\/wp\/v2\/product_brand?post=733519"},{"taxonomy":"product_cat","embeddable":true,"href":"https:\/\/roveyayinevi.com.tr\/index.php\/wp-json\/wp\/v2\/product_cat?post=733519"},{"taxonomy":"product_tag","embeddable":true,"href":"https:\/\/roveyayinevi.com.tr\/index.php\/wp-json\/wp\/v2\/product_tag?post=733519"}],"curies":[{"name":"wp","href":"https:\/\/api.w.org\/{rel}","templated":true}]}}