{"id":733515,"date":"2025-08-27T22:11:28","date_gmt":"2025-08-27T19:11:28","guid":{"rendered":"https:\/\/roveyayinevi.com.tr\/index.php\/urun\/istanbulda-rock-hayati\/"},"modified":"2026-04-16T02:41:30","modified_gmt":"2026-04-15T23:41:30","slug":"istanbulda-rock-hayati","status":"publish","type":"product","link":"https:\/\/roveyayinevi.com.tr\/index.php\/urun\/istanbulda-rock-hayati\/","title":{"rendered":"\u0130stanbul&#8217;da Rock Hayat\u0131"},"content":{"rendered":"<p>90\u2019l\u0131 y\u0131llarda \u0130stanbul\u2019da, bir d\u00f6nemin ruhu ve heyecan\u0131, farkl\u0131 ya\u015fam bi\u00e7imi ve k\u00fclt\u00fcr\u00fcyle belleklerde iz b\u0131rakm\u0131\u015ft\u0131r. Kad\u0131k\u00f6y (Akmar Pasaj\u0131), Beyo\u011flu ve Bak\u0131rk\u00f6y\u2019de \u201cyeni sosyallik\u201d aray\u0131\u015f\u0131n\u0131n g\u00f6zde mek\u00e2nlar\u0131nda k\u00fcmelenen gen\u00e7ler, ayk\u0131r\u0131 say\u0131labilecek bir \u201cduygu d\u00fcnyas\u0131\u201dn\u0131 temsil ediyorlard\u0131. Giyimleri, be\u011fenileri ve tercihleri genel kal\u0131plar\u0131n d\u0131\u015f\u0131ndayd\u0131 ve aileleri taraf\u0131ndan her zaman kabul g\u00f6rm\u00fcyorlard\u0131. Ancak onlar i\u00e7in kendi ikonlar\u0131n\u0131n, sembollerin ve isimlerin pe\u015finden gitmek daha \u00f6nemliydi; m\u00fczik gruplar\u0131n\u0131n son kasetleri, posterler, siyah k\u0131yafetler, dar jeanler ve t-shirt\u2019ler ilk s\u0131rada geliyordu. Ve t\u00fcm k\u0131s\u0131tl\u0131 imk\u00e2nlara ra\u011fmen bunlar\u0131 edinebiliyorlard\u0131. Rock, Punk, Heavy Metal, Thrash, Death, Grunge vb. gruplara d\u00e2hil olan bu gen\u00e7ler, kat\u0131 bir sistemin i\u00e7inde kendi \u00fctopyalar\u0131n\u0131 ve ya\u015fam alanlar\u0131n\u0131 yaratm\u0131\u015flard\u0131. St\u00fcdyo \u0130mge, Rock D\u00fcnyas\u0131, Rock Kazan\u0131, Laneth, \u00c7al\u0131nt\u0131, Garaj vb. \u00e7\u0131kard\u0131klar\u0131 dergilerde, bu altk\u00fclt\u00fcr\u00fcn zengin ve marjinal yans\u0131malar\u0131 fazlas\u0131yla g\u00f6r\u00fcl\u00fcr. \u0130stanbul\u2019daki gen\u00e7ler, kendilerine \u00f6zg\u00fc muhalif bir tarz olu\u015ftururken ayn\u0131 zamanda par\u00e7al\u0131 bir toplumda, kendi etik ve estetik de\u011ferlerini de ortaya koymu\u015flard\u0131. Kitap bir d\u00f6nemi okumak ad\u0131na bu alanda yap\u0131lm\u0131\u015f ilk sosyolojik \u00e7al\u0131\u015fma \u00f6zelli\u011finin yan\u0131nda i\u00e7eriden bir bak\u0131\u015fla ve \u201cgen\u00e7lerle\u201d yap\u0131lan sans\u00fcrs\u00fcz s\u00f6yle\u015filerle 90\u2019l\u0131 y\u0131llar\u0131n r\u00fczg\u00e2r\u0131n\u0131 do\u011frudan g\u00fcn\u00fcm\u00fcze ta\u015f\u0131maktad\u0131r. <\/p>\n","protected":false},"excerpt":{"rendered":"<p>90\u2019l\u0131 y\u0131llarda \u0130stanbul\u2019da, bir d\u00f6nemin ruhu ve heyecan\u0131, farkl\u0131 ya\u015fam bi\u00e7imi ve k\u00fclt\u00fcr\u00fcyle belleklerde iz b\u0131rakm\u0131\u015ft\u0131r. Kad\u0131k\u00f6y (Akmar Pasaj\u0131), Beyo\u011flu ve Bak\u0131rk\u00f6y\u2019de \u201cyeni sosyallik\u201d aray\u0131\u015f\u0131n\u0131n g\u00f6zde<span class=\"excerpt-hellip\"> [\u2026]<\/span><\/p>\n","protected":false},"featured_media":0,"template":"","meta":{"_monsterinsights_skip_tracking":false,"_monsterinsights_sitenote_active":false,"_monsterinsights_sitenote_note":"","_monsterinsights_sitenote_category":0},"product_brand":[],"product_cat":[12835,12324],"product_tag":[],"class_list":{"0":"post-733515","1":"product","2":"type-product","3":"status-publish","5":"product_cat-genel-sosyoloji","6":"product_cat-sosyoloji","7":"pa_cilt-ciltsiz","8":"pa_tur-kitap","9":"pa_yayinevi-dogu-bati-yayinlari","10":"pa_yazar-ali-akay","12":"first","13":"instock","14":"sale","15":"shipping-taxable","16":"purchasable","17":"product-type-simple"},"_links":{"self":[{"href":"https:\/\/roveyayinevi.com.tr\/index.php\/wp-json\/wp\/v2\/product\/733515","targetHints":{"allow":["GET"]}}],"collection":[{"href":"https:\/\/roveyayinevi.com.tr\/index.php\/wp-json\/wp\/v2\/product"}],"about":[{"href":"https:\/\/roveyayinevi.com.tr\/index.php\/wp-json\/wp\/v2\/types\/product"}],"wp:attachment":[{"href":"https:\/\/roveyayinevi.com.tr\/index.php\/wp-json\/wp\/v2\/media?parent=733515"}],"wp:term":[{"taxonomy":"product_brand","embeddable":true,"href":"https:\/\/roveyayinevi.com.tr\/index.php\/wp-json\/wp\/v2\/product_brand?post=733515"},{"taxonomy":"product_cat","embeddable":true,"href":"https:\/\/roveyayinevi.com.tr\/index.php\/wp-json\/wp\/v2\/product_cat?post=733515"},{"taxonomy":"product_tag","embeddable":true,"href":"https:\/\/roveyayinevi.com.tr\/index.php\/wp-json\/wp\/v2\/product_tag?post=733515"}],"curies":[{"name":"wp","href":"https:\/\/api.w.org\/{rel}","templated":true}]}}