{"id":733513,"date":"2025-08-27T22:11:27","date_gmt":"2025-08-27T19:11:27","guid":{"rendered":"https:\/\/roveyayinevi.com.tr\/index.php\/urun\/endulus-direnis-ve-soykirim\/"},"modified":"2026-04-16T02:41:30","modified_gmt":"2026-04-15T23:41:30","slug":"endulus-direnis-ve-soykirim","status":"publish","type":"product","link":"https:\/\/roveyayinevi.com.tr\/index.php\/urun\/endulus-direnis-ve-soykirim\/","title":{"rendered":"End\u00fcl\u00fcs: Direni\u015f Ve Soyk\u0131r\u0131m"},"content":{"rendered":"<p>Ulu \u0130slam \u00fclkesi End\u00fcl\u00fcs, ac\u0131 bir soyk\u0131r\u0131ma maruz kald\u0131. Bu soyk\u0131r\u0131m daha ilk anlarda mersiyelerle y\u00fcreklere kaz\u0131nd\u0131. Annelerle \u00e7ocuklar\u0131n aras\u0131, ruhlarla bedenlerin ayr\u0131l\u0131\u015f\u0131 gibi a\u00e7\u0131ld\u0131. Muhte\u015fem medeniyet, ince ve zarif \u00fcslup Ha\u00e7l\u0131lar taraf\u0131ndan yok edildi. B\u00fct\u00fcn soyk\u0131r\u0131mlar\u0131 unutturan bir b\u00fcy\u00fck soyk\u0131r\u0131m ya\u015fand\u0131, kutlu End\u00fcl\u00fcs\u2019te. \u0130stanbul, onlar i\u00e7in \u00fcmidin ve kurtulu\u015fun \u015fehriydi. Sultanlara ula\u015ft\u0131lar, sultanlar da devrin \u015fartlar\u0131nda deniz yoluyla onlar\u0131n imdad\u0131na ko\u015ftu. Bu kitap; End\u00fcl\u00fcs\u2019\u00fcn ba\u015f\u0131na gelen ve halen y\u00fcrekleri s\u0131zlatan felaketin siyasi, iktisadi, din\u00ee ve k\u00fclt\u00fcr boyutunu etrafl\u0131 bir \u015fekilde a\u00e7\u0131kl\u0131yor. \u0130spanya ile Osmanl\u0131 aras\u0131ndaki ili\u015fkiler ortaya konuluyor. \u0130spanya\u2019n\u0131n arkas\u0131ndaki Ha\u00e7l\u0131 ittifak\u0131na i\u015faret ediliyor; Yahudilerin ve Hristiyanlar\u0131n durumu da ele al\u0131n\u0131yor. End\u00fcl\u00fcs; ilmiyle, irfan\u0131yla, \u015fiiriyle, mimarisiyle, adaletiyle, di\u011fer dinlere g\u00f6sterdi\u011fi g\u00fclery\u00fcz\u00fcyle bir \u0130slam ve insanl\u0131k medeniyetiydi; i\u015fte bunu yok etmek istediler. Sahan\u0131n \u00f6nde gelen akademisyenlerinden Prof. Dr. L\u00fctfi \u015eeyban, bu k\u0131ymetli eserinde devrin kaynaklar\u0131ndan hareketle, End\u00fcl\u00fcs\u2019\u00fcn ba\u015f\u0131na gelen katliam\u0131n b\u00fct\u00fcn boyutlar\u0131n\u0131 ortaya koyuyor.<\/p>\n","protected":false},"excerpt":{"rendered":"<p>Ulu \u0130slam \u00fclkesi End\u00fcl\u00fcs, ac\u0131 bir soyk\u0131r\u0131ma maruz kald\u0131. Bu soyk\u0131r\u0131m daha ilk anlarda mersiyelerle y\u00fcreklere kaz\u0131nd\u0131. Annelerle \u00e7ocuklar\u0131n aras\u0131, ruhlarla bedenlerin ayr\u0131l\u0131\u015f\u0131 gibi a\u00e7\u0131ld\u0131. Muhte\u015fem<span class=\"excerpt-hellip\"> [\u2026]<\/span><\/p>\n","protected":false},"featured_media":0,"template":"","meta":{"_monsterinsights_skip_tracking":false,"_monsterinsights_sitenote_active":false,"_monsterinsights_sitenote_note":"","_monsterinsights_sitenote_category":0},"product_brand":[],"product_cat":[12370,12304],"product_tag":[],"class_list":{"0":"post-733513","1":"product","2":"type-product","3":"status-publish","5":"product_cat-arastirma-inceleme","6":"product_cat-tarih","7":"pa_cilt-ciltsiz","8":"pa_tur-kitap","9":"pa_yayinevi-muhit-kitap","10":"pa_yazar-lutfi-seyban","12":"first","13":"instock","14":"sale","15":"shipping-taxable","16":"purchasable","17":"product-type-simple"},"_links":{"self":[{"href":"https:\/\/roveyayinevi.com.tr\/index.php\/wp-json\/wp\/v2\/product\/733513","targetHints":{"allow":["GET"]}}],"collection":[{"href":"https:\/\/roveyayinevi.com.tr\/index.php\/wp-json\/wp\/v2\/product"}],"about":[{"href":"https:\/\/roveyayinevi.com.tr\/index.php\/wp-json\/wp\/v2\/types\/product"}],"wp:attachment":[{"href":"https:\/\/roveyayinevi.com.tr\/index.php\/wp-json\/wp\/v2\/media?parent=733513"}],"wp:term":[{"taxonomy":"product_brand","embeddable":true,"href":"https:\/\/roveyayinevi.com.tr\/index.php\/wp-json\/wp\/v2\/product_brand?post=733513"},{"taxonomy":"product_cat","embeddable":true,"href":"https:\/\/roveyayinevi.com.tr\/index.php\/wp-json\/wp\/v2\/product_cat?post=733513"},{"taxonomy":"product_tag","embeddable":true,"href":"https:\/\/roveyayinevi.com.tr\/index.php\/wp-json\/wp\/v2\/product_tag?post=733513"}],"curies":[{"name":"wp","href":"https:\/\/api.w.org\/{rel}","templated":true}]}}