{"id":733508,"date":"2025-08-27T22:11:20","date_gmt":"2025-08-27T19:11:20","guid":{"rendered":"https:\/\/roveyayinevi.com.tr\/index.php\/urun\/peter-pan-18\/"},"modified":"2026-04-16T02:41:30","modified_gmt":"2026-04-15T23:41:30","slug":"peter-pan-18","status":"publish","type":"product","link":"https:\/\/roveyayinevi.com.tr\/index.php\/urun\/peter-pan-18\/","title":{"rendered":"Peter Pan"},"content":{"rendered":"<p>Dad\u0131lar\u0131n\u0131n bir anl\u0131k ihmalk\u00e2rl\u0131\u011f\u0131 sonucunda bebek arabalar\u0131ndan d\u00fc\u015fen \u00e7ocuklara ne olur? E\u011fer bulunamazlarsa onlar\u0131 Peter Pan al\u0131r ve Var Olmayan \u00dclke&#8217;ye g\u00f6t\u00fcr\u00fcr. Bu adada t\u00fcm \u00e7ocuklar\u0131n hayal etti\u011fi her \u015fey vard\u0131r; K\u0131z\u0131lderililer, korsanlar, periler, deniz- k\u0131zlar\u0131 ve daha neler neler. Kay\u0131p Alanlar\u0131n lideri ve koruyucusu olan Peter Pan, adada kalan her \u00e7ocu\u011fun istedi\u011fi her \u015feyi sa\u011flar ama tek bir eksiklikleri vard\u0131r, anneleri yoktur ve \u00e7ocuklar\u0131n en b\u00fcy\u00fck hayali onlara annelik yapacak bir k\u0131z\u0131n adaya gelmesidir. Bir aksam Peter Pan, Wendy ve karde\u015fleri John ve Michael&#8217;\u0131n kald\u0131\u011f\u0131 odaya gelir ve hi\u00e7bir zaman b\u00fcy\u00fcmeyen ve b\u00fcy\u00fcmek istemeyen Peter, \u00fc\u00e7 karde\u015fi al\u0131p Var Olmayan \u00dclke&#8217;ye u\u00e7arak gideceklerini s\u00f6yler ve t\u00fcm macera i\u015fte bundan sonra ba\u015flar. <\/p>\n","protected":false},"excerpt":{"rendered":"<p>Dad\u0131lar\u0131n\u0131n bir anl\u0131k ihmalk\u00e2rl\u0131\u011f\u0131 sonucunda bebek arabalar\u0131ndan d\u00fc\u015fen \u00e7ocuklara ne olur? E\u011fer bulunamazlarsa onlar\u0131 Peter Pan al\u0131r ve Var Olmayan \u00dclke&#8217;ye g\u00f6t\u00fcr\u00fcr. Bu adada t\u00fcm \u00e7ocuklar\u0131n<span class=\"excerpt-hellip\"> [\u2026]<\/span><\/p>\n","protected":false},"featured_media":0,"template":"","meta":{"_monsterinsights_skip_tracking":false,"_monsterinsights_sitenote_active":false,"_monsterinsights_sitenote_note":"","_monsterinsights_sitenote_category":0},"product_brand":[],"product_cat":[12274,12467],"product_tag":[],"class_list":{"0":"post-733508","1":"product","2":"type-product","3":"status-publish","5":"product_cat-cocuk-ve-genclik-kitaplari","6":"product_cat-dunya-klasikleri","7":"pa_cilt-ciltsiz","8":"pa_tur-kitap","9":"pa_yayinevi-sifir6-yayinevi","10":"pa_yazar-james-matthew-barrie","12":"first","13":"instock","14":"sale","15":"shipping-taxable","16":"purchasable","17":"product-type-simple"},"_links":{"self":[{"href":"https:\/\/roveyayinevi.com.tr\/index.php\/wp-json\/wp\/v2\/product\/733508","targetHints":{"allow":["GET"]}}],"collection":[{"href":"https:\/\/roveyayinevi.com.tr\/index.php\/wp-json\/wp\/v2\/product"}],"about":[{"href":"https:\/\/roveyayinevi.com.tr\/index.php\/wp-json\/wp\/v2\/types\/product"}],"wp:attachment":[{"href":"https:\/\/roveyayinevi.com.tr\/index.php\/wp-json\/wp\/v2\/media?parent=733508"}],"wp:term":[{"taxonomy":"product_brand","embeddable":true,"href":"https:\/\/roveyayinevi.com.tr\/index.php\/wp-json\/wp\/v2\/product_brand?post=733508"},{"taxonomy":"product_cat","embeddable":true,"href":"https:\/\/roveyayinevi.com.tr\/index.php\/wp-json\/wp\/v2\/product_cat?post=733508"},{"taxonomy":"product_tag","embeddable":true,"href":"https:\/\/roveyayinevi.com.tr\/index.php\/wp-json\/wp\/v2\/product_tag?post=733508"}],"curies":[{"name":"wp","href":"https:\/\/api.w.org\/{rel}","templated":true}]}}