{"id":733507,"date":"2025-08-27T22:11:20","date_gmt":"2025-08-27T19:11:20","guid":{"rendered":"https:\/\/roveyayinevi.com.tr\/index.php\/urun\/soguk-savas-donemi-turkiyesinde-antikomunizm-ve-antiemperyalizm-algisi\/"},"modified":"2026-04-16T02:41:29","modified_gmt":"2026-04-15T23:41:29","slug":"soguk-savas-donemi-turkiyesinde-antikomunizm-ve-antiemperyalizm-algisi","status":"publish","type":"product","link":"https:\/\/roveyayinevi.com.tr\/index.php\/urun\/soguk-savas-donemi-turkiyesinde-antikomunizm-ve-antiemperyalizm-algisi\/","title":{"rendered":"So\u011fuk Sava\u015f D\u00f6nemi T\u00fcrkiye&#8217;sinde Antikom\u00fcnizm ve Antiemperyalizm Alg\u0131s\u0131"},"content":{"rendered":"<p>So\u011fuk Sava\u015f, \u0130kinci D\u00fcnya Sava\u015f\u0131ndan sonra ABD ve SSCB aras\u0131nda ba\u015flad\u0131. Her ne kadar \u0130kinci D\u00fcnya Sava\u015f\u0131nda ayn\u0131 blokta yer alsalar da asl\u0131nda kapitalist ABD ile kom\u00fcnist SSCB\u2019nin politik ve ekonomik sistemleri birbirine z\u0131tt\u0131. D\u00fcnya H\u00e2kimiyeti i\u00e7in kendilerine m\u00fcttefik bulmak isteyen bu iki farkl\u0131 ideoloji, silahlardan ziyade daha \u00e7ok siyasi ve ekonomik y\u00f6nden propagandayla n\u00fcfuzlar\u0131n\u0131 artt\u0131rmay\u0131 tercih etti. Kapitalist bir devletin \u00f6zellikleri aras\u0131nda serbest pazar ekonomisi ve parlamenter demokrasi vard\u0131. H\u00fck\u00fcmetler serbest ve a\u00e7\u0131k se\u00e7imlerle, \u201ddemokratik\u201d olarak se\u00e7ilme imk\u00e2n\u0131na sahipti. Genellikle ifade \u00f6zg\u00fcrl\u00fc\u011f\u00fcne de\u011fer verilirken, ekonomi b\u00fcy\u00fck \u00f6l\u00e7\u00fcde devlet kontrol\u00fcnden uzakt\u0131. Buna kar\u015f\u0131l\u0131k, bir \u201ckom\u00fcnist\u201d devlet olan SSCB merkezden y\u00f6netilirken; ekonominin ve toplumun kontrol\u00fc kesinlikle Kom\u00fcnist Parti \u00f6nderli\u011findeki H\u00fck\u00fcmetin elindeydi. Yani en az\u0131ndan d\u00f6nem boyunca yap\u0131lan propagandalar bu \u015fekildeydi. Peki, iki farkl\u0131 \u00f6zelli\u011fe sahip devletin ba\u015f\u0131 se\u00e7ti\u011fi ve neredeyse d\u00fcnyadaki hi\u00e7bir devletin ka\u00e7\u0131namad\u0131\u011f\u0131 bu s\u00fcre\u00e7te T\u00fcrkiye\u2019nin se\u00e7imlerine etki eden unsur neydi: ekonomi mi politika m\u0131 g\u00fcvenlik mi yoksa k\u00fclt\u00fcr m\u00fc? T\u00fcrkiye\u2019de So\u011fuk Sava\u015f boyunca ya\u015fanan tart\u0131\u015fmalar\u0131 ya da se\u00e7imleri ne derecede ger\u00e7ekten ideolojiler belirledi? Elinizdeki kitap bu sorulara yan\u0131t vermek i\u00e7in haz\u0131rlanm\u0131\u015ft\u0131r.<\/p>\n","protected":false},"excerpt":{"rendered":"<p>So\u011fuk Sava\u015f, \u0130kinci D\u00fcnya Sava\u015f\u0131ndan sonra ABD ve SSCB aras\u0131nda ba\u015flad\u0131. Her ne kadar \u0130kinci D\u00fcnya Sava\u015f\u0131nda ayn\u0131 blokta yer alsalar da asl\u0131nda kapitalist ABD ile<span class=\"excerpt-hellip\"> [\u2026]<\/span><\/p>\n","protected":false},"featured_media":0,"template":"","meta":{"_monsterinsights_skip_tracking":false,"_monsterinsights_sitenote_active":false,"_monsterinsights_sitenote_note":"","_monsterinsights_sitenote_category":0},"product_brand":[],"product_cat":[12337,14543],"product_tag":[],"class_list":{"0":"post-733507","1":"product","2":"type-product","3":"status-publish","5":"product_cat-politika-siyaset","6":"product_cat-turkiye-siyaseti-ve-politikasi","7":"pa_cilt-ciltsiz","8":"pa_tur-kitap","9":"pa_yayinevi-siyasal-kitabevi-akademik-kitaplar","10":"pa_yazar-hilal-karavar","12":"first","13":"instock","14":"sale","15":"shipping-taxable","16":"purchasable","17":"product-type-simple"},"_links":{"self":[{"href":"https:\/\/roveyayinevi.com.tr\/index.php\/wp-json\/wp\/v2\/product\/733507","targetHints":{"allow":["GET"]}}],"collection":[{"href":"https:\/\/roveyayinevi.com.tr\/index.php\/wp-json\/wp\/v2\/product"}],"about":[{"href":"https:\/\/roveyayinevi.com.tr\/index.php\/wp-json\/wp\/v2\/types\/product"}],"wp:attachment":[{"href":"https:\/\/roveyayinevi.com.tr\/index.php\/wp-json\/wp\/v2\/media?parent=733507"}],"wp:term":[{"taxonomy":"product_brand","embeddable":true,"href":"https:\/\/roveyayinevi.com.tr\/index.php\/wp-json\/wp\/v2\/product_brand?post=733507"},{"taxonomy":"product_cat","embeddable":true,"href":"https:\/\/roveyayinevi.com.tr\/index.php\/wp-json\/wp\/v2\/product_cat?post=733507"},{"taxonomy":"product_tag","embeddable":true,"href":"https:\/\/roveyayinevi.com.tr\/index.php\/wp-json\/wp\/v2\/product_tag?post=733507"}],"curies":[{"name":"wp","href":"https:\/\/api.w.org\/{rel}","templated":true}]}}