{"id":733506,"date":"2025-08-27T22:11:19","date_gmt":"2025-08-27T19:11:19","guid":{"rendered":"https:\/\/roveyayinevi.com.tr\/index.php\/urun\/isletmecilikte-donusum\/"},"modified":"2026-04-16T02:41:29","modified_gmt":"2026-04-15T23:41:29","slug":"isletmecilikte-donusum","status":"publish","type":"product","link":"https:\/\/roveyayinevi.com.tr\/index.php\/urun\/isletmecilikte-donusum\/","title":{"rendered":"\u0130\u015fletmecilikte D\u00f6n\u00fc\u015f\u00fcm"},"content":{"rendered":"<p>\u00c7evrenin ve teknolojinin h\u0131zla de\u011fi\u015fti\u011fi g\u00fcn\u00fcm\u00fczde, i\u015fletmeler bu d\u00f6n\u00fc\u015f\u00fcme ayak uydurabilmek i\u00e7in kendilerini d\u00f6n\u00fc\u015ft\u00fcrmekte ve h\u0131zla dijitalle\u015ftirmektedir. Geleneksel i\u015f yapma usulleri ve bak\u0131\u015f a\u00e7\u0131lar\u0131 yerini yeni d\u00fcnya d\u00fczeni ve kurallar\u0131na uygun yeni y\u00f6ntemlere b\u0131rakm\u0131\u015ft\u0131r. Ba\u015f d\u00f6nd\u00fcr\u00fcc\u00fc teknolojik geli\u015fmeler, bireylerin, y\u00f6neticilerin ve i\u015fletme sahiplerinin bak\u0131\u015f a\u00e7\u0131lar\u0131n\u0131, i\u015fletmelerin i\u015fleyi\u015flerini ve piyasa yap\u0131lar\u0131n\u0131 da de\u011fi\u015ftirmi\u015ftir. Bu do\u011frultuda, elinizdeki kitab\u0131n amac\u0131, \u00f6\u011frenci, y\u00f6netici, giri\u015fimci, akademisyen ve konuyla ilgilenenlerin, i\u015fletmecilikteki bu d\u00f6n\u00fc\u015f\u00fcm\u00fc anlayabilmesi ve farkl\u0131 bak\u0131\u015f a\u00e7\u0131lar\u0131 geli\u015ftirebilmesine yard\u0131mc\u0131 olmaktad\u0131r. Kitap, finansman, \u00fcretim y\u00f6netimi, muhasebe, denetim, pazarlama, y\u00f6netim ve organizasyon gibi i\u015flemecilik alan\u0131ndaki g\u00fcncel b\u00f6l\u00fcmlerden olu\u015fmaktad\u0131r. \u00c7al\u0131\u015fmada eme\u011fi ge\u00e7en t\u00fcm akademisyenlere te\u015fekk\u00fcr ederiz.<\/p>\n","protected":false},"excerpt":{"rendered":"<p>\u00c7evrenin ve teknolojinin h\u0131zla de\u011fi\u015fti\u011fi g\u00fcn\u00fcm\u00fczde, i\u015fletmeler bu d\u00f6n\u00fc\u015f\u00fcme ayak uydurabilmek i\u00e7in kendilerini d\u00f6n\u00fc\u015ft\u00fcrmekte ve h\u0131zla dijitalle\u015ftirmektedir. Geleneksel i\u015f yapma usulleri ve bak\u0131\u015f a\u00e7\u0131lar\u0131 yerini yeni<span class=\"excerpt-hellip\"> [\u2026]<\/span><\/p>\n","protected":false},"featured_media":0,"template":"","meta":{"_monsterinsights_skip_tracking":false,"_monsterinsights_sitenote_active":false,"_monsterinsights_sitenote_note":"","_monsterinsights_sitenote_category":0},"product_brand":[],"product_cat":[13043,14381],"product_tag":[],"class_list":{"0":"post-733506","1":"product","2":"type-product","3":"status-publish","5":"product_cat-ekonomi","6":"product_cat-isletme-muhasebe-maliye","7":"pa_cilt-ciltsiz","8":"pa_tur-kitap","9":"pa_yayinevi-siyasal-kitabevi-akademik-kitaplar","10":"pa_yazar-esra-burcu-bulgurcu-gurel-eymen-gurel","12":"first","13":"instock","14":"sale","15":"shipping-taxable","16":"purchasable","17":"product-type-simple"},"_links":{"self":[{"href":"https:\/\/roveyayinevi.com.tr\/index.php\/wp-json\/wp\/v2\/product\/733506","targetHints":{"allow":["GET"]}}],"collection":[{"href":"https:\/\/roveyayinevi.com.tr\/index.php\/wp-json\/wp\/v2\/product"}],"about":[{"href":"https:\/\/roveyayinevi.com.tr\/index.php\/wp-json\/wp\/v2\/types\/product"}],"wp:attachment":[{"href":"https:\/\/roveyayinevi.com.tr\/index.php\/wp-json\/wp\/v2\/media?parent=733506"}],"wp:term":[{"taxonomy":"product_brand","embeddable":true,"href":"https:\/\/roveyayinevi.com.tr\/index.php\/wp-json\/wp\/v2\/product_brand?post=733506"},{"taxonomy":"product_cat","embeddable":true,"href":"https:\/\/roveyayinevi.com.tr\/index.php\/wp-json\/wp\/v2\/product_cat?post=733506"},{"taxonomy":"product_tag","embeddable":true,"href":"https:\/\/roveyayinevi.com.tr\/index.php\/wp-json\/wp\/v2\/product_tag?post=733506"}],"curies":[{"name":"wp","href":"https:\/\/api.w.org\/{rel}","templated":true}]}}