{"id":733505,"date":"2025-08-27T22:11:18","date_gmt":"2025-08-27T19:11:18","guid":{"rendered":"https:\/\/roveyayinevi.com.tr\/index.php\/urun\/islamin-dogusunda-muhammed-ve-inananlar\/"},"modified":"2026-04-16T02:41:29","modified_gmt":"2026-04-15T23:41:29","slug":"islamin-dogusunda-muhammed-ve-inananlar","status":"publish","type":"product","link":"https:\/\/roveyayinevi.com.tr\/index.php\/urun\/islamin-dogusunda-muhammed-ve-inananlar\/","title":{"rendered":"\u0130slam&#8217;\u0131n Do\u011fu\u015funda Muhammed ve \u0130nananlar"},"content":{"rendered":"<p>Bu eserde \u0130slam dininin olu\u015fum s\u00fcreci, yayg\u0131n olarak kabul g\u00f6rm\u00fc\u015f olan geleneksel indirgemeci ve idealle\u015ftirici anlat\u0131lara meydan okuyan bir tarzda ele al\u0131nmaktad\u0131r. Burada yer verilen tezlerde, Hz. Muhammed apayr\u0131 ve \u00f6zg\u00fcn bir dinin kurucusu olarak de\u011fil, tevhit inanc\u0131na ba\u011fl\u0131 herkesi bir araya getiren ek\u00fcmenik, kapsay\u0131c\u0131 bir hareketin, \u201c\u0130nananlar Hareketi\u201dnin lideri olarak sunulurken d\u0131\u015flay\u0131c\u0131 bir kimlik olarak M\u00fcsl\u00fcmanl\u0131\u011f\u0131n, tarihsel s\u00fcre\u00e7 i\u00e7inde nas\u0131l \u015fekillendi\u011fine dair kayda de\u011fer bir perspektif ileri s\u00fcr\u00fcl\u00fcr. Fred M. Donner, bu \u00e7al\u0131\u015fmas\u0131nda, \u0130slam\u2019\u0131n olu\u015fum d\u00f6nemindeki bir\u00e7ok tarihsel veriyi teolojik kayg\u0131lara dayanan veya maddi ko\u015fullara a\u015f\u0131r\u0131 \u00f6nem atfederek manevi motivasyonu g\u00f6z ard\u0131 eden yakla\u015f\u0131mlarla anlamland\u0131rmak yerine, ba\u015fl\u0131ca tarihsel kaynak olarak her \u015feyden \u00f6nce Kur\u2019an\u2019a ba\u015fvurmakta ve klasik d\u00f6neme ait kaynaklar\u0131 da ele\u015ftiriye t\u00e2bi tutmaktad\u0131r.<\/p>\n","protected":false},"excerpt":{"rendered":"<p>Bu eserde \u0130slam dininin olu\u015fum s\u00fcreci, yayg\u0131n olarak kabul g\u00f6rm\u00fc\u015f olan geleneksel indirgemeci ve idealle\u015ftirici anlat\u0131lara meydan okuyan bir tarzda ele al\u0131nmaktad\u0131r. Burada yer verilen tezlerde,<span class=\"excerpt-hellip\"> [\u2026]<\/span><\/p>\n","protected":false},"featured_media":0,"template":"","meta":{"_monsterinsights_skip_tracking":false,"_monsterinsights_sitenote_active":false,"_monsterinsights_sitenote_note":"","_monsterinsights_sitenote_category":0},"product_brand":[],"product_cat":[12718,12719,18109],"product_tag":[],"class_list":{"0":"post-733505","1":"product","2":"type-product","3":"status-publish","5":"product_cat-din","6":"product_cat-islam","7":"product_cat-islam-tarihi","8":"pa_cilt-ciltsiz","9":"pa_tur-kitap","10":"pa_yayinevi-phoenix-yayinevi","11":"pa_yazar-fred-m-donner","13":"first","14":"instock","15":"sale","16":"shipping-taxable","17":"purchasable","18":"product-type-simple"},"_links":{"self":[{"href":"https:\/\/roveyayinevi.com.tr\/index.php\/wp-json\/wp\/v2\/product\/733505","targetHints":{"allow":["GET"]}}],"collection":[{"href":"https:\/\/roveyayinevi.com.tr\/index.php\/wp-json\/wp\/v2\/product"}],"about":[{"href":"https:\/\/roveyayinevi.com.tr\/index.php\/wp-json\/wp\/v2\/types\/product"}],"wp:attachment":[{"href":"https:\/\/roveyayinevi.com.tr\/index.php\/wp-json\/wp\/v2\/media?parent=733505"}],"wp:term":[{"taxonomy":"product_brand","embeddable":true,"href":"https:\/\/roveyayinevi.com.tr\/index.php\/wp-json\/wp\/v2\/product_brand?post=733505"},{"taxonomy":"product_cat","embeddable":true,"href":"https:\/\/roveyayinevi.com.tr\/index.php\/wp-json\/wp\/v2\/product_cat?post=733505"},{"taxonomy":"product_tag","embeddable":true,"href":"https:\/\/roveyayinevi.com.tr\/index.php\/wp-json\/wp\/v2\/product_tag?post=733505"}],"curies":[{"name":"wp","href":"https:\/\/api.w.org\/{rel}","templated":true}]}}