{"id":733504,"date":"2025-08-27T22:11:17","date_gmt":"2025-08-27T19:11:17","guid":{"rendered":"https:\/\/roveyayinevi.com.tr\/index.php\/urun\/bir-donemin-tanigi\/"},"modified":"2026-04-16T02:41:29","modified_gmt":"2026-04-15T23:41:29","slug":"bir-donemin-tanigi","status":"publish","type":"product","link":"https:\/\/roveyayinevi.com.tr\/index.php\/urun\/bir-donemin-tanigi\/","title":{"rendered":"Bir D\u00f6nemin Tan\u0131\u011f\u0131"},"content":{"rendered":"<p>\u201c\u2026 Sabaha kar\u015f\u0131 gizlice e\u015fe\u011fi ah\u0131rdan \u00e7\u0131kartarak tak\u0131lm\u0131\u015ft\u0131 kasabaya giden bir-iki k\u00f6yl\u00fcn\u00fcn arkas\u0131na. Ailesi okumas\u0131n\u0131 istemiyordu. S\u0131nav yola \u00e7\u0131kt\u0131\u011f\u0131 g\u00fcn\u00fcn ertesi g\u00fcn\u00fcyd\u00fc. Her elini kolunu sallayan\u0131n gelince s\u0131nava girebilece\u011fini sanacak kadar \u00e7ocuk ya\u015ftayd\u0131. Hafik kazas\u0131na vard\u0131klar\u0131nda bir dizi s\u00fcrpriz beklemekteydi onu. Ba\u015fvuru d\u00f6nemi ge\u00e7mi\u015fti. N\u00fcfus c\u00fczdan\u0131n\u0131 sordular; yoktu. Hafik ilk\u00f6\u011fretim M\u00fcd\u00fcr\u00fc Gaffar Beyin yan\u0131na gitti. Gaffar Bey ba\u015fvuru d\u00f6neminin ge\u00e7ti\u011fini ama babas\u0131n\u0131n gelmesi halinde ona bir \u015fans verebilece\u011fini s\u00f6ylemi\u015fti. Dilinin vard\u0131\u011f\u0131nca derdini anlatt\u0131 Gaffar Beye. \u00c7ocu\u011fun \u00e7aresizli\u011fi ve tutku derecesindeki okuma iste\u011fi Gaffar Beyi derinden etkilemi\u015fti. Bir not yaz\u0131p Aziz\u2019i Hafik Kaymakam\u0131na g\u00f6nderdi. Hafik kaymakam\u0131 konuya vak\u0131f olunca, n\u00fcfus c\u00fczdan\u0131n\u0131 \u00e7\u0131kartt\u0131rmas\u0131 i\u00e7in n\u00fcfus memuruna g\u00f6nderdi Aziz\u2019i. N\u00fcfus memuru yan\u0131ndan velisi olmad\u0131\u011f\u0131 gerek\u00e7esiyle onu geri \u00e7evirmi\u015fti. Aziz vaz ge\u00e7mek niyetinde de\u011fildi. Tekrar Kaymakama \u00e7\u0131kt\u0131. Kaymakam Aziz\u2019in yan\u0131na bir g\u00f6revli vererek tekrar onu n\u00fcfus memuruna g\u00f6ndermi\u015fti. Beraber, k\u00f6yden birlikte geldikleri k\u00f6yl\u00fclerden birini kasabadan bulup, \u015fahit olarak yanlar\u0131na alarak n\u00fcfus memurunu ikna etmi\u015f ve n\u00fcfus c\u00fczdan\u0131n\u0131 \u00e7\u0131kartt\u0131rtm\u0131\u015flard\u0131. N\u00fcfus c\u00fczdan\u0131 tamamd\u0131 art\u0131k. Ertesi g\u00fcn b\u00fcy\u00fck bir heyecanla yaz\u0131l\u0131 s\u0131nava girmi\u015f ve ba\u015far\u0131yla Pamukp\u0131nar K\u00f6y Enstit\u00fcs\u00fcnde oluma hakk\u0131n\u0131 kazanm\u0131\u015ft\u0131 \u2026\u201dBu kitap k\u00f6y enstit\u00fcleri uygulamas\u0131 sayesinde okuyabilen ve \u00fcst d\u00fczey b\u00fcrokraside g\u00f6revler \u00fcstlenen bir k\u00f6y \u00e7ocu\u011funun hayat\u0131 \u00fczerinden yak\u0131n d\u00f6nem Cumhuriyet Tarihine \u0131\u015f\u0131k tutmak amac\u0131yla kaleme al\u0131nm\u0131\u015ft\u0131r.G\u00fclen Elmas Arslan<\/p>\n","protected":false},"excerpt":{"rendered":"<p>\u201c\u2026 Sabaha kar\u015f\u0131 gizlice e\u015fe\u011fi ah\u0131rdan \u00e7\u0131kartarak tak\u0131lm\u0131\u015ft\u0131 kasabaya giden bir-iki k\u00f6yl\u00fcn\u00fcn arkas\u0131na. Ailesi okumas\u0131n\u0131 istemiyordu. S\u0131nav yola \u00e7\u0131kt\u0131\u011f\u0131 g\u00fcn\u00fcn ertesi g\u00fcn\u00fcyd\u00fc. Her elini kolunu sallayan\u0131n<span class=\"excerpt-hellip\"> [\u2026]<\/span><\/p>\n","protected":false},"featured_media":0,"template":"","meta":{"_monsterinsights_skip_tracking":false,"_monsterinsights_sitenote_active":false,"_monsterinsights_sitenote_note":"","_monsterinsights_sitenote_category":0},"product_brand":[],"product_cat":[13946,12304],"product_tag":[],"class_list":{"0":"post-733504","1":"product","2":"type-product","3":"status-publish","5":"product_cat-biyografi-otobiyografi","6":"product_cat-tarih","7":"pa_cilt-ciltsiz","8":"pa_tur-kitap","9":"pa_yayinevi-phoenix-yayinevi","10":"pa_yazar-gulen-elmas-arslan","12":"first","13":"instock","14":"sale","15":"shipping-taxable","16":"purchasable","17":"product-type-simple"},"_links":{"self":[{"href":"https:\/\/roveyayinevi.com.tr\/index.php\/wp-json\/wp\/v2\/product\/733504","targetHints":{"allow":["GET"]}}],"collection":[{"href":"https:\/\/roveyayinevi.com.tr\/index.php\/wp-json\/wp\/v2\/product"}],"about":[{"href":"https:\/\/roveyayinevi.com.tr\/index.php\/wp-json\/wp\/v2\/types\/product"}],"wp:attachment":[{"href":"https:\/\/roveyayinevi.com.tr\/index.php\/wp-json\/wp\/v2\/media?parent=733504"}],"wp:term":[{"taxonomy":"product_brand","embeddable":true,"href":"https:\/\/roveyayinevi.com.tr\/index.php\/wp-json\/wp\/v2\/product_brand?post=733504"},{"taxonomy":"product_cat","embeddable":true,"href":"https:\/\/roveyayinevi.com.tr\/index.php\/wp-json\/wp\/v2\/product_cat?post=733504"},{"taxonomy":"product_tag","embeddable":true,"href":"https:\/\/roveyayinevi.com.tr\/index.php\/wp-json\/wp\/v2\/product_tag?post=733504"}],"curies":[{"name":"wp","href":"https:\/\/api.w.org\/{rel}","templated":true}]}}