{"id":733503,"date":"2025-08-27T22:11:16","date_gmt":"2025-08-27T19:11:16","guid":{"rendered":"https:\/\/roveyayinevi.com.tr\/index.php\/urun\/pollyanna-14\/"},"modified":"2026-04-16T02:41:29","modified_gmt":"2026-04-15T23:41:29","slug":"pollyanna-14","status":"publish","type":"product","link":"https:\/\/roveyayinevi.com.tr\/index.php\/urun\/pollyanna-14\/","title":{"rendered":"Pollyanna"},"content":{"rendered":"<p>Pollyanna\u2019n\u0131n ya\u015fam felsefesi \u201cMutluluk Oyunu\u201d ve babas\u0131ndan \u00f6\u011frendi\u011fi iyimser tutumdur.            \u201cMutluluk Oyunu\u201d ya\u015fl\u0131 bir kad\u0131n, babas\u0131yla ona koltuk de\u011fneklerini verirken: \u201cBu de\u011fneklere bak\u0131p onlara ihtiyac\u0131n olmad\u0131\u011f\u0131 i\u00e7in sevin.\u201d dedi\u011finde ba\u015flam\u0131\u015ft\u0131r. Annesini \u00e7ok k\u00fc\u00e7\u00fck ya\u015fta kaybeden Pollyanna, babas\u0131n\u0131 da kaybedince teyzesi Polly ile ya\u015famak zorunda kal\u0131r. Pollyanna, mutluluk oyunu sayesinde teyzesinin kat\u0131 kalbini yumu\u015fat\u0131p mutlu olmas\u0131n\u0131 sa\u011flamaya \u00e7al\u0131\u015fmaktad\u0131r.<\/p>\n","protected":false},"excerpt":{"rendered":"<p>Pollyanna\u2019n\u0131n ya\u015fam felsefesi \u201cMutluluk Oyunu\u201d ve babas\u0131ndan \u00f6\u011frendi\u011fi iyimser tutumdur. \u201cMutluluk Oyunu\u201d ya\u015fl\u0131 bir kad\u0131n, babas\u0131yla ona koltuk de\u011fneklerini verirken: \u201cBu de\u011fneklere bak\u0131p onlara ihtiyac\u0131n olmad\u0131\u011f\u0131<span class=\"excerpt-hellip\"> [\u2026]<\/span><\/p>\n","protected":false},"featured_media":0,"template":"","meta":{"_monsterinsights_skip_tracking":false,"_monsterinsights_sitenote_active":false,"_monsterinsights_sitenote_note":"","_monsterinsights_sitenote_category":0},"product_brand":[],"product_cat":[12274,12467],"product_tag":[],"class_list":{"0":"post-733503","1":"product","2":"type-product","3":"status-publish","5":"product_cat-cocuk-ve-genclik-kitaplari","6":"product_cat-dunya-klasikleri","7":"pa_cilt-ciltsiz","8":"pa_tur-kitap","9":"pa_yayinevi-sifir6-yayinevi","10":"pa_yazar-eleanor-h-porter","12":"first","13":"instock","14":"sale","15":"shipping-taxable","16":"purchasable","17":"product-type-simple"},"_links":{"self":[{"href":"https:\/\/roveyayinevi.com.tr\/index.php\/wp-json\/wp\/v2\/product\/733503","targetHints":{"allow":["GET"]}}],"collection":[{"href":"https:\/\/roveyayinevi.com.tr\/index.php\/wp-json\/wp\/v2\/product"}],"about":[{"href":"https:\/\/roveyayinevi.com.tr\/index.php\/wp-json\/wp\/v2\/types\/product"}],"wp:attachment":[{"href":"https:\/\/roveyayinevi.com.tr\/index.php\/wp-json\/wp\/v2\/media?parent=733503"}],"wp:term":[{"taxonomy":"product_brand","embeddable":true,"href":"https:\/\/roveyayinevi.com.tr\/index.php\/wp-json\/wp\/v2\/product_brand?post=733503"},{"taxonomy":"product_cat","embeddable":true,"href":"https:\/\/roveyayinevi.com.tr\/index.php\/wp-json\/wp\/v2\/product_cat?post=733503"},{"taxonomy":"product_tag","embeddable":true,"href":"https:\/\/roveyayinevi.com.tr\/index.php\/wp-json\/wp\/v2\/product_tag?post=733503"}],"curies":[{"name":"wp","href":"https:\/\/api.w.org\/{rel}","templated":true}]}}