{"id":733500,"date":"2025-08-27T22:11:13","date_gmt":"2025-08-27T19:11:13","guid":{"rendered":"https:\/\/roveyayinevi.com.tr\/index.php\/urun\/guzellik-ve-askin-sairi-seyh-galip\/"},"modified":"2026-04-16T02:41:29","modified_gmt":"2026-04-15T23:41:29","slug":"guzellik-ve-askin-sairi-seyh-galip","status":"publish","type":"product","link":"https:\/\/roveyayinevi.com.tr\/index.php\/urun\/guzellik-ve-askin-sairi-seyh-galip\/","title":{"rendered":"G\u00fczellik ve A\u015fk\u0131n \u015eairi \u015eeyh Galip"},"content":{"rendered":"<p>\u015eeyh Galip i\u00e7in, \u201cKlasik \u015fiirin doru\u011fu, modern \u015fiirimizin ba\u015flang\u0131c\u0131\u201d denir. Geleneksel \u015fiirimizin onunla zirveye ula\u015ft\u0131\u011f\u0131n\u0131 s\u00f6ylemek de m\u00fcmk\u00fcn. \u015eeyh Galip; eskimeyen yeni, yeninin de ilkidir. Gerek irfan d\u00fczeyinde gerek estetik d\u00fczeyde zirveden ilham almak isteyenler onun \u015fiirine m\u00fcracaat etmektedir. Divan \u015fiiri onunla yenilenmi\u015f, onun olu\u015fturdu\u011fu yeni, sonraki b\u00fct\u00fcn yenilerin kayna\u011f\u0131 olmu\u015ftur.Naz\u0131m Hikmet\u2019in terc\u00fcme etti\u011fi \u015eeyh Galip \u015fiirini defalarca dinleyen Mayakovski, \u201cBizim ula\u015fmak i\u00e7in \u00e7\u0131rp\u0131n\u0131p durdu\u011fumuz \u015fiir idealine me\u011fer sizin eski \u015fairleriniz \u00e7oktan ermi\u015fler.\u201d demekten kendini alamaz.B\u00f6ylesine i\u00e7li bir sesin hayat\u0131n\u0131, \u015fiirlerini ve zirve eseri H\u00fcsn \u00fc A\u015fk\u2019\u0131 g\u00fcn\u00fcm\u00fcz okuru i\u00e7in kaleme alan Do\u00e7. Dr. Recep Demir \u015fairin d\u00fcnyas\u0131n\u0131 bug\u00fcnle, bug\u00fcn\u00fc de \u015fairin d\u00fcnyas\u0131yla bulu\u015fturuyor.<\/p>\n","protected":false},"excerpt":{"rendered":"<p>\u015eeyh Galip i\u00e7in, \u201cKlasik \u015fiirin doru\u011fu, modern \u015fiirimizin ba\u015flang\u0131c\u0131\u201d denir. Geleneksel \u015fiirimizin onunla zirveye ula\u015ft\u0131\u011f\u0131n\u0131 s\u00f6ylemek de m\u00fcmk\u00fcn. \u015eeyh Galip; eskimeyen yeni, yeninin de ilkidir. Gerek<span class=\"excerpt-hellip\"> [\u2026]<\/span><\/p>\n","protected":false},"featured_media":0,"template":"","meta":{"_monsterinsights_skip_tracking":false,"_monsterinsights_sitenote_active":false,"_monsterinsights_sitenote_note":"","_monsterinsights_sitenote_category":0},"product_brand":[],"product_cat":[13072,12291],"product_tag":[],"class_list":{"0":"post-733500","1":"product","2":"type-product","3":"status-publish","5":"product_cat-arastirma-inceleme-referans","6":"product_cat-edebiyat","7":"pa_cilt-ciltsiz","8":"pa_tur-kitap","9":"pa_yayinevi-muhit-kitap","10":"pa_yazar-recep-demir","12":"first","13":"instock","14":"sale","15":"shipping-taxable","16":"purchasable","17":"product-type-simple"},"_links":{"self":[{"href":"https:\/\/roveyayinevi.com.tr\/index.php\/wp-json\/wp\/v2\/product\/733500","targetHints":{"allow":["GET"]}}],"collection":[{"href":"https:\/\/roveyayinevi.com.tr\/index.php\/wp-json\/wp\/v2\/product"}],"about":[{"href":"https:\/\/roveyayinevi.com.tr\/index.php\/wp-json\/wp\/v2\/types\/product"}],"wp:attachment":[{"href":"https:\/\/roveyayinevi.com.tr\/index.php\/wp-json\/wp\/v2\/media?parent=733500"}],"wp:term":[{"taxonomy":"product_brand","embeddable":true,"href":"https:\/\/roveyayinevi.com.tr\/index.php\/wp-json\/wp\/v2\/product_brand?post=733500"},{"taxonomy":"product_cat","embeddable":true,"href":"https:\/\/roveyayinevi.com.tr\/index.php\/wp-json\/wp\/v2\/product_cat?post=733500"},{"taxonomy":"product_tag","embeddable":true,"href":"https:\/\/roveyayinevi.com.tr\/index.php\/wp-json\/wp\/v2\/product_tag?post=733500"}],"curies":[{"name":"wp","href":"https:\/\/api.w.org\/{rel}","templated":true}]}}