{"id":733495,"date":"2025-08-27T22:11:09","date_gmt":"2025-08-27T19:11:09","guid":{"rendered":"https:\/\/roveyayinevi.com.tr\/index.php\/urun\/birey-sorunsalindan-solun-melankolisine-psikanalizin-marksizmle-yoldasligi\/"},"modified":"2026-04-16T02:41:29","modified_gmt":"2026-04-15T23:41:29","slug":"birey-sorunsalindan-solun-melankolisine-psikanalizin-marksizmle-yoldasligi","status":"publish","type":"product","link":"https:\/\/roveyayinevi.com.tr\/index.php\/urun\/birey-sorunsalindan-solun-melankolisine-psikanalizin-marksizmle-yoldasligi\/","title":{"rendered":"Birey Sorunsal\u0131ndan Solun Melankolisine Psikanalizin Marksizmle Yolda\u015fl\u0131\u011f\u0131"},"content":{"rendered":"<p>&#8216;Verili kendi ile ba\u015f\u0131 ho\u015f olmayan\u0131n ho\u015fnutsuzlu\u011funu sorunsalla\u015ft\u0131r\u0131p kendini kuran hakikate do\u011fru yol alma \u00e7abas\u0131&#8217; olarak tan\u0131mlam\u0131\u015ft\u0131m, psikanalizi -Freud&#8217;un Psikanalizi&#8217;ni kapat\u0131rken. Mevcuda iz d\u00fc\u015f\u00fcren namevcudun, birtak\u0131m emarelerle kendini g\u00f6steren o hayaletin, bilince musallat olan tekinsizin pe\u015fine d\u00fc\u015f\u00fclen; kurulu\u015fun &#8216;maddi tarihselli\u011fi&#8217; i\u00e7inden yol al\u0131p \u015fimdinin -&#8220;varolu\u015fsal \u00f6zerklik&#8221;e h\u00fcrmet ve hevesle- yeniden in\u015fa edildi\u011fi bir yarat\u0131c\u0131 edim olarak. Bu kitapta ise, kavruk otlar misali tutu\u015fan sevdam\u0131zdan, k\u0131r\u0131lan hayallerimizden, ya\u015fananda u\u00e7 veren melankolimizden hareketle tekinsiz(li\u011f)in pe\u015fine d\u00fc\u015f\u00fcp kurucu hakikatimize do\u011fru yol almaya \u00e7al\u0131\u015ft\u0131m. &#8220;Kom\u00fcnist arzu&#8221;nun -bir anlamda, &#8216;Gen\u00e7 Marx&#8217;\u0131n&#8217;- nerede\/nas\u0131l bast\u0131r\u0131ld\u0131\u011f\u0131n\u0131 anlamaya. Maluliyetimizle t\u0131mar olup kom\u00fcnist arzuyu ayakland\u0131rmaya. Demokratik, e\u015fitlik\u00e7i ve \u00f6zg\u00fcr yeni bir d\u00fcnyan\u0131n kurulu\u015fu umudunu; inan\u00e7, i\u00e7tenlik ve tutkuyla kendini ger\u00e7ekle\u015ftirme cesaretini canland\u0131rmaya. <\/p>\n","protected":false},"excerpt":{"rendered":"<p>&#8216;Verili kendi ile ba\u015f\u0131 ho\u015f olmayan\u0131n ho\u015fnutsuzlu\u011funu sorunsalla\u015ft\u0131r\u0131p kendini kuran hakikate do\u011fru yol alma \u00e7abas\u0131&#8217; olarak tan\u0131mlam\u0131\u015ft\u0131m, psikanalizi -Freud&#8217;un Psikanalizi&#8217;ni kapat\u0131rken. Mevcuda iz d\u00fc\u015f\u00fcren namevcudun, birtak\u0131m<span class=\"excerpt-hellip\"> [\u2026]<\/span><\/p>\n","protected":false},"featured_media":0,"template":"","meta":{"_monsterinsights_skip_tracking":false,"_monsterinsights_sitenote_active":false,"_monsterinsights_sitenote_note":"","_monsterinsights_sitenote_category":0},"product_brand":[],"product_cat":[12389,12388],"product_tag":[],"class_list":{"0":"post-733495","1":"product","2":"type-product","3":"status-publish","5":"product_cat-diger-felsefe","6":"product_cat-felsefe","7":"pa_cilt-ciltsiz","8":"pa_tur-kitap","9":"pa_yayinevi-pinhan-yayincilik","10":"pa_yazar-haluk-sunat","12":"first","13":"instock","14":"sale","15":"shipping-taxable","16":"purchasable","17":"product-type-simple"},"_links":{"self":[{"href":"https:\/\/roveyayinevi.com.tr\/index.php\/wp-json\/wp\/v2\/product\/733495","targetHints":{"allow":["GET"]}}],"collection":[{"href":"https:\/\/roveyayinevi.com.tr\/index.php\/wp-json\/wp\/v2\/product"}],"about":[{"href":"https:\/\/roveyayinevi.com.tr\/index.php\/wp-json\/wp\/v2\/types\/product"}],"wp:attachment":[{"href":"https:\/\/roveyayinevi.com.tr\/index.php\/wp-json\/wp\/v2\/media?parent=733495"}],"wp:term":[{"taxonomy":"product_brand","embeddable":true,"href":"https:\/\/roveyayinevi.com.tr\/index.php\/wp-json\/wp\/v2\/product_brand?post=733495"},{"taxonomy":"product_cat","embeddable":true,"href":"https:\/\/roveyayinevi.com.tr\/index.php\/wp-json\/wp\/v2\/product_cat?post=733495"},{"taxonomy":"product_tag","embeddable":true,"href":"https:\/\/roveyayinevi.com.tr\/index.php\/wp-json\/wp\/v2\/product_tag?post=733495"}],"curies":[{"name":"wp","href":"https:\/\/api.w.org\/{rel}","templated":true}]}}