{"id":733494,"date":"2025-08-27T22:11:07","date_gmt":"2025-08-27T19:11:07","guid":{"rendered":"https:\/\/roveyayinevi.com.tr\/index.php\/urun\/gunesli-percem\/"},"modified":"2026-04-16T02:41:29","modified_gmt":"2026-04-15T23:41:29","slug":"gunesli-percem","status":"publish","type":"product","link":"https:\/\/roveyayinevi.com.tr\/index.php\/urun\/gunesli-percem\/","title":{"rendered":"G\u00fcne\u015fli Per\u00e7em"},"content":{"rendered":"<p>Muhit Kitap k\u00fct\u00fcphanesi g\u00fcn ge\u00e7tik\u00e7e b\u00fcy\u00fcyor.Mehmet Ayc\u0131, yeni kitab\u0131nda \u015fiirinin duru lirizmini s\u00fcrd\u00fcr\u00fcyor. G\u00fcne\u015fli Per\u00e7em kimi yerde hayat\u0131n sakl\u0131 g\u00fczelliklerine i\u015faret ederken bazense bize hayat\u0131n yaln\u0131z ac\u0131 \u00e7ekerek anla\u015f\u0131labilece\u011fini s\u00f6yl\u00fcyor.\u00dcz\u00fcl\u00fcnce iyile\u015fen yaralar vard\u0131rSonra anlars\u0131n bunu, \u015fimdilik b\u00fcy\u00fc&#8230;<\/p>\n","protected":false},"excerpt":{"rendered":"<p>Muhit Kitap k\u00fct\u00fcphanesi g\u00fcn ge\u00e7tik\u00e7e b\u00fcy\u00fcyor.Mehmet Ayc\u0131, yeni kitab\u0131nda \u015fiirinin duru lirizmini s\u00fcrd\u00fcr\u00fcyor. G\u00fcne\u015fli Per\u00e7em kimi yerde hayat\u0131n sakl\u0131 g\u00fczelliklerine i\u015faret ederken bazense bize hayat\u0131n yaln\u0131z<span class=\"excerpt-hellip\"> [\u2026]<\/span><\/p>\n","protected":false},"featured_media":0,"template":"","meta":{"_monsterinsights_skip_tracking":false,"_monsterinsights_sitenote_active":false,"_monsterinsights_sitenote_note":"","_monsterinsights_sitenote_category":0},"product_brand":[],"product_cat":[12291,12509],"product_tag":[],"class_list":{"0":"post-733494","1":"product","2":"type-product","3":"status-publish","5":"product_cat-edebiyat","6":"product_cat-siir","7":"pa_cilt-ciltsiz","8":"pa_tur-kitap","9":"pa_yayinevi-muhit-kitap","10":"pa_yazar-mehmet-ayci","12":"first","13":"instock","14":"sale","15":"shipping-taxable","16":"purchasable","17":"product-type-simple"},"_links":{"self":[{"href":"https:\/\/roveyayinevi.com.tr\/index.php\/wp-json\/wp\/v2\/product\/733494","targetHints":{"allow":["GET"]}}],"collection":[{"href":"https:\/\/roveyayinevi.com.tr\/index.php\/wp-json\/wp\/v2\/product"}],"about":[{"href":"https:\/\/roveyayinevi.com.tr\/index.php\/wp-json\/wp\/v2\/types\/product"}],"wp:attachment":[{"href":"https:\/\/roveyayinevi.com.tr\/index.php\/wp-json\/wp\/v2\/media?parent=733494"}],"wp:term":[{"taxonomy":"product_brand","embeddable":true,"href":"https:\/\/roveyayinevi.com.tr\/index.php\/wp-json\/wp\/v2\/product_brand?post=733494"},{"taxonomy":"product_cat","embeddable":true,"href":"https:\/\/roveyayinevi.com.tr\/index.php\/wp-json\/wp\/v2\/product_cat?post=733494"},{"taxonomy":"product_tag","embeddable":true,"href":"https:\/\/roveyayinevi.com.tr\/index.php\/wp-json\/wp\/v2\/product_tag?post=733494"}],"curies":[{"name":"wp","href":"https:\/\/api.w.org\/{rel}","templated":true}]}}