{"id":733488,"date":"2025-08-27T22:11:00","date_gmt":"2025-08-27T19:11:00","guid":{"rendered":"https:\/\/roveyayinevi.com.tr\/index.php\/urun\/halk-muziginin-seyyar-radyosu-asik-veysel\/"},"modified":"2026-04-16T02:41:29","modified_gmt":"2026-04-15T23:41:29","slug":"halk-muziginin-seyyar-radyosu-asik-veysel","status":"publish","type":"product","link":"https:\/\/roveyayinevi.com.tr\/index.php\/urun\/halk-muziginin-seyyar-radyosu-asik-veysel\/","title":{"rendered":"Halk M\u00fczi\u011finin Seyyar Radyosu A\u015f\u0131k Veysel"},"content":{"rendered":"<p>\u00c2\u015f\u0131k Veysel \u201ciki kap\u0131l\u0131 handa\u201d, \u201cbir dakka miktar\u0131nca\u201d ya\u015fad\u0131\u011f\u0131 \u00f6mr\u00fcn\u00fc saz\u0131yla ve sesiyle ebedile\u015ftirmi\u015f m\u00fcstesna bir ozand\u0131r. O, \u015eark\u0131\u015fla\u2019dan d\u00fcnyaya y\u00fckselen bir \u00e7\u0131\u011fl\u0131kt\u0131r. T\u00fcrk\u00fc seven ve t\u00fcrk\u00fc dinleyen herkesin kula\u011f\u0131na bu \u00e7\u0131\u011fl\u0131k mutlaka \u00e7al\u0131nm\u0131\u015ft\u0131r. Veysel\u2019in hayat\u0131n i\u00e7inden dev\u015firdi\u011fi sade ve g\u00f6steri\u015fsiz t\u00fcrk\u00fcler, onun a\u015fk ve merhamet kokan bu\u011fulu sesiyle havalanm\u0131\u015ft\u0131r. Veysel\u2019in \u015fiirlerinde dile getirdi\u011fi d\u00fc\u015f\u00fcnceler ve saz\u0131na aktard\u0131\u011f\u0131 duygular, T\u00fcrkiye ortalamas\u0131d\u0131r dense yeridir. Bu bak\u0131mdan \u015fimdiye kadar farkl\u0131 me\u015frep ve e\u011filimlerden onlarca ara\u015ft\u0131rmac\u0131 Veysel hakk\u0131nda \u00e7ok \u015fey yazm\u0131\u015f, s\u00f6ylemi\u015ftir. Veysel hakk\u0131nda s\u00f6z s\u00f6yleyen herkes, bir eksik s\u00f6ylemi\u015f. Bazen e\u011fri s\u00f6yleyenler de olmu\u015f. Do\u011frusu Veysel\u2019i anlatman\u0131n ve yazman\u0131n bir s\u0131n\u0131r\u0131 yok. En iyisi, Halk M\u00fczi\u011finin Seyyar Radyosu \u00c2\u015f\u0131k Veysel\u2019i herkesin ondan dinlemesidir.\u00c2\u015f\u0131k Veysel\u2019i daha yak\u0131ndan tan\u0131mak isteyenler i\u00e7in bu kitap bir k\u0131lavuz niteli\u011findedir.Prof. Dr. Muhsin Macit<\/p>\n","protected":false},"excerpt":{"rendered":"<p>\u00c2\u015f\u0131k Veysel \u201ciki kap\u0131l\u0131 handa\u201d, \u201cbir dakka miktar\u0131nca\u201d ya\u015fad\u0131\u011f\u0131 \u00f6mr\u00fcn\u00fc saz\u0131yla ve sesiyle ebedile\u015ftirmi\u015f m\u00fcstesna bir ozand\u0131r. O, \u015eark\u0131\u015fla\u2019dan d\u00fcnyaya y\u00fckselen bir \u00e7\u0131\u011fl\u0131kt\u0131r. T\u00fcrk\u00fc seven ve<span class=\"excerpt-hellip\"> [\u2026]<\/span><\/p>\n","protected":false},"featured_media":0,"template":"","meta":{"_monsterinsights_skip_tracking":false,"_monsterinsights_sitenote_active":false,"_monsterinsights_sitenote_note":"","_monsterinsights_sitenote_category":0},"product_brand":[],"product_cat":[13072,12291],"product_tag":[],"class_list":{"0":"post-733488","1":"product","2":"type-product","3":"status-publish","5":"product_cat-arastirma-inceleme-referans","6":"product_cat-edebiyat","7":"pa_cilt-ciltsiz","8":"pa_tur-kitap","9":"pa_yayinevi-muhit-kitap","10":"pa_yazar-salahaddin-bekki","12":"first","13":"instock","14":"sale","15":"shipping-taxable","16":"purchasable","17":"product-type-simple"},"_links":{"self":[{"href":"https:\/\/roveyayinevi.com.tr\/index.php\/wp-json\/wp\/v2\/product\/733488","targetHints":{"allow":["GET"]}}],"collection":[{"href":"https:\/\/roveyayinevi.com.tr\/index.php\/wp-json\/wp\/v2\/product"}],"about":[{"href":"https:\/\/roveyayinevi.com.tr\/index.php\/wp-json\/wp\/v2\/types\/product"}],"wp:attachment":[{"href":"https:\/\/roveyayinevi.com.tr\/index.php\/wp-json\/wp\/v2\/media?parent=733488"}],"wp:term":[{"taxonomy":"product_brand","embeddable":true,"href":"https:\/\/roveyayinevi.com.tr\/index.php\/wp-json\/wp\/v2\/product_brand?post=733488"},{"taxonomy":"product_cat","embeddable":true,"href":"https:\/\/roveyayinevi.com.tr\/index.php\/wp-json\/wp\/v2\/product_cat?post=733488"},{"taxonomy":"product_tag","embeddable":true,"href":"https:\/\/roveyayinevi.com.tr\/index.php\/wp-json\/wp\/v2\/product_tag?post=733488"}],"curies":[{"name":"wp","href":"https:\/\/api.w.org\/{rel}","templated":true}]}}