{"id":733486,"date":"2025-08-27T22:10:58","date_gmt":"2025-08-27T19:10:58","guid":{"rendered":"https:\/\/roveyayinevi.com.tr\/index.php\/urun\/kelimelerin-seyir-defteri\/"},"modified":"2026-04-16T02:41:29","modified_gmt":"2026-04-15T23:41:29","slug":"kelimelerin-seyir-defteri","status":"publish","type":"product","link":"https:\/\/roveyayinevi.com.tr\/index.php\/urun\/kelimelerin-seyir-defteri\/","title":{"rendered":"Kelimelerin Seyir Defteri"},"content":{"rendered":"<p>B\u00fcy\u00fck ve zengin muhteval\u0131 s\u00f6zl\u00fckleri kamus, okyanus olarak adland\u0131ran bir gelene\u011fe sahibiz. \u0130ki kelime de e\u015f m\u00e2nal\u0131, yani \u201csinonim\u201d. Okyanus \u201cb\u00fcy\u00fck deniz\u201d, \u201cd\u00fcnya karas\u0131n\u0131 \u00e7evreleyen su k\u00fctlesi\u201d demek; muhit ve kamus da ayn\u0131 anlamda. S\u00f6zl\u00fckler b\u00f6yle adland\u0131r\u0131l\u0131nca kelimeleri de bu u\u00e7suz bucaks\u0131z denizde seyreden gemilere benzetmek yanl\u0131\u015f olmaz. Kelimeler, dilin engin denizinde s\u00fcrekli hareket h\u00e2lindeler. Baz\u0131lar\u0131 bir zaman bir limana demirlese de bir g\u00fcn hi\u00e7 beklenmedik bir \u015fekilde sefere \u00e7\u0131kabilir. Unutulmu\u015f san\u0131lan bir kelime birden hayat bulur ve belki de bu ikinci veya ka\u00e7\u0131nc\u0131 oldu\u011funu bilmedi\u011fimiz yeni seyrinde daha yayg\u0131n bir kullan\u0131l\u0131\u015fla dile mal olur&#8230;Dille, s\u00f6zl\u00fcklerle, kelimelerle u\u011fra\u015fanlar kelimelerin tarih i\u00e7indeki seyri konusunda az \u00e7ok fikir sahibi olurlar. Diller de denizler gibi dura\u011fan de\u011fildir. S\u00fcrekli bir dalgalanma, hareket denizlerin belki de m\u00fcmeyyiz vasf\u0131d\u0131r \/ belirtici \u00f6zelli\u011fidir. Durgun san\u0131lan denizin bile hareket h\u00e2linde oldu\u011funu s\u00f6ylemek yanl\u0131\u015f olmaz. Ve deniz habire yeni su kaynaklar\u0131yla beslenir.Kelimelerin engin dil denizindeki seyri elbette merak konusudur. Bug\u00fcn\u00fcn insan\u0131 g\u00fcnl\u00fck hayatta kullan\u0131lan bir kelimenin tarih i\u00e7inde farkl\u0131 anlamlar\u0131 olabilece\u011fini pek d\u00fc\u015f\u00fcnmez. \u0130\u015fte bu de\u011fi\u015fik anlamlar\u0131 merak etmeye ba\u015flad\u0131\u011f\u0131m\u0131z andan itibaren o durgun denizin hareket h\u00e2linde oldu\u011funu fark ederiz. Kelimelerin takip etti\u011fi seyir asl\u0131nda bizim k\u00fclt\u00fcr tarihimizin, medeniyet tarihimizin de\u011fi\u015fimini ve geli\u015fimini anlamam\u0131za, a\u00e7\u0131klamam\u0131za yard\u0131mc\u0131 olur.Uzun y\u0131llar dil \u00fczerine yo\u011funla\u015fan, t\u00e2biri caizse \u00f6mr\u00fcn\u00fc dil d\u00e2vas\u0131na adayan, yapt\u0131\u011f\u0131 \u00e7al\u0131\u015fmalarla bu hayati konuya s\u00fcrekli dikkat \u00e7eken D. Mehmet Do\u011fan, Kelimelerin Seyir Defteri\u2019nde hepimizi dilimiz \u00fczerinde d\u00fc\u015f\u00fcnmeye d\u00e2vet ediyor.<\/p>\n","protected":false},"excerpt":{"rendered":"<p>B\u00fcy\u00fck ve zengin muhteval\u0131 s\u00f6zl\u00fckleri kamus, okyanus olarak adland\u0131ran bir gelene\u011fe sahibiz. \u0130ki kelime de e\u015f m\u00e2nal\u0131, yani \u201csinonim\u201d. Okyanus \u201cb\u00fcy\u00fck deniz\u201d, \u201cd\u00fcnya karas\u0131n\u0131 \u00e7evreleyen su<span class=\"excerpt-hellip\"> [\u2026]<\/span><\/p>\n","protected":false},"featured_media":0,"template":"","meta":{"_monsterinsights_skip_tracking":false,"_monsterinsights_sitenote_active":false,"_monsterinsights_sitenote_note":"","_monsterinsights_sitenote_category":0},"product_brand":[],"product_cat":[12777,12291],"product_tag":[],"class_list":{"0":"post-733486","1":"product","2":"type-product","3":"status-publish","5":"product_cat-deneme","6":"product_cat-edebiyat","7":"pa_cilt-ciltsiz","8":"pa_tur-kitap","9":"pa_yayinevi-muhit-kitap","10":"pa_yazar-d-mehmet-dogan","12":"first","13":"instock","14":"sale","15":"shipping-taxable","16":"purchasable","17":"product-type-simple"},"_links":{"self":[{"href":"https:\/\/roveyayinevi.com.tr\/index.php\/wp-json\/wp\/v2\/product\/733486","targetHints":{"allow":["GET"]}}],"collection":[{"href":"https:\/\/roveyayinevi.com.tr\/index.php\/wp-json\/wp\/v2\/product"}],"about":[{"href":"https:\/\/roveyayinevi.com.tr\/index.php\/wp-json\/wp\/v2\/types\/product"}],"wp:attachment":[{"href":"https:\/\/roveyayinevi.com.tr\/index.php\/wp-json\/wp\/v2\/media?parent=733486"}],"wp:term":[{"taxonomy":"product_brand","embeddable":true,"href":"https:\/\/roveyayinevi.com.tr\/index.php\/wp-json\/wp\/v2\/product_brand?post=733486"},{"taxonomy":"product_cat","embeddable":true,"href":"https:\/\/roveyayinevi.com.tr\/index.php\/wp-json\/wp\/v2\/product_cat?post=733486"},{"taxonomy":"product_tag","embeddable":true,"href":"https:\/\/roveyayinevi.com.tr\/index.php\/wp-json\/wp\/v2\/product_tag?post=733486"}],"curies":[{"name":"wp","href":"https:\/\/api.w.org\/{rel}","templated":true}]}}