{"id":733485,"date":"2025-08-27T22:10:57","date_gmt":"2025-08-27T19:10:57","guid":{"rendered":"https:\/\/roveyayinevi.com.tr\/index.php\/urun\/fotografin-otesi\/"},"modified":"2026-04-16T02:41:29","modified_gmt":"2026-04-15T23:41:29","slug":"fotografin-otesi","status":"publish","type":"product","link":"https:\/\/roveyayinevi.com.tr\/index.php\/urun\/fotografin-otesi\/","title":{"rendered":"Foto\u011fraf\u0131n \u00d6tesi"},"content":{"rendered":"<p>\u0130nsan zamanla ve mek\u00e2nla s\u0131n\u0131rl\u0131d\u0131r. Bunun fark\u0131nda oldu\u011fu i\u00e7in de akl\u0131 \/ kalbi \/ ruhu ile sonsuzla\u015fmaya, zaman\u0131 ve mek\u00e2n\u0131 a\u015fmaya \u00e7al\u0131\u015f\u0131r. Asl\u0131nda onun tela\u015f\u0131, i\u00e7inde ya\u015fad\u0131\u011f\u0131 d\u00fcnyada kal\u0131c\u0131 olmak isteyi\u015finde de\u011fil, bir an \u00f6nce i\u00e7inde bulundu\u011fu ge\u00e7icilikten kurtulma tela\u015f\u0131d\u0131r. Ancak bu durumu \u00f6l\u00fcms\u00fczl\u00fck aray\u0131\u015f\u0131 olarak niteleyip bu d\u00fcnyayla muallel k\u0131lmaya \u00e7al\u0131\u015fanlar da yok de\u011fildir. \u0130nsan ge\u00e7icili\u011fi ve sonsuzlu\u011fu evvela kendinde bilir. Bundan dolay\u0131 da d\u00fcnyadaki ameli bu ge\u00e7icilik ve sonsuzluk aras\u0131nda gider gelir. Ge\u00e7icili\u011fi unuttu\u011funda sonsuzlu\u011fu d\u00fcnyaya ta\u015f\u0131mak isterken, sonsuzlu\u011fu unuttu\u011funda da ge\u00e7icili\u011fi sonsuzluk yapmaya \u00e7al\u0131\u015f\u0131r. \u0130nsan kendi ya\u015fad\u0131\u011f\u0131 zaman dilimini mutlakla\u015ft\u0131rmaya meyillidir. Kendinden \u00f6ncesi ve sonras\u0131 yokmu\u015f gibi ya\u015far. Sonsuzluk ve ge\u00e7icilikle ilgili a\u00e7maz\u0131 da buradan kaynaklan\u0131r.<\/p>\n","protected":false},"excerpt":{"rendered":"<p>\u0130nsan zamanla ve mek\u00e2nla s\u0131n\u0131rl\u0131d\u0131r. Bunun fark\u0131nda oldu\u011fu i\u00e7in de akl\u0131 \/ kalbi \/ ruhu ile sonsuzla\u015fmaya, zaman\u0131 ve mek\u00e2n\u0131 a\u015fmaya \u00e7al\u0131\u015f\u0131r. Asl\u0131nda onun tela\u015f\u0131, i\u00e7inde<span class=\"excerpt-hellip\"> [\u2026]<\/span><\/p>\n","protected":false},"featured_media":0,"template":"","meta":{"_monsterinsights_skip_tracking":false,"_monsterinsights_sitenote_active":false,"_monsterinsights_sitenote_note":"","_monsterinsights_sitenote_category":0},"product_brand":[],"product_cat":[12777,12291],"product_tag":[],"class_list":{"0":"post-733485","1":"product","2":"type-product","3":"status-publish","5":"product_cat-deneme","6":"product_cat-edebiyat","7":"pa_cilt-ciltsiz","8":"pa_tur-kitap","9":"pa_yayinevi-muhit-kitap","10":"pa_yazar-dursun-cicek","12":"first","13":"instock","14":"sale","15":"shipping-taxable","16":"purchasable","17":"product-type-simple"},"_links":{"self":[{"href":"https:\/\/roveyayinevi.com.tr\/index.php\/wp-json\/wp\/v2\/product\/733485","targetHints":{"allow":["GET"]}}],"collection":[{"href":"https:\/\/roveyayinevi.com.tr\/index.php\/wp-json\/wp\/v2\/product"}],"about":[{"href":"https:\/\/roveyayinevi.com.tr\/index.php\/wp-json\/wp\/v2\/types\/product"}],"wp:attachment":[{"href":"https:\/\/roveyayinevi.com.tr\/index.php\/wp-json\/wp\/v2\/media?parent=733485"}],"wp:term":[{"taxonomy":"product_brand","embeddable":true,"href":"https:\/\/roveyayinevi.com.tr\/index.php\/wp-json\/wp\/v2\/product_brand?post=733485"},{"taxonomy":"product_cat","embeddable":true,"href":"https:\/\/roveyayinevi.com.tr\/index.php\/wp-json\/wp\/v2\/product_cat?post=733485"},{"taxonomy":"product_tag","embeddable":true,"href":"https:\/\/roveyayinevi.com.tr\/index.php\/wp-json\/wp\/v2\/product_tag?post=733485"}],"curies":[{"name":"wp","href":"https:\/\/api.w.org\/{rel}","templated":true}]}}