{"id":733483,"date":"2025-08-27T22:10:55","date_gmt":"2025-08-27T19:10:55","guid":{"rendered":"https:\/\/roveyayinevi.com.tr\/index.php\/urun\/ruzgar-bulut-ve-kizilkuyruk-3\/"},"modified":"2026-04-16T02:41:29","modified_gmt":"2026-04-15T23:41:29","slug":"ruzgar-bulut-ve-kizilkuyruk-3","status":"publish","type":"product","link":"https:\/\/roveyayinevi.com.tr\/index.php\/urun\/ruzgar-bulut-ve-kizilkuyruk-3\/","title":{"rendered":"R\u00fczgar, Bulut ve K\u0131z\u0131lkuyruk 3"},"content":{"rendered":"<p>\u201cR\u00fczg\u00e2r ve Bulut\u201d kitab\u0131yla ba\u015flayan R\u00fczg\u00e2r\u2019\u0131n hayat\u0131 ke\u015ffetme maceras\u0131 devam ediyor. R\u00fczg\u00e2r bir yandan \u00e7evre k\u00f6ylerle yap\u0131lacak bir basketbol turnuvas\u0131 d\u00fczenliyor bir yandan da Bulut\u2019la birlikte kurt yavrusu K\u0131z\u0131lkuyruk\u2019u hayatta tutmaya \u00e7al\u0131\u015f\u0131yor. R\u00fczg\u00e2r\u2019\u0131n hayat\u0131 ke\u015ffetmeye dair sorular\u0131na cevap aray\u0131\u015flar\u0131 bu kitapta da devam ediyor.<\/p>\n","protected":false},"excerpt":{"rendered":"<p>\u201cR\u00fczg\u00e2r ve Bulut\u201d kitab\u0131yla ba\u015flayan R\u00fczg\u00e2r\u2019\u0131n hayat\u0131 ke\u015ffetme maceras\u0131 devam ediyor. R\u00fczg\u00e2r bir yandan \u00e7evre k\u00f6ylerle yap\u0131lacak bir basketbol turnuvas\u0131 d\u00fczenliyor bir yandan da Bulut\u2019la birlikte<span class=\"excerpt-hellip\"> [\u2026]<\/span><\/p>\n","protected":false},"featured_media":0,"template":"","meta":{"_monsterinsights_skip_tracking":false,"_monsterinsights_sitenote_active":false,"_monsterinsights_sitenote_note":"","_monsterinsights_sitenote_category":0},"product_brand":[],"product_cat":[12275,12274],"product_tag":[],"class_list":{"0":"post-733483","1":"product","2":"type-product","3":"status-publish","5":"product_cat-6-12-yas-kitaplari","6":"product_cat-cocuk-ve-genclik-kitaplari","7":"pa_cilt-ciltsiz","8":"pa_tur-kitap","9":"pa_yayinevi-erdem-cocuk","10":"pa_yazar-fatma-isik","12":"first","13":"instock","14":"sale","15":"shipping-taxable","16":"purchasable","17":"product-type-simple"},"_links":{"self":[{"href":"https:\/\/roveyayinevi.com.tr\/index.php\/wp-json\/wp\/v2\/product\/733483","targetHints":{"allow":["GET"]}}],"collection":[{"href":"https:\/\/roveyayinevi.com.tr\/index.php\/wp-json\/wp\/v2\/product"}],"about":[{"href":"https:\/\/roveyayinevi.com.tr\/index.php\/wp-json\/wp\/v2\/types\/product"}],"wp:attachment":[{"href":"https:\/\/roveyayinevi.com.tr\/index.php\/wp-json\/wp\/v2\/media?parent=733483"}],"wp:term":[{"taxonomy":"product_brand","embeddable":true,"href":"https:\/\/roveyayinevi.com.tr\/index.php\/wp-json\/wp\/v2\/product_brand?post=733483"},{"taxonomy":"product_cat","embeddable":true,"href":"https:\/\/roveyayinevi.com.tr\/index.php\/wp-json\/wp\/v2\/product_cat?post=733483"},{"taxonomy":"product_tag","embeddable":true,"href":"https:\/\/roveyayinevi.com.tr\/index.php\/wp-json\/wp\/v2\/product_tag?post=733483"}],"curies":[{"name":"wp","href":"https:\/\/api.w.org\/{rel}","templated":true}]}}