{"id":733480,"date":"2025-08-27T22:10:52","date_gmt":"2025-08-27T19:10:52","guid":{"rendered":"https:\/\/roveyayinevi.com.tr\/index.php\/urun\/ilk-ingilizce-sozcukler-cikartma-kitabim\/"},"modified":"2026-04-16T02:41:29","modified_gmt":"2026-04-15T23:41:29","slug":"ilk-ingilizce-sozcukler-cikartma-kitabim","status":"publish","type":"product","link":"https:\/\/roveyayinevi.com.tr\/index.php\/urun\/ilk-ingilizce-sozcukler-cikartma-kitabim\/","title":{"rendered":"\u0130lk \u0130ngilizce S\u00f6zc\u00fckler \u00c7\u0131kartma Kitab\u0131m"},"content":{"rendered":"<p>\u0130lk \u0130ngilizce S\u00f6zc\u00fckler \u00c7\u0131kartma Kitab\u0131m \u0130\u00e7inde 250\u2019den fazla \u00e7\u0131kartma bulunan bu harika kitapla \u0130ngilizce \u00f6\u011frenmek \u00e7ok kolay!<\/p>\n","protected":false},"excerpt":{"rendered":"<p>\u0130lk \u0130ngilizce S\u00f6zc\u00fckler \u00c7\u0131kartma Kitab\u0131m \u0130\u00e7inde 250\u2019den fazla \u00e7\u0131kartma bulunan bu harika kitapla \u0130ngilizce \u00f6\u011frenmek \u00e7ok kolay!<\/p>\n","protected":false},"featured_media":0,"template":"","meta":{"_monsterinsights_skip_tracking":false,"_monsterinsights_sitenote_active":false,"_monsterinsights_sitenote_note":"","_monsterinsights_sitenote_category":0},"product_brand":[],"product_cat":[12554,12274],"product_tag":[],"class_list":{"0":"post-733480","1":"product","2":"type-product","3":"status-publish","5":"product_cat-cikartmali-kitaplar","6":"product_cat-cocuk-ve-genclik-kitaplari","7":"pa_cilt-ciltsiz","8":"pa_tur-kitap","9":"pa_yayinevi-1001-cicek-kitaplar","10":"pa_yazar-1001-cicek-kitaplar-kolektif","12":"first","13":"instock","14":"sale","15":"shipping-taxable","16":"purchasable","17":"product-type-simple"},"_links":{"self":[{"href":"https:\/\/roveyayinevi.com.tr\/index.php\/wp-json\/wp\/v2\/product\/733480","targetHints":{"allow":["GET"]}}],"collection":[{"href":"https:\/\/roveyayinevi.com.tr\/index.php\/wp-json\/wp\/v2\/product"}],"about":[{"href":"https:\/\/roveyayinevi.com.tr\/index.php\/wp-json\/wp\/v2\/types\/product"}],"wp:attachment":[{"href":"https:\/\/roveyayinevi.com.tr\/index.php\/wp-json\/wp\/v2\/media?parent=733480"}],"wp:term":[{"taxonomy":"product_brand","embeddable":true,"href":"https:\/\/roveyayinevi.com.tr\/index.php\/wp-json\/wp\/v2\/product_brand?post=733480"},{"taxonomy":"product_cat","embeddable":true,"href":"https:\/\/roveyayinevi.com.tr\/index.php\/wp-json\/wp\/v2\/product_cat?post=733480"},{"taxonomy":"product_tag","embeddable":true,"href":"https:\/\/roveyayinevi.com.tr\/index.php\/wp-json\/wp\/v2\/product_tag?post=733480"}],"curies":[{"name":"wp","href":"https:\/\/api.w.org\/{rel}","templated":true}]}}