{"id":733478,"date":"2025-08-27T22:10:49","date_gmt":"2025-08-27T19:10:49","guid":{"rendered":"https:\/\/roveyayinevi.com.tr\/index.php\/urun\/haydarpasanin-son-memuru\/"},"modified":"2026-04-16T02:41:29","modified_gmt":"2026-04-15T23:41:29","slug":"haydarpasanin-son-memuru","status":"publish","type":"product","link":"https:\/\/roveyayinevi.com.tr\/index.php\/urun\/haydarpasanin-son-memuru\/","title":{"rendered":"Haydarpa\u015fa&#8217;n\u0131n Son Memuru"},"content":{"rendered":"<p>ilerledik\u00e7e, her \u015feye ba\u015flad\u0131\u011f\u0131m\u0131z o ye\u015fil mezarl\u0131\u011fa a\u015fk\u0131m\u0131z\u0131 g\u00f6mece\u011fimizi biliyordum. \u201cA\u015fk\u0131m\u0131z\u0131 g\u00f6mmek ve mezarl\u0131k\u2026\u201d S\u00f6zc\u00fcklerin, hislerin ve mek\u00e2nlar\u0131n tuhaf denk geli\u015fini d\u00fc\u015f\u00fcnd\u00fcm Aysel ile y\u00fcr\u00fcrken. Yan\u0131mda y\u00fcr\u00fcyen bu g\u00fczel kad\u0131n\u0131n, terk edili\u015fim kar\u015f\u0131s\u0131nda g\u00f6sterdi\u011fim kay\u0131ts\u0131zl\u0131\u011fa nas\u0131l sinir oldu\u011funu g\u00f6r\u00fcyordum.1908 y\u0131l\u0131nda hizmete a\u00e7\u0131lan Haydarpa\u015fa Gar\u0131\u2019n\u0131n yak\u0131n zamanda ge\u00e7irdi\u011fi dramatik d\u00f6n\u00fc\u015f\u00fcm\u00fc, bundan b\u00f6yle trensiz ve insans\u0131z b\u0131rak\u0131laca\u011f\u0131 projeyi oda\u011f\u0131na al\u0131yor Ba\u015far \u00d6zt\u00fcrk. Haydarpa\u015fa\u2019n\u0131n Son Memuru roman\u0131, \u0130stanbul\u2019un, Avrasya\u2019n\u0131n tarihi binas\u0131 Haydarpa\u015fa Gar\u0131\u2019n\u0131n ve \u00e7al\u0131\u015fanlar\u0131n\u0131n sesi solu\u011fu oluyor.Gara avukat olarak atanan Efes; Baba Ali, Aysel ve di\u011fer karakterler e\u015fli\u011finde hayat\u0131na yeni anlamlar, yeni ve de\u011ferli ya\u015fant\u0131lar eklerken, gar binas\u0131n\u0131n d\u00f6n\u00fc\u015f\u00fcm projesi ile zor g\u00fcnler ya\u015fayacakt\u0131r. Bu de\u011fi\u015fimin kendi i\u00e7 d\u00fcnyas\u0131na yans\u0131yan h\u00fczn\u00fcyle ya\u015fad\u0131\u011f\u0131 endi\u015fe, Efes\u2019te tutunamama haline d\u00f6n\u00fc\u015f\u00fcr. Bir yandan Aysel ile kurmay\u0131 d\u00fc\u015fledikleri yuvalar\u0131, mesleki sorumlulu\u011fu ve Haydarpa\u015fa\u2019ya sahip \u00e7\u0131kabilme tela\u015f\u0131 ama en \u00e7ok da ge\u00e7mi\u015finden getirdi\u011fi i\u00e7li, d\u00fc\u015f\u00fcnceli yap\u0131s\u0131 ile Efes, di\u011fer yanda da Haydarpa\u015fa\u2019n\u0131n ve memur-i\u015f\u00e7i ev sahiplerinin ya\u015fad\u0131klar\u0131 hazin hik\u00e2yesi ve sendikal m\u00fccadelelerle sosyo-politik roman kimli\u011fi de kazan\u0131yor Haydarpa\u015fa\u2019n\u0131n Son Memuru.<\/p>\n","protected":false},"excerpt":{"rendered":"<p>ilerledik\u00e7e, her \u015feye ba\u015flad\u0131\u011f\u0131m\u0131z o ye\u015fil mezarl\u0131\u011fa a\u015fk\u0131m\u0131z\u0131 g\u00f6mece\u011fimizi biliyordum. \u201cA\u015fk\u0131m\u0131z\u0131 g\u00f6mmek ve mezarl\u0131k\u2026\u201d S\u00f6zc\u00fcklerin, hislerin ve mek\u00e2nlar\u0131n tuhaf denk geli\u015fini d\u00fc\u015f\u00fcnd\u00fcm Aysel ile y\u00fcr\u00fcrken. Yan\u0131mda<span class=\"excerpt-hellip\"> [\u2026]<\/span><\/p>\n","protected":false},"featured_media":0,"template":"","meta":{"_monsterinsights_skip_tracking":false,"_monsterinsights_sitenote_active":false,"_monsterinsights_sitenote_note":"","_monsterinsights_sitenote_category":0},"product_brand":[],"product_cat":[12291,12711],"product_tag":[],"class_list":{"0":"post-733478","1":"product","2":"type-product","3":"status-publish","5":"product_cat-edebiyat","6":"product_cat-roman-oyku","7":"pa_cilt-ciltsiz","8":"pa_tur-kitap","9":"pa_yayinevi-ayrinti-yayinlari","10":"pa_yazar-basar-ozturk","12":"first","13":"instock","14":"sale","15":"shipping-taxable","16":"purchasable","17":"product-type-simple"},"_links":{"self":[{"href":"https:\/\/roveyayinevi.com.tr\/index.php\/wp-json\/wp\/v2\/product\/733478","targetHints":{"allow":["GET"]}}],"collection":[{"href":"https:\/\/roveyayinevi.com.tr\/index.php\/wp-json\/wp\/v2\/product"}],"about":[{"href":"https:\/\/roveyayinevi.com.tr\/index.php\/wp-json\/wp\/v2\/types\/product"}],"wp:attachment":[{"href":"https:\/\/roveyayinevi.com.tr\/index.php\/wp-json\/wp\/v2\/media?parent=733478"}],"wp:term":[{"taxonomy":"product_brand","embeddable":true,"href":"https:\/\/roveyayinevi.com.tr\/index.php\/wp-json\/wp\/v2\/product_brand?post=733478"},{"taxonomy":"product_cat","embeddable":true,"href":"https:\/\/roveyayinevi.com.tr\/index.php\/wp-json\/wp\/v2\/product_cat?post=733478"},{"taxonomy":"product_tag","embeddable":true,"href":"https:\/\/roveyayinevi.com.tr\/index.php\/wp-json\/wp\/v2\/product_tag?post=733478"}],"curies":[{"name":"wp","href":"https:\/\/api.w.org\/{rel}","templated":true}]}}