{"id":733476,"date":"2025-08-27T22:10:47","date_gmt":"2025-08-27T19:10:47","guid":{"rendered":"https:\/\/roveyayinevi.com.tr\/index.php\/urun\/ayi-ze-akintidaki-yapraklar\/"},"modified":"2026-04-16T02:41:29","modified_gmt":"2026-04-15T23:41:29","slug":"ayi-ze-akintidaki-yapraklar","status":"publish","type":"product","link":"https:\/\/roveyayinevi.com.tr\/index.php\/urun\/ayi-ze-akintidaki-yapraklar\/","title":{"rendered":"Ay\u0131 Ze &#8211; Ak\u0131nt\u0131daki Yapraklar"},"content":{"rendered":"<p>Ay\u0131 Ze\u2019nin ba\u015f\u0131 sonbahar yapraklar\u0131yla dertte! Mutfa\u011f\u0131nda, kitaplar\u0131n\u0131n aras\u0131nda, caddelerde en \u00e7ok da kafas\u0131n\u0131n i\u00e7inde&#8230; Her yerde yapraklar var. Peki, Ay\u0131 Ze bu yapraklardan nas\u0131l kurtulacak?\u00c7ocuklara kayg\u0131yla ve olumsuz duygu durumlar\u0131yla nas\u0131l ba\u015fa \u00e7\u0131kabileceklerini anlatabilece\u011finiz s\u0131cac\u0131k bir \u00f6yk\u00fc&#8230;<\/p>\n","protected":false},"excerpt":{"rendered":"<p>Ay\u0131 Ze\u2019nin ba\u015f\u0131 sonbahar yapraklar\u0131yla dertte! Mutfa\u011f\u0131nda, kitaplar\u0131n\u0131n aras\u0131nda, caddelerde en \u00e7ok da kafas\u0131n\u0131n i\u00e7inde&#8230; Her yerde yapraklar var. Peki, Ay\u0131 Ze bu yapraklardan nas\u0131l kurtulacak?\u00c7ocuklara<span class=\"excerpt-hellip\"> [\u2026]<\/span><\/p>\n","protected":false},"featured_media":0,"template":"","meta":{"_monsterinsights_skip_tracking":false,"_monsterinsights_sitenote_active":false,"_monsterinsights_sitenote_note":"","_monsterinsights_sitenote_category":0},"product_brand":[],"product_cat":[12274,12284],"product_tag":[],"class_list":{"0":"post-733476","1":"product","2":"type-product","3":"status-publish","5":"product_cat-cocuk-ve-genclik-kitaplari","6":"product_cat-hikayeler","7":"pa_cilt-ciltsiz","8":"pa_tur-kitap","9":"pa_yayinevi-erdem-cocuk","10":"pa_yazar-zeynep-ruzgar-arik","12":"first","13":"instock","14":"sale","15":"shipping-taxable","16":"purchasable","17":"product-type-simple"},"_links":{"self":[{"href":"https:\/\/roveyayinevi.com.tr\/index.php\/wp-json\/wp\/v2\/product\/733476","targetHints":{"allow":["GET"]}}],"collection":[{"href":"https:\/\/roveyayinevi.com.tr\/index.php\/wp-json\/wp\/v2\/product"}],"about":[{"href":"https:\/\/roveyayinevi.com.tr\/index.php\/wp-json\/wp\/v2\/types\/product"}],"wp:attachment":[{"href":"https:\/\/roveyayinevi.com.tr\/index.php\/wp-json\/wp\/v2\/media?parent=733476"}],"wp:term":[{"taxonomy":"product_brand","embeddable":true,"href":"https:\/\/roveyayinevi.com.tr\/index.php\/wp-json\/wp\/v2\/product_brand?post=733476"},{"taxonomy":"product_cat","embeddable":true,"href":"https:\/\/roveyayinevi.com.tr\/index.php\/wp-json\/wp\/v2\/product_cat?post=733476"},{"taxonomy":"product_tag","embeddable":true,"href":"https:\/\/roveyayinevi.com.tr\/index.php\/wp-json\/wp\/v2\/product_tag?post=733476"}],"curies":[{"name":"wp","href":"https:\/\/api.w.org\/{rel}","templated":true}]}}