{"id":733475,"date":"2025-08-27T22:10:46","date_gmt":"2025-08-27T19:10:46","guid":{"rendered":"https:\/\/roveyayinevi.com.tr\/index.php\/urun\/roma-devlet-kabartmalarinda-propaganda-ve-sanat\/"},"modified":"2026-04-16T02:41:29","modified_gmt":"2026-04-15T23:41:29","slug":"roma-devlet-kabartmalarinda-propaganda-ve-sanat","status":"publish","type":"product","link":"https:\/\/roveyayinevi.com.tr\/index.php\/urun\/roma-devlet-kabartmalarinda-propaganda-ve-sanat\/","title":{"rendered":"Roma Devlet Kabartmalar\u0131nda Propaganda Ve Sanat"},"content":{"rendered":"<p>\u201cRoma Devlet Kabartmalar\u0131nda Propaganda ve \u2018Sanat\u2019\u2019\u2019 ba\u015fl\u0131\u011f\u0131n\u0131 ta\u015f\u0131yan bu kitapta, yap\u0131ld\u0131klar\u0131 d\u00f6nemdeki orijinal halleri ile bize ula\u015fan kabartmalar \u00fczerinden Roma devletinin propaganda g\u00fcc\u00fc ele al\u0131n\u0131r. \u0130deolojik alg\u0131 y\u00f6netimi; d\u00fc\u015fman (\u2018barbar\u2019), d\u00fc\u015fman\u0131n sava\u015flarda alt edilmesi ve zafer kavramlar\u0131 \u00fczerinden kurgulan\u0131r ve b\u00f6ylelikle imparatorlar varl\u0131klar\u0131n\u0131 me\u015frula\u015ft\u0131r\u0131r. Roma tarihsel kabartmalar\u0131yla esas ama\u00e7lanan halk ile \u2018ileti\u015fim kurmak\u2019 ve propaganda yapmak olsa da tanr\u0131lar\u0131 onurland\u0131rmak \u00f6nemli bir di\u011fer hedefi olu\u015fturur. \u0130mparatorlar\u0131n tanr\u0131lar ile ayn\u0131 sahnede bulunmas\u0131, halk\u0131n g\u00f6z\u00fcnde onlar\u0131n da g\u00fcvenilirliklerini ve sayg\u0131nl\u0131klar\u0131n\u0131 artt\u0131r\u0131r. B\u00f6ylelikle Romal\u0131lar\u2019da ulus bilinci geli\u015fir ve kazan\u0131lan sava\u015flar\u0131n, ele ge\u00e7irilen topraklar\u0131n ve tutsaklar\u0131n Roma ulusunu y\u00fcceltti\u011fi kan\u0131s\u0131 kendili\u011finden olu\u015fur. Bu kitap imparator Augustus\u2019tan (\u0130\u00d6 27-\u0130S 14) Erken H\u0131ristiyanl\u0131k D\u00f6nemi i\u00e7inde yer alan I. Theodosius (\u0130S 379-395) zaman\u0131n\u0131n sonuna kadar olan d\u00f6nemi kapsar. Ele al\u0131nan kabartmalarda imparatorlar\u0131n sava\u015flar\u0131, zafer alaylar\u0131, aileleri ve tanr\u0131lar ile birlikte ge\u00e7itlerde veya kurban rit\u00fcellerinde yer almalar\u0131, halka sesleni\u015fleri, fakirlere yard\u0131m etmeleri gibi sahneler kronolojik bir s\u0131ralama dahilinde de\u011ferlendirilmektedir. Ayn\u0131 zamanda bu sahnelerin izleyici \u00fczerinde b\u0131rakt\u0131\u011f\u0131 etkinin ve ama\u00e7lanan propagandan\u0131n yerini bulup bulmad\u0131\u011f\u0131 irdelenir. Roma kabartmalar\u0131n\u0131n en g\u00fc\u00e7l\u00fc yan\u0131, olaylar\u0131n heyecan\u0131n\u0131 izleyiciye ge\u00e7irebiliyor olmas\u0131nda gizlidir. Anlat\u0131ma, do\u011fru \u0131\u015f\u0131k-g\u00f6lge etkileri ile perspektif (derinlik hissi) katmak suretiyle bir de boya eklendi\u011finde, kabartmalar\u0131n o g\u00fcnk\u00fc izleyicisi gibi bu kitab\u0131n okuyucusu da adeta olaylar\u0131 birlikte ya\u015fayacakt\u0131r.<\/p>\n","protected":false},"excerpt":{"rendered":"<p>\u201cRoma Devlet Kabartmalar\u0131nda Propaganda ve \u2018Sanat\u2019\u2019\u2019 ba\u015fl\u0131\u011f\u0131n\u0131 ta\u015f\u0131yan bu kitapta, yap\u0131ld\u0131klar\u0131 d\u00f6nemdeki orijinal halleri ile bize ula\u015fan kabartmalar \u00fczerinden Roma devletinin propaganda g\u00fcc\u00fc ele al\u0131n\u0131r. \u0130deolojik<span class=\"excerpt-hellip\"> [\u2026]<\/span><\/p>\n","protected":false},"featured_media":0,"template":"","meta":{"_monsterinsights_skip_tracking":false,"_monsterinsights_sitenote_active":false,"_monsterinsights_sitenote_note":"","_monsterinsights_sitenote_category":0},"product_brand":[],"product_cat":[12408,14197],"product_tag":[],"class_list":{"0":"post-733475","1":"product","2":"type-product","3":"status-publish","5":"product_cat-sanat","6":"product_cat-sanat-tarihi","7":"pa_cilt-ciltsiz","8":"pa_tur-kitap","9":"pa_yayinevi-bilgin-kultur-sanat","10":"pa_yazar-serra-durugonul","12":"first","13":"instock","14":"sale","15":"shipping-taxable","16":"purchasable","17":"product-type-simple"},"_links":{"self":[{"href":"https:\/\/roveyayinevi.com.tr\/index.php\/wp-json\/wp\/v2\/product\/733475","targetHints":{"allow":["GET"]}}],"collection":[{"href":"https:\/\/roveyayinevi.com.tr\/index.php\/wp-json\/wp\/v2\/product"}],"about":[{"href":"https:\/\/roveyayinevi.com.tr\/index.php\/wp-json\/wp\/v2\/types\/product"}],"wp:attachment":[{"href":"https:\/\/roveyayinevi.com.tr\/index.php\/wp-json\/wp\/v2\/media?parent=733475"}],"wp:term":[{"taxonomy":"product_brand","embeddable":true,"href":"https:\/\/roveyayinevi.com.tr\/index.php\/wp-json\/wp\/v2\/product_brand?post=733475"},{"taxonomy":"product_cat","embeddable":true,"href":"https:\/\/roveyayinevi.com.tr\/index.php\/wp-json\/wp\/v2\/product_cat?post=733475"},{"taxonomy":"product_tag","embeddable":true,"href":"https:\/\/roveyayinevi.com.tr\/index.php\/wp-json\/wp\/v2\/product_tag?post=733475"}],"curies":[{"name":"wp","href":"https:\/\/api.w.org\/{rel}","templated":true}]}}