{"id":733474,"date":"2025-08-27T22:10:45","date_gmt":"2025-08-27T19:10:45","guid":{"rendered":"https:\/\/roveyayinevi.com.tr\/index.php\/urun\/ev-2\/"},"modified":"2026-04-16T02:41:29","modified_gmt":"2026-04-15T23:41:29","slug":"ev-2","status":"publish","type":"product","link":"https:\/\/roveyayinevi.com.tr\/index.php\/urun\/ev-2\/","title":{"rendered":"Ev"},"content":{"rendered":"<p>Ge\u00e7mi\u015ften mutlu bir \u00e2na s\u0131\u011f\u0131nacak olsan\u0131z hangisini se\u00e7erdiniz?\u0130spanyol sanat\u00e7\u0131 Paco Roca, 2020 Eisner \u00d6d\u00fcll\u00fc grafik roman\u0131 Ev&#8217;de \u00e7izgilerini bu kez aile ili\u015fkileri \u00fczerine konu\u015fturuyor; babalar\u0131n\u0131n \u00f6l\u00fcm\u00fcn\u00fcn ard\u0131ndan yeniden bir araya gelen \u00fc\u00e7 karde\u015fin ge\u00e7mi\u015fle hesapla\u015fmalar\u0131n\u0131 oda\u011f\u0131na al\u0131yor.     S\u0131radan bir ailenin pek de s\u0131radan olmayan tarihini, y\u00fcrekleri titretecek bir hik\u00e2ye e\u015fli\u011finde sunan kitap; zaman\u0131n ve ya\u015fam ko\u015fullar\u0131n\u0131n savurdu\u011fu hayatlara ayna tutuyor, insana dair \u201ctan\u0131d\u0131k\u201d s\u00f6ylemlerde bulunuyor.  Sepya tonlardaki resimleriyle film tad\u0131nda bir anlat\u0131 sergileyen Roca; ge\u00e7mi\u015fin g\u00f6lgelerine tak\u0131l\u0131 kalan \u00fc\u00e7 karde\u015fin hat\u0131ralar\u0131n\u0131 canland\u0131r\u0131yor, d\u00fcnyev\u00ee ko\u015fturmacalar y\u00fcz\u00fcnden d\u00fcn\u00fc unutup bug\u00fcn\u00fc ka\u00e7\u0131ranlar\u0131n yitirdikleri hakk\u0131nda d\u00fc\u015f\u00fcnd\u00fcr\u00fcyor.   Bir ev asla yaln\u0131zca bir \u201cev\u201d de\u011fildir. Evi yuva yapan, ailedir; sevgidir, emektir, birlikteliktir. Kendini bildi bileli \u00e7al\u0131\u015fan Antonio i\u00e7in yaz tatillerini ge\u00e7irdikleri o ev hi\u00e7bir zaman alelade bir \u00e7at\u0131 olmam\u0131\u015ft\u0131r. Her ta\u015f\u0131n\u0131n alt\u0131nda eme\u011fi bulunan, b\u00fcy\u00fck \u00f6zveriyle yoktan var etti\u011fi evi, gelecek d\u00fc\u015flerinin ve ebed\u00ee huzurunun en b\u00fcy\u00fck teminat\u0131d\u0131r. Evi, yeni k\u00f6kler salmak i\u00e7in farkl\u0131 yerlere g\u00f6\u00e7en \u00e7ocuklar\u0131n\u0131 tekrardan bir araya toplayabilmek i\u00e7in yeg\u00e2ne dayana\u011f\u0131d\u0131r. Antonio hayata g\u00f6zlerini yumana kadar da ev varl\u0131k nedenini s\u00fcrd\u00fcr\u00fcr. Babalar\u0131n\u0131n yas\u0131n\u0131 dahi tutamayan Jos\u00e9, Carla ve Vicente, bir y\u0131l\u0131n ard\u0131ndan sat\u0131l\u0131\u011fa \u00e7\u0131karma d\u00fc\u015f\u00fcncesiyle eve geri d\u00f6ner. Arkalar\u0131nda b\u0131rakt\u0131klar\u0131 hayatlar\u0131na belki de ilk kez \u00e7ocukluklar\u0131n\u0131n g\u00f6z\u00fcnden bakma f\u0131rsat\u0131 bulan karde\u015fler i\u00e7in karar \u00e2n\u0131d\u0131r. Oysa onlar\u0131 y\u0131llar sonra bulu\u015fturan ev, belki de anne babalar\u0131n\u0131n hayattayken kendilerine hissettirmeyi ba\u015faramad\u0131\u011f\u0131 de\u011ferli bir duyguyu, aile olman\u0131n \u00f6nemini yeniden hat\u0131rlamalar\u0131n\u0131 sa\u011flayacakt\u0131r.   Ebeveyn kayb\u0131, yas, an\u0131, haf\u0131za gibi konulara temas ederek aile ili\u015fkilerindeki \u00e7\u0131kmazlara e\u011filen Ev; ac\u0131 tatl\u0131 k\u0131rg\u0131nl\u0131klar\u0131n ve anla\u015fmazl\u0131klar\u0131n yuma\u011f\u0131ndaki \u00fc\u00e7 karde\u015fin g\u00f6z\u00fcnden, t\u00fcyleri diken diken eden, ger\u00e7ek\u00e7i bir anlat\u0131ya d\u00f6n\u00fc\u015f\u00fcyor. K\u0131r\u0131\u015f\u0131kl\u0131klar&#8217;dan tan\u0131d\u0131\u011f\u0131m\u0131z Paco Roca, d\u00fcnya \u00e7ap\u0131nda \u00f6vg\u00fc toplayan bu \u00f6d\u00fcll\u00fc grafik roman\u0131yla ya\u015famlar\u0131m\u0131z boyunca unutamad\u0131\u011f\u0131m\u0131z mutlu an\u0131lar\u0131m\u0131za nostaljik bir selam g\u00f6nderiyor; duvarlar\u0131 neyden \u00f6r\u00fcl\u00fcrse \u00f6r\u00fcls\u00fcn ad\u0131na ev denen yap\u0131n\u0131n ki\u015fisel tarihimiz \u00fczerinde oynad\u0131\u011f\u0131 \u00f6nemli rol\u00fc g\u00f6zler \u00f6n\u00fcne seriyor.   \u201cBug\u00fcne dek hep ileriye bakt\u0131m. Bug\u00fcnlerde ise ilk kez durup arkama bak\u0131yorum. Kariyer pe\u015finde ko\u015fturmaca, bana bir \u015fekilde utand\u0131\u011f\u0131m k\u00f6klerimden bir ka\u00e7\u0131\u015f gibi geliyor. Anl\u0131yor musun?\u201d<\/p>\n","protected":false},"excerpt":{"rendered":"<p>Ge\u00e7mi\u015ften mutlu bir \u00e2na s\u0131\u011f\u0131nacak olsan\u0131z hangisini se\u00e7erdiniz?\u0130spanyol sanat\u00e7\u0131 Paco Roca, 2020 Eisner \u00d6d\u00fcll\u00fc grafik roman\u0131 Ev&#8217;de \u00e7izgilerini bu kez aile ili\u015fkileri \u00fczerine konu\u015fturuyor; babalar\u0131n\u0131n \u00f6l\u00fcm\u00fcn\u00fcn<span class=\"excerpt-hellip\"> [\u2026]<\/span><\/p>\n","protected":false},"featured_media":0,"template":"","meta":{"_monsterinsights_skip_tracking":false,"_monsterinsights_sitenote_active":false,"_monsterinsights_sitenote_note":"","_monsterinsights_sitenote_category":0},"product_brand":[],"product_cat":[12275,12274],"product_tag":[],"class_list":{"0":"post-733474","1":"product","2":"type-product","3":"status-publish","5":"product_cat-6-12-yas-kitaplari","6":"product_cat-cocuk-ve-genclik-kitaplari","7":"pa_cilt-ciltsiz","8":"pa_tur-kitap","9":"pa_yayinevi-desen-yayinlari","10":"pa_yazar-paco-roca","12":"first","13":"instock","14":"sale","15":"shipping-taxable","16":"purchasable","17":"product-type-simple"},"_links":{"self":[{"href":"https:\/\/roveyayinevi.com.tr\/index.php\/wp-json\/wp\/v2\/product\/733474","targetHints":{"allow":["GET"]}}],"collection":[{"href":"https:\/\/roveyayinevi.com.tr\/index.php\/wp-json\/wp\/v2\/product"}],"about":[{"href":"https:\/\/roveyayinevi.com.tr\/index.php\/wp-json\/wp\/v2\/types\/product"}],"wp:attachment":[{"href":"https:\/\/roveyayinevi.com.tr\/index.php\/wp-json\/wp\/v2\/media?parent=733474"}],"wp:term":[{"taxonomy":"product_brand","embeddable":true,"href":"https:\/\/roveyayinevi.com.tr\/index.php\/wp-json\/wp\/v2\/product_brand?post=733474"},{"taxonomy":"product_cat","embeddable":true,"href":"https:\/\/roveyayinevi.com.tr\/index.php\/wp-json\/wp\/v2\/product_cat?post=733474"},{"taxonomy":"product_tag","embeddable":true,"href":"https:\/\/roveyayinevi.com.tr\/index.php\/wp-json\/wp\/v2\/product_tag?post=733474"}],"curies":[{"name":"wp","href":"https:\/\/api.w.org\/{rel}","templated":true}]}}