{"id":733470,"date":"2025-08-27T22:10:40","date_gmt":"2025-08-27T19:10:40","guid":{"rendered":"https:\/\/roveyayinevi.com.tr\/index.php\/urun\/buyuk-yilan\/"},"modified":"2026-04-11T14:01:27","modified_gmt":"2026-04-11T11:01:27","slug":"buyuk-yilan","status":"publish","type":"product","link":"https:\/\/roveyayinevi.com.tr\/index.php\/urun\/buyuk-yilan\/","title":{"rendered":"B\u00fcy\u00fck Y\u0131lan"},"content":{"rendered":"<p>Bir sabah hafif bir sars\u0131nt\u0131yla uyanan ku\u0308\u00e7u\u0308k bir \u00e7ocuk, yast\u0131\u011f\u0131n\u0131n alt\u0131nda bir y\u0131lan\u0131n kuyru\u011funun ucunu g\u00f6rdu\u0308. K\u0131vr\u0131mlar\u0131 koridora kadar takip edince y\u0131lan\u0131n devasa bedeniyle kar\u015f\u0131la\u015ft\u0131. O kadar hareketsizdi ki uyuyormu\u015f gibi g\u00f6ru\u0308nu\u0308yordu. Onu kuvvetlice \u00e7imdikledi. O anda uzaklardan derin bir \u00e7\u0131\u011fl\u0131k duydu. Korkusunu yenmek, merak\u0131n\u0131 gidermek i\u00e7in bu uzun, k\u0131vr\u0131ml\u0131 bedeni bah\u00e7ede, \u015fehrin sokaklar\u0131nda, ormanda ve ma\u011farada takip etmeye karar verdi.\u00d6du\u0308llu\u0308 \u00e7izer Adrien Parlange\u2019\u0131n yazd\u0131\u011f\u0131 ve resimledi\u011fi Bu\u0308yu\u0308k Y\u0131lan, birbirinden tamamen farkl\u0131, birbirini se\u00e7en ve ba\u011f kurmaya karar veren iki varl\u0131\u011f\u0131n dost\u00e7a ve s\u0131ra d\u0131\u015f\u0131 kar\u015f\u0131la\u015fmas\u0131n\u0131 anlat\u0131yor.<\/p>\n","protected":false},"excerpt":{"rendered":"<p>Bir sabah hafif bir sars\u0131nt\u0131yla uyanan ku\u0308\u00e7u\u0308k bir \u00e7ocuk, yast\u0131\u011f\u0131n\u0131n alt\u0131nda bir y\u0131lan\u0131n kuyru\u011funun ucunu g\u00f6rdu\u0308. K\u0131vr\u0131mlar\u0131 koridora kadar takip edince y\u0131lan\u0131n devasa bedeniyle kar\u015f\u0131la\u015ft\u0131. O<span class=\"excerpt-hellip\"> [\u2026]<\/span><\/p>\n","protected":false},"featured_media":0,"template":"","meta":{"_monsterinsights_skip_tracking":false,"_monsterinsights_sitenote_active":false,"_monsterinsights_sitenote_note":"","_monsterinsights_sitenote_category":0},"product_brand":[],"product_cat":[12274,12284],"product_tag":[],"class_list":{"0":"post-733470","1":"product","2":"type-product","3":"status-publish","5":"product_cat-cocuk-ve-genclik-kitaplari","6":"product_cat-hikayeler","7":"pa_cilt-ciltsiz","8":"pa_tur-kitap","9":"pa_yayinevi-koc-universitesi-yayinlari","10":"pa_yazar-adrien-parlange","12":"first","13":"instock","14":"sale","15":"shipping-taxable","16":"purchasable","17":"product-type-simple"},"_links":{"self":[{"href":"https:\/\/roveyayinevi.com.tr\/index.php\/wp-json\/wp\/v2\/product\/733470","targetHints":{"allow":["GET"]}}],"collection":[{"href":"https:\/\/roveyayinevi.com.tr\/index.php\/wp-json\/wp\/v2\/product"}],"about":[{"href":"https:\/\/roveyayinevi.com.tr\/index.php\/wp-json\/wp\/v2\/types\/product"}],"wp:attachment":[{"href":"https:\/\/roveyayinevi.com.tr\/index.php\/wp-json\/wp\/v2\/media?parent=733470"}],"wp:term":[{"taxonomy":"product_brand","embeddable":true,"href":"https:\/\/roveyayinevi.com.tr\/index.php\/wp-json\/wp\/v2\/product_brand?post=733470"},{"taxonomy":"product_cat","embeddable":true,"href":"https:\/\/roveyayinevi.com.tr\/index.php\/wp-json\/wp\/v2\/product_cat?post=733470"},{"taxonomy":"product_tag","embeddable":true,"href":"https:\/\/roveyayinevi.com.tr\/index.php\/wp-json\/wp\/v2\/product_tag?post=733470"}],"curies":[{"name":"wp","href":"https:\/\/api.w.org\/{rel}","templated":true}]}}