{"id":733469,"date":"2025-08-27T22:10:39","date_gmt":"2025-08-27T19:10:39","guid":{"rendered":"https:\/\/roveyayinevi.com.tr\/index.php\/urun\/eski-turk-demokrasisi-garp-membalarina-gore\/"},"modified":"2026-04-16T02:41:29","modified_gmt":"2026-04-15T23:41:29","slug":"eski-turk-demokrasisi-garp-membalarina-gore","status":"publish","type":"product","link":"https:\/\/roveyayinevi.com.tr\/index.php\/urun\/eski-turk-demokrasisi-garp-membalarina-gore\/","title":{"rendered":"Eski T\u00fcrk Demokrasisi &#8211; Garp Membalar\u0131na G\u00f6re"},"content":{"rendered":"<p>\u201cDemokrasi denilen \u015fey bir T\u00fcrk icad\u0131d\u0131r ve bundan be\u015f bin sene evvel tatbik edilmi\u015ftir. Hem bunu T\u00fcrkl\u00fc\u011f\u00fcn yaln\u0131z S\u00fcmer koluna m\u00fcnhas\u0131r zannetmemelidir. Bu bir \u0131rk\u00ee hususiyet oldu\u011fu i\u00e7in, yukar\u0131da da s\u00f6yledi\u011fimiz gibi \u0130slamiyet\u2019ten evvel Orta Asya\u2019da kurulmu\u015f g\u00f6\u00e7ebe T\u00fcrk devletlerinde bile muhtelif tez\u00e2h\u00fcrleri vard\u0131r. Mesela Hakan, bir millet m\u00fcmessilinden ba\u015fka bir \u015fey de\u011fildir. \u2026 Demokraside devlet reisli\u011fi ba\u015fka, h\u00fck\u00fcmet ba\u015fkad\u0131r. Devleti idare eden devlet reisi de\u011fil, h\u00fck\u00fcmettir; eski T\u00fcrkiye\u2019de de bu vaziyet aynen b\u00f6yledir.\u201d\u0130smail Hami Dani\u015fmend T\u00fcrk tarih\u00e7ili\u011finin \u00f6nde gelenlerinden olan \u0130smail Hami Dani\u015fmend\u2019in, T\u00fcrklerde demokrasi anlay\u0131\u015f\u0131n\u0131n eski d\u00f6nemlerden bu yana mevcut oldu\u011funu Bat\u0131l\u0131 kaynaklara dayanarak kan\u0131tlamaya \u00e7al\u0131\u015ft\u0131\u011f\u0131 bu eseri, fikir \u00e7e\u015fitlili\u011fimize renk katacak bir eser olmas\u0131 hasebiyle dikkate de\u011ferdir. T\u00fcrk tarih\u00e7ili\u011finin en pop\u00fcler isimlerinden olan \u0130smail Hami Dani\u015fmend\u2019in Bat\u0131l\u0131 kaynaklar\u0131 referans olarak kulland\u0131\u011f\u0131 eserler serisinin k\u0131ymetli bir par\u00e7as\u0131 olan Garp Membalar\u0131na G\u00f6re Eski T\u00fcrk Demokrasisi \u0130smail Hami Dani\u015fmend kitapl\u0131\u011f\u0131n\u0131n nadide par\u00e7alar\u0131ndan biri olarak okurlar\u0131n dikkatine sunulmu\u015ftur.<\/p>\n","protected":false},"excerpt":{"rendered":"<p>\u201cDemokrasi denilen \u015fey bir T\u00fcrk icad\u0131d\u0131r ve bundan be\u015f bin sene evvel tatbik edilmi\u015ftir. Hem bunu T\u00fcrkl\u00fc\u011f\u00fcn yaln\u0131z S\u00fcmer koluna m\u00fcnhas\u0131r zannetmemelidir. Bu bir \u0131rk\u00ee hususiyet<span class=\"excerpt-hellip\"> [\u2026]<\/span><\/p>\n","protected":false},"featured_media":0,"template":"","meta":{"_monsterinsights_skip_tracking":false,"_monsterinsights_sitenote_active":false,"_monsterinsights_sitenote_note":"","_monsterinsights_sitenote_category":0},"product_brand":[],"product_cat":[12370,12304],"product_tag":[],"class_list":{"0":"post-733469","1":"product","2":"type-product","3":"status-publish","5":"product_cat-arastirma-inceleme","6":"product_cat-tarih","7":"pa_cilt-ciltsiz","8":"pa_tur-kitap","9":"pa_yayinevi-otuken-nesriyat","10":"pa_yazar-ismail-hami-danismend","12":"first","13":"instock","14":"sale","15":"shipping-taxable","16":"purchasable","17":"product-type-simple"},"_links":{"self":[{"href":"https:\/\/roveyayinevi.com.tr\/index.php\/wp-json\/wp\/v2\/product\/733469","targetHints":{"allow":["GET"]}}],"collection":[{"href":"https:\/\/roveyayinevi.com.tr\/index.php\/wp-json\/wp\/v2\/product"}],"about":[{"href":"https:\/\/roveyayinevi.com.tr\/index.php\/wp-json\/wp\/v2\/types\/product"}],"wp:attachment":[{"href":"https:\/\/roveyayinevi.com.tr\/index.php\/wp-json\/wp\/v2\/media?parent=733469"}],"wp:term":[{"taxonomy":"product_brand","embeddable":true,"href":"https:\/\/roveyayinevi.com.tr\/index.php\/wp-json\/wp\/v2\/product_brand?post=733469"},{"taxonomy":"product_cat","embeddable":true,"href":"https:\/\/roveyayinevi.com.tr\/index.php\/wp-json\/wp\/v2\/product_cat?post=733469"},{"taxonomy":"product_tag","embeddable":true,"href":"https:\/\/roveyayinevi.com.tr\/index.php\/wp-json\/wp\/v2\/product_tag?post=733469"}],"curies":[{"name":"wp","href":"https:\/\/api.w.org\/{rel}","templated":true}]}}