{"id":733468,"date":"2025-08-27T22:10:38","date_gmt":"2025-08-27T19:10:38","guid":{"rendered":"https:\/\/roveyayinevi.com.tr\/index.php\/urun\/on-birinci-takas\/"},"modified":"2026-04-16T02:41:29","modified_gmt":"2026-04-15T23:41:29","slug":"on-birinci-takas","status":"publish","type":"product","link":"https:\/\/roveyayinevi.com.tr\/index.php\/urun\/on-birinci-takas\/","title":{"rendered":"On Birinci Takas"},"content":{"rendered":"<p>Sami\u2019yle tan\u0131\u015f\u0131n! On iki ya\u015f\u0131nda Afganistanl\u0131 bir m\u00fclteci olan Sami, yeni evinde arkada\u015fl\u0131\u011f\u0131, bar\u0131\u015f\u0131 ve b\u00fcy\u00fckbabas\u0131n\u0131n en \u00f6nemli hazinesini ar\u0131yor.Taliban\u2019\u0131n d\u00fczenledi\u011fi bir sald\u0131r\u0131da ailesini kaybeden Sami ve b\u00fcy\u00fckbabas\u0131 Amerika\u2019ya m\u00fclteci olarak yerle\u015firler. Afganistan\u2019da \u00fcnl\u00fc bir m\u00fczisyen olan baba, art\u0131k geleneksel Afgan \u00e7alg\u0131s\u0131 rebab\u0131 Boston\u2019daki tren istasyonunda \u00e7alarak para kazanmaktad\u0131r. Ramazan\u0131n ilk g\u00fcn\u00fc rebab\u0131n \u00e7al\u0131nmas\u0131yla Sami ve b\u00fcy\u00fckbabas\u0131 y\u0131k\u0131l\u0131rlar \u00e7\u00fcnk\u00fc evlerini hat\u0131rlatan tek \u015fey ellerinden al\u0131nm\u0131\u015ft\u0131r. Sami rebab\u0131 bulmaya ve Ramazan Bayram\u0131&#8217;nda b\u00fcy\u00fckbabas\u0131na hediye etmeye kararl\u0131d\u0131r. Bir m\u00fczik aletleri d\u00fckk\u00e2n\u0131nda rebab\u0131n 700 dolara sat\u0131ld\u0131\u011f\u0131n\u0131 g\u00f6ren Sami, o paray\u0131 kazanabilmek i\u00e7in sahip oldu\u011fu az say\u0131daki e\u015fyay\u0131 takas etmeye ba\u015flar&#8230; <\/p>\n","protected":false},"excerpt":{"rendered":"<p>Sami\u2019yle tan\u0131\u015f\u0131n! On iki ya\u015f\u0131nda Afganistanl\u0131 bir m\u00fclteci olan Sami, yeni evinde arkada\u015fl\u0131\u011f\u0131, bar\u0131\u015f\u0131 ve b\u00fcy\u00fckbabas\u0131n\u0131n en \u00f6nemli hazinesini ar\u0131yor.Taliban\u2019\u0131n d\u00fczenledi\u011fi bir sald\u0131r\u0131da ailesini kaybeden Sami<span class=\"excerpt-hellip\"> [\u2026]<\/span><\/p>\n","protected":false},"featured_media":0,"template":"","meta":{"_monsterinsights_skip_tracking":false,"_monsterinsights_sitenote_active":false,"_monsterinsights_sitenote_note":"","_monsterinsights_sitenote_category":0},"product_brand":[],"product_cat":[12275,12274],"product_tag":[],"class_list":{"0":"post-733468","1":"product","2":"type-product","3":"status-publish","5":"product_cat-6-12-yas-kitaplari","6":"product_cat-cocuk-ve-genclik-kitaplari","7":"pa_cilt-ciltsiz","8":"pa_tur-kitap","9":"pa_yayinevi-beyaz-balina-yayinlari","10":"pa_yazar-alyssa-hollingsworth","12":"first","13":"instock","14":"sale","15":"shipping-taxable","16":"purchasable","17":"product-type-simple"},"_links":{"self":[{"href":"https:\/\/roveyayinevi.com.tr\/index.php\/wp-json\/wp\/v2\/product\/733468","targetHints":{"allow":["GET"]}}],"collection":[{"href":"https:\/\/roveyayinevi.com.tr\/index.php\/wp-json\/wp\/v2\/product"}],"about":[{"href":"https:\/\/roveyayinevi.com.tr\/index.php\/wp-json\/wp\/v2\/types\/product"}],"wp:attachment":[{"href":"https:\/\/roveyayinevi.com.tr\/index.php\/wp-json\/wp\/v2\/media?parent=733468"}],"wp:term":[{"taxonomy":"product_brand","embeddable":true,"href":"https:\/\/roveyayinevi.com.tr\/index.php\/wp-json\/wp\/v2\/product_brand?post=733468"},{"taxonomy":"product_cat","embeddable":true,"href":"https:\/\/roveyayinevi.com.tr\/index.php\/wp-json\/wp\/v2\/product_cat?post=733468"},{"taxonomy":"product_tag","embeddable":true,"href":"https:\/\/roveyayinevi.com.tr\/index.php\/wp-json\/wp\/v2\/product_tag?post=733468"}],"curies":[{"name":"wp","href":"https:\/\/api.w.org\/{rel}","templated":true}]}}