{"id":733467,"date":"2025-08-27T22:10:37","date_gmt":"2025-08-27T19:10:37","guid":{"rendered":"https:\/\/roveyayinevi.com.tr\/index.php\/urun\/biyocesitlilik\/"},"modified":"2026-04-16T02:41:29","modified_gmt":"2026-04-15T23:41:29","slug":"biyocesitlilik","status":"publish","type":"product","link":"https:\/\/roveyayinevi.com.tr\/index.php\/urun\/biyocesitlilik\/","title":{"rendered":"Biyo\u00e7e\u015fitlilik"},"content":{"rendered":"<p>Yirminci y\u00fczy\u0131l\u0131n ba\u015f\u0131nda iki binden fazla armut \u00e7e\u015fidi yeti\u015ftirilirken, bug\u00fcn manav tezgahlar\u0131ndaki armutlar\u0131n %96\u2019s\u0131n\u0131 yaln\u0131zca iki \u00e7e\u015fit olu\u015fturuyor. T\u0131pk\u0131 binden fazla \u00e7e\u015fide sahip patatesin yerini d\u00f6rt tanesinin almas\u0131 gibi.   S\u00fct makinas\u0131 olarak alg\u0131lanan Hollandal\u0131 Friesian ine\u011fini yeti\u015ftirmek i\u00e7in kurban edilen di\u011fer t\u00fcm inekler de armut ve patateslerle ayn\u0131 ak\u0131beti payla\u015f\u0131yor.   \u201cVerimlilik\u201d ad\u0131 verilen d\u00fc\u015f\u00fcnce bi\u00e7imi, g\u0131da \u00fcretiminde odaklan\u0131lan biricik kavram olmaya devam ederse domates, m\u0131s\u0131r, \u00e7ilek ve daha nicesi ayn\u0131 kaderi payla\u015fmaya mahk\u00fbm olacak, hatta \u00e7oktan oldu bile.   Bitkiler \u00fczerine yapt\u0131\u011f\u0131 ola\u011fan\u00fcst\u00fc \u00e7al\u0131\u015fmalarla ad\u0131n\u0131 duyuran botanik\u00e7i bilim insan\u0131 Mancuso ile \u201cSlow Food\u201d ve \u201cTerra Madre\u201d olu\u015fumlar\u0131n\u0131n fikir babas\u0131, gazeteci-yazar ve aktivist Petrini, iki \u0130talyan, biyo\u00e7e\u015fitlili\u011fi iki farkl\u0131 bak\u0131\u015f a\u00e7\u0131s\u0131ndan ve ola\u011fan\u00fcst\u00fc bir sezgiyle g\u00fcndeme ta\u015f\u0131yorlar.   Yoksulla\u015f\u0131yoruz. D\u00fcnya\u2019n\u0131n kaderini kendine dert edinmi\u015f insanlar\u0131n zihinlerini harekete ge\u00e7iren Mancuso ile Petrini art\u0131k gelecekte de\u011fil g\u00fcndelik hayat\u0131m\u0131zda kar\u015f\u0131 kar\u015f\u0131ya kald\u0131\u011f\u0131m\u0131z yoksullu\u011fu tersine \u00e7evirmeye \u00e7abal\u0131yorlar. Okuru, bir ilham kayna\u011f\u0131 olarak do\u011faya bakmaya davet ediyorlar. Bitkilerin kapasitesine a\u00e7\u0131k zihinle ve sevgi dolu bir y\u00fcrekle bakmay\u0131 becerebilirsek, insanl\u0131\u011f\u0131n \u00f6n\u00fcne yeni bir ya\u015fam bi\u00e7imi serilebilir. Biyo\u00e7e\u015fitlilik bitkisinden hayvan\u0131na, gezegenin yeniden kazanmak zorunda oldu\u011fu bir zenginlik\u2026 Yeter ki insanl\u0131k, ger\u00e7ek zenginli\u011fin bu oldu\u011funa ikna olsun.   Carlo Petrini   Slow Food Derne\u011finin ve ak\u0131m\u0131n\u0131n kurucusu, yazar, gastronom, sosyolog ve aktivist. Roma\u2019da bir McDonalds\u2019\u0131n a\u00e7\u0131l\u0131\u015f\u0131na tepki olarak ba\u015flayan Slow Food ak\u0131m\u0131n\u0131n h\u00e2lihaz\u0131rda 80 binden fazla destek\u00e7isi bulunuyor. T\u00fcrk\u00e7eye de \u00e7evrilen Terra Madre adl\u0131 eserin yazar\u0131 olan Petrini, tar\u0131msal g\u0131da end\u00fcstrisine kar\u015f\u0131 sade, s\u00fcrd\u00fcr\u00fclebilir ve ekolojik tar\u0131m uygulamalar\u0131n\u0131 destekler. \u0130ngiliz Guardian gazetesi onu gezegeni kurtaracak olan 50 ki\u015fi aras\u0131nda g\u00f6steriyor.   Stefano Mancuso   Botanik\u00e7i, akademisyen ve deneme yazar\u0131. 2001\u2019den bu yana Floransa \u00dcniversitesinde profes\u00f6r olarak g\u00f6rev alan Mancuso; a\u011fa\u00e7 yeti\u015ftiricili\u011fi, bitki etolojisi ve n\u00f6robiyolojisi alan\u0131nda \u00e7al\u0131\u015fmalar yap\u0131yor. Floransa\u2019daki Uluslararas\u0131 Bitki N\u00f6robiyolojisi Laboratuvar\u0131n\u0131n (LINV) y\u00f6neticisi ve Uluslararas\u0131 Bitki Sinyalizasyon ve Davran\u0131\u015f Toplulu\u011fu\u2019nun kurucusudur. Kaleme ald\u0131\u011f\u0131 Bitki Zekas\u0131 ve Bitki Devrimi kitaplar\u0131, \u00e7e\u015fitli dillere \u00e7evrilmi\u015f ve yay\u0131nland\u0131\u011f\u0131 \u00fclkelerde ses getirmi\u015ftir. La Repubblica gazetesi onu hayatlar\u0131m\u0131z\u0131 de\u011fi\u015ftirecek yirmi ki\u015fi aras\u0131nda g\u00f6steriyor.   Fatmag\u00fcl Ezici   1985\u2019te Adana\u2019da do\u011fdu. Tarsus Amerikan Koleji, Kaliforniya Rio Mesa High School ve Bilkent \u00dcniversitesi M\u00fctercim-Terc\u00fcmanl\u0131k B\u00f6l\u00fcm\u00fcnden mezun oldu. \u0130stanbul\u2019da \u00e7ok uluslu \u015firketlerde ve farkl\u0131 projelerde \u0130ngilizce, \u0130spanyolca, Frans\u0131zca ve \u0130talyanca dillerinde \u00e7evirmen olarak \u00e7al\u0131\u015ft\u0131. Farkl\u0131 dillerden toplamda 23 eser \u00e7evirmi\u015f, bunlardan birini \u0130ngilizce diline kazand\u0131rm\u0131\u015ft\u0131r. <\/p>\n","protected":false},"excerpt":{"rendered":"<p>Yirminci y\u00fczy\u0131l\u0131n ba\u015f\u0131nda iki binden fazla armut \u00e7e\u015fidi yeti\u015ftirilirken, bug\u00fcn manav tezgahlar\u0131ndaki armutlar\u0131n %96\u2019s\u0131n\u0131 yaln\u0131zca iki \u00e7e\u015fit olu\u015fturuyor. T\u0131pk\u0131 binden fazla \u00e7e\u015fide sahip patatesin yerini d\u00f6rt<span class=\"excerpt-hellip\"> [\u2026]<\/span><\/p>\n","protected":false},"featured_media":0,"template":"","meta":{"_monsterinsights_skip_tracking":false,"_monsterinsights_sitenote_active":false,"_monsterinsights_sitenote_note":"","_monsterinsights_sitenote_category":0},"product_brand":[],"product_cat":[23323,12364],"product_tag":[],"class_list":{"0":"post-733467","1":"product","2":"type-product","3":"status-publish","5":"product_cat-ekoloji","6":"product_cat-genel-konular","7":"pa_cilt-ciltsiz","8":"pa_tur-kitap","9":"pa_yayinevi-yeni-insan-yayinlari","10":"pa_yazar-carlo-petrini-stefano-mancuso","12":"first","13":"instock","14":"sale","15":"shipping-taxable","16":"purchasable","17":"product-type-simple"},"_links":{"self":[{"href":"https:\/\/roveyayinevi.com.tr\/index.php\/wp-json\/wp\/v2\/product\/733467","targetHints":{"allow":["GET"]}}],"collection":[{"href":"https:\/\/roveyayinevi.com.tr\/index.php\/wp-json\/wp\/v2\/product"}],"about":[{"href":"https:\/\/roveyayinevi.com.tr\/index.php\/wp-json\/wp\/v2\/types\/product"}],"wp:attachment":[{"href":"https:\/\/roveyayinevi.com.tr\/index.php\/wp-json\/wp\/v2\/media?parent=733467"}],"wp:term":[{"taxonomy":"product_brand","embeddable":true,"href":"https:\/\/roveyayinevi.com.tr\/index.php\/wp-json\/wp\/v2\/product_brand?post=733467"},{"taxonomy":"product_cat","embeddable":true,"href":"https:\/\/roveyayinevi.com.tr\/index.php\/wp-json\/wp\/v2\/product_cat?post=733467"},{"taxonomy":"product_tag","embeddable":true,"href":"https:\/\/roveyayinevi.com.tr\/index.php\/wp-json\/wp\/v2\/product_tag?post=733467"}],"curies":[{"name":"wp","href":"https:\/\/api.w.org\/{rel}","templated":true}]}}